{"id":6184,"date":"2020-07-31T09:44:40","date_gmt":"2020-07-31T11:44:40","guid":{"rendered":"https:\/\/www.specagra.ee.nemokamossvetaines.hostingas.lt\/?post_type=product&#038;p=6184"},"modified":"2024-07-26T08:51:16","modified_gmt":"2024-07-26T10:51:16","slug":"sviestmuse-milky-fj-10","status":"publish","type":"product","link":"https:\/\/specagra.ee\/?product=sviestmuse-milky-fj-10","title":{"rendered":"Sviestmu\u0161\u0117 MILKY FJ 10"},"content":{"rendered":"<p>Bendrosios savyb\u0117s:<\/p>\n<ul>\n<li>Tai ma\u017ea ir patogi sviestmu\u0161\u0117, kurios d\u0117ka labai palengvinamas darbas nam\u0173 \u016bkiuose.<\/li>\n<li>Visos dalys, besilie\u010dian\u010dios su grietin\u0117le yra pagamintos i\u0161 ner\u016bdijan\u010dio plieno, tod\u0117l labai paprasta j\u0105 valyti.<\/li>\n<li>10 litr\u0173 talpos rezervuaras <strong>(u\u017epildymas nuo 1,5 l iki 3,8 l)<\/strong><\/li>\n<li>Sviestmu\u0161\u0117s darbas gali b\u016bti lengvai stebimas per didel\u012f skaidr\u0173 jos dangt\u012f.<\/li>\n<li>Keleto pakop\u0173 valdymas leid\u017eia sul\u0117tinti arba pagreitinti sviestmu\u0161\u0117s darb\u0105.<\/li>\n<li>Baigus darb\u0105, sviestmu\u0161\u0117 lengvai i\u0161tu\u0161tinama per i\u0161leidimo \u010diaup\u0105.<\/li>\n<li>I\u0161eiga 32%-42% sviesto.<\/li>\n<li>550W, 230V.<\/li>\n<\/ul>\n","protected":false},"excerpt":{"rendered":"<p>Bendrosios savyb\u0117s: Tai ma\u017ea ir patogi sviestmu\u0161\u0117, kurios d\u0117ka labai palengvinamas darbas nam\u0173 \u016bkiuose. Visos dalys, besilie\u010dian\u010dios su grietin\u0117le yra pagamintos i\u0161 ner\u016bdijan\u010dio plieno, tod\u0117l labai paprasta j\u0105 valyti. 10 litr\u0173 talpos rezervuaras (u\u017epildymas nuo 1,5 l iki 3,8 l) Sviestmu\u0161\u0117s darbas gali b\u016bti lengvai stebimas per didel\u012f skaidr\u0173 jos dangt\u012f. Keleto pakop\u0173 valdymas leid\u017eia [&hellip;]<\/p>\n","protected":false},"featured_media":21397,"template":"","meta":{"_et_pb_use_builder":"","_et_pb_old_content":"","_et_gb_content_width":""},"product_brand":[],"product_cat":[190],"product_tag":[],"class_list":{"0":"post-6184","1":"product","2":"type-product","3":"status-publish","4":"has-post-thumbnail","6":"product_cat-voimasinad","8":"first","9":"instock","10":"shipping-taxable","11":"product-type-simple"},"yoast_head":"<!-- This site is optimized with the Yoast SEO plugin v26.4 - https:\/\/yoast.com\/wordpress\/plugins\/seo\/ -->\n<title>Sviestmu\u0161\u0117 MILKY FJ 10 - Specagra<\/title>\n<meta name=\"robots\" content=\"index, follow, max-snippet:-1, max-image-preview:large, max-video-preview:-1\" \/>\n<link rel=\"canonical\" href=\"https:\/\/specagra.ee\/?product=sviestmuse-milky-fj-10\" \/>\n<meta property=\"og:locale\" content=\"et_EE\" \/>\n<meta property=\"og:type\" content=\"article\" \/>\n<meta property=\"og:title\" content=\"Sviestmu\u0161\u0117 MILKY FJ 10 - Specagra\" \/>\n<meta property=\"og:description\" content=\"Bendrosios savyb\u0117s: Tai ma\u017ea ir patogi sviestmu\u0161\u0117, kurios d\u0117ka labai palengvinamas darbas nam\u0173 \u016bkiuose. Visos dalys, besilie\u010dian\u010dios su grietin\u0117le yra pagamintos i\u0161 ner\u016bdijan\u010dio plieno, tod\u0117l labai paprasta j\u0105 valyti. 10 litr\u0173 talpos rezervuaras (u\u017epildymas nuo 1,5 l iki 3,8 l) Sviestmu\u0161\u0117s darbas gali b\u016bti lengvai stebimas per didel\u012f skaidr\u0173 jos dangt\u012f. Keleto pakop\u0173 valdymas leid\u017eia [&hellip;]\" \/>\n<meta property=\"og:url\" content=\"https:\/\/specagra.ee\/?product=sviestmuse-milky-fj-10\" \/>\n<meta property=\"og:site_name\" content=\"Specagra\" \/>\n<meta property=\"article:modified_time\" content=\"2024-07-26T10:51:16+00:00\" \/>\n<meta property=\"og:image\" content=\"https:\/\/specagra.ee\/wp-content\/uploads\/2020\/07\/Untitled-design-10.jpg\" \/>\n\t<meta property=\"og:image:width\" content=\"800\" \/>\n\t<meta property=\"og:image:height\" content=\"800\" \/>\n\t<meta property=\"og:image:type\" content=\"image\/jpeg\" \/>\n<meta name=\"twitter:card\" content=\"summary_large_image\" \/>\n<meta name=\"twitter:label1\" content=\"Est. reading time\" \/>\n\t<meta name=\"twitter:data1\" content=\"1 minut\" \/>\n<script type=\"application\/ld+json\" class=\"yoast-schema-graph\">{\"@context\":\"https:\/\/schema.org\",\"@graph\":[{\"@type\":\"WebPage\",\"@id\":\"https:\/\/specagra.ee\/?product=sviestmuse-milky-fj-10\",\"url\":\"https:\/\/specagra.ee\/?product=sviestmuse-milky-fj-10\",\"name\":\"Sviestmu\u0161\u0117 MILKY FJ 10 - Specagra\",\"isPartOf\":{\"@id\":\"https:\/\/specagra.ee\/#website\"},\"primaryImageOfPage\":{\"@id\":\"https:\/\/specagra.ee\/?product=sviestmuse-milky-fj-10#primaryimage\"},\"image\":{\"@id\":\"https:\/\/specagra.ee\/?product=sviestmuse-milky-fj-10#primaryimage\"},\"thumbnailUrl\":\"https:\/\/specagra.ee\/wp-content\/uploads\/2020\/07\/Untitled-design-10.jpg\",\"datePublished\":\"2020-07-31T11:44:40+00:00\",\"dateModified\":\"2024-07-26T10:51:16+00:00\",\"breadcrumb\":{\"@id\":\"https:\/\/specagra.ee\/?product=sviestmuse-milky-fj-10#breadcrumb\"},\"inLanguage\":\"et\",\"potentialAction\":[{\"@type\":\"ReadAction\",\"target\":[\"https:\/\/specagra.ee\/?product=sviestmuse-milky-fj-10\"]}]},{\"@type\":\"ImageObject\",\"inLanguage\":\"et\",\"@id\":\"https:\/\/specagra.ee\/?product=sviestmuse-milky-fj-10#primaryimage\",\"url\":\"https:\/\/specagra.ee\/wp-content\/uploads\/2020\/07\/Untitled-design-10.jpg\",\"contentUrl\":\"https:\/\/specagra.ee\/wp-content\/uploads\/2020\/07\/Untitled-design-10.jpg\",\"width\":800,\"height\":800},{\"@type\":\"BreadcrumbList\",\"@id\":\"https:\/\/specagra.ee\/?product=sviestmuse-milky-fj-10#breadcrumb\",\"itemListElement\":[{\"@type\":\"ListItem\",\"position\":1,\"name\":\"Home\",\"item\":\"https:\/\/www.specagra.ee\/\"},{\"@type\":\"ListItem\",\"position\":2,\"name\":\"P\u00f5llumajandustehnika ja loomakasvatus\",\"item\":\"https:\/\/specagra.ee\/?page_id=18493\"},{\"@type\":\"ListItem\",\"position\":3,\"name\":\"Sviestmu\u0161\u0117 MILKY FJ 10\"}]},{\"@type\":\"WebSite\",\"@id\":\"https:\/\/specagra.ee\/#website\",\"url\":\"https:\/\/specagra.ee\/\",\"name\":\"Specagra\",\"description\":\"P\u00f5llumajandustehnika ja varuosad\",\"publisher\":{\"@id\":\"https:\/\/specagra.ee\/#organization\"},\"potentialAction\":[{\"@type\":\"SearchAction\",\"target\":{\"@type\":\"EntryPoint\",\"urlTemplate\":\"https:\/\/specagra.ee\/?s={search_term_string}\"},\"query-input\":{\"@type\":\"PropertyValueSpecification\",\"valueRequired\":true,\"valueName\":\"search_term_string\"}}],\"inLanguage\":\"et\"},{\"@type\":\"Organization\",\"@id\":\"https:\/\/specagra.ee\/#organization\",\"name\":\"UAB Specagra\",\"url\":\"https:\/\/specagra.ee\/\",\"logo\":{\"@type\":\"ImageObject\",\"inLanguage\":\"et\",\"@id\":\"https:\/\/specagra.ee\/#\/schema\/logo\/image\/\",\"url\":\"http:\/\/www.specagra.ee\/wp-content\/uploads\/2022\/02\/SP-logo_naujas-scaled.jpg\",\"contentUrl\":\"http:\/\/www.specagra.ee\/wp-content\/uploads\/2022\/02\/SP-logo_naujas-scaled.jpg\",\"width\":2560,\"height\":326,\"caption\":\"UAB Specagra\"},\"image\":{\"@id\":\"https:\/\/specagra.ee\/#\/schema\/logo\/image\/\"}}]}<\/script>\n<!-- \/ Yoast SEO plugin. -->","yoast_head_json":{"title":"Sviestmu\u0161\u0117 MILKY FJ 10 - Specagra","robots":{"index":"index","follow":"follow","max-snippet":"max-snippet:-1","max-image-preview":"max-image-preview:large","max-video-preview":"max-video-preview:-1"},"canonical":"https:\/\/specagra.ee\/?product=sviestmuse-milky-fj-10","og_locale":"et_EE","og_type":"article","og_title":"Sviestmu\u0161\u0117 MILKY FJ 10 - Specagra","og_description":"Bendrosios savyb\u0117s: Tai ma\u017ea ir patogi sviestmu\u0161\u0117, kurios d\u0117ka labai palengvinamas darbas nam\u0173 \u016bkiuose. Visos dalys, besilie\u010dian\u010dios su grietin\u0117le yra pagamintos i\u0161 ner\u016bdijan\u010dio plieno, tod\u0117l labai paprasta j\u0105 valyti. 10 litr\u0173 talpos rezervuaras (u\u017epildymas nuo 1,5 l iki 3,8 l) Sviestmu\u0161\u0117s darbas gali b\u016bti lengvai stebimas per didel\u012f skaidr\u0173 jos dangt\u012f. Keleto pakop\u0173 valdymas leid\u017eia [&hellip;]","og_url":"https:\/\/specagra.ee\/?product=sviestmuse-milky-fj-10","og_site_name":"Specagra","article_modified_time":"2024-07-26T10:51:16+00:00","og_image":[{"width":800,"height":800,"url":"https:\/\/specagra.ee\/wp-content\/uploads\/2020\/07\/Untitled-design-10.jpg","type":"image\/jpeg"}],"twitter_card":"summary_large_image","twitter_misc":{"Est. reading time":"1 minut"},"schema":{"@context":"https:\/\/schema.org","@graph":[{"@type":"WebPage","@id":"https:\/\/specagra.ee\/?product=sviestmuse-milky-fj-10","url":"https:\/\/specagra.ee\/?product=sviestmuse-milky-fj-10","name":"Sviestmu\u0161\u0117 MILKY FJ 10 - Specagra","isPartOf":{"@id":"https:\/\/specagra.ee\/#website"},"primaryImageOfPage":{"@id":"https:\/\/specagra.ee\/?product=sviestmuse-milky-fj-10#primaryimage"},"image":{"@id":"https:\/\/specagra.ee\/?product=sviestmuse-milky-fj-10#primaryimage"},"thumbnailUrl":"https:\/\/specagra.ee\/wp-content\/uploads\/2020\/07\/Untitled-design-10.jpg","datePublished":"2020-07-31T11:44:40+00:00","dateModified":"2024-07-26T10:51:16+00:00","breadcrumb":{"@id":"https:\/\/specagra.ee\/?product=sviestmuse-milky-fj-10#breadcrumb"},"inLanguage":"et","potentialAction":[{"@type":"ReadAction","target":["https:\/\/specagra.ee\/?product=sviestmuse-milky-fj-10"]}]},{"@type":"ImageObject","inLanguage":"et","@id":"https:\/\/specagra.ee\/?product=sviestmuse-milky-fj-10#primaryimage","url":"https:\/\/specagra.ee\/wp-content\/uploads\/2020\/07\/Untitled-design-10.jpg","contentUrl":"https:\/\/specagra.ee\/wp-content\/uploads\/2020\/07\/Untitled-design-10.jpg","width":800,"height":800},{"@type":"BreadcrumbList","@id":"https:\/\/specagra.ee\/?product=sviestmuse-milky-fj-10#breadcrumb","itemListElement":[{"@type":"ListItem","position":1,"name":"Home","item":"https:\/\/www.specagra.ee\/"},{"@type":"ListItem","position":2,"name":"P\u00f5llumajandustehnika ja loomakasvatus","item":"https:\/\/specagra.ee\/?page_id=18493"},{"@type":"ListItem","position":3,"name":"Sviestmu\u0161\u0117 MILKY FJ 10"}]},{"@type":"WebSite","@id":"https:\/\/specagra.ee\/#website","url":"https:\/\/specagra.ee\/","name":"Specagra","description":"P\u00f5llumajandustehnika ja varuosad","publisher":{"@id":"https:\/\/specagra.ee\/#organization"},"potentialAction":[{"@type":"SearchAction","target":{"@type":"EntryPoint","urlTemplate":"https:\/\/specagra.ee\/?s={search_term_string}"},"query-input":{"@type":"PropertyValueSpecification","valueRequired":true,"valueName":"search_term_string"}}],"inLanguage":"et"},{"@type":"Organization","@id":"https:\/\/specagra.ee\/#organization","name":"UAB Specagra","url":"https:\/\/specagra.ee\/","logo":{"@type":"ImageObject","inLanguage":"et","@id":"https:\/\/specagra.ee\/#\/schema\/logo\/image\/","url":"http:\/\/www.specagra.ee\/wp-content\/uploads\/2022\/02\/SP-logo_naujas-scaled.jpg","contentUrl":"http:\/\/www.specagra.ee\/wp-content\/uploads\/2022\/02\/SP-logo_naujas-scaled.jpg","width":2560,"height":326,"caption":"UAB Specagra"},"image":{"@id":"https:\/\/specagra.ee\/#\/schema\/logo\/image\/"}}]}},"_links":{"self":[{"href":"https:\/\/specagra.ee\/index.php?rest_route=\/wp\/v2\/product\/6184","targetHints":{"allow":["GET"]}}],"collection":[{"href":"https:\/\/specagra.ee\/index.php?rest_route=\/wp\/v2\/product"}],"about":[{"href":"https:\/\/specagra.ee\/index.php?rest_route=\/wp\/v2\/types\/product"}],"wp:featuredmedia":[{"embeddable":true,"href":"https:\/\/specagra.ee\/index.php?rest_route=\/wp\/v2\/media\/21397"}],"wp:attachment":[{"href":"https:\/\/specagra.ee\/index.php?rest_route=%2Fwp%2Fv2%2Fmedia&parent=6184"}],"wp:term":[{"taxonomy":"product_brand","embeddable":true,"href":"https:\/\/specagra.ee\/index.php?rest_route=%2Fwp%2Fv2%2Fproduct_brand&post=6184"},{"taxonomy":"product_cat","embeddable":true,"href":"https:\/\/specagra.ee\/index.php?rest_route=%2Fwp%2Fv2%2Fproduct_cat&post=6184"},{"taxonomy":"product_tag","embeddable":true,"href":"https:\/\/specagra.ee\/index.php?rest_route=%2Fwp%2Fv2%2Fproduct_tag&post=6184"}],"curies":[{"name":"wp","href":"https:\/\/api.w.org\/{rel}","templated":true}]}}