{"id":5688,"date":"2020-07-27T03:40:06","date_gmt":"2020-07-27T05:40:06","guid":{"rendered":"https:\/\/www.specagra.ee.nemokamossvetaines.hostingas.lt\/?post_type=product&#038;p=5688"},"modified":"2024-11-06T12:32:41","modified_gmt":"2024-11-06T14:32:41","slug":"spagatas-2","status":"publish","type":"product","link":"https:\/\/specagra.ee\/?product=spagatas-2","title":{"rendered":"\u0160pagatas polipropileninis"},"content":{"rendered":"<ul>\n<li>Maksimalus tempimo ir mazg\u0173 tvirtumas, kuriuo galite pasikliauti.<\/li>\n<li>Didelis atsparumas UV spinduliams, u\u017etikrinantis ilgesn\u012f tarnavimo laik\u0105.<\/li>\n<li>Pagaminta REALIAIS metrais pagal \u017eenklinim\u0105.<\/li>\n<li>Platus auk\u0161\u010diausios kokyb\u0117s \u0161pagat\u0173 asortimentas, atitinkantis j\u016bs\u0173 poreikius ir technik\u0105.<\/li>\n<li>Tinka \u0161ienainio, \u0161ieno ir \u0161iaud\u0173 pakavimui.<\/li>\n<li>Pagaminti i\u0161 auk\u0161\u010diausios kokyb\u0117s \u017ealiavos moderniausiomis vyniojimo ma\u0161inomis.<\/li>\n<li>Gamyba be mazg\u0173.<\/li>\n<li>Nuolatin\u0117 kokyb\u0117s kontrol\u0117 viso gamybos proceso metu, ISO sertifikatas.<\/li>\n<li>Istori\u0161kai \u012frodytas FUNKCIONALUMAS taupo technik\u0105, pakavimo laik\u0105 ir j\u016bs\u0173 pinigus.<\/li>\n<\/ul>\n","protected":false},"excerpt":{"rendered":"<p>Maksimalus tempimo ir mazg\u0173 tvirtumas, kuriuo galite pasikliauti. Didelis atsparumas UV spinduliams, u\u017etikrinantis ilgesn\u012f tarnavimo laik\u0105. Pagaminta REALIAIS metrais pagal \u017eenklinim\u0105. Platus auk\u0161\u010diausios kokyb\u0117s \u0161pagat\u0173 asortimentas, atitinkantis j\u016bs\u0173 poreikius ir technik\u0105. Tinka \u0161ienainio, \u0161ieno ir \u0161iaud\u0173 pakavimui. Pagaminti i\u0161 auk\u0161\u010diausios kokyb\u0117s \u017ealiavos moderniausiomis vyniojimo ma\u0161inomis. Gamyba be mazg\u0173. Nuolatin\u0117 kokyb\u0117s kontrol\u0117 viso gamybos proceso metu, [&hellip;]<\/p>\n","protected":false},"featured_media":5689,"template":"","meta":{"_et_pb_use_builder":"","_et_pb_old_content":"","_et_gb_content_width":""},"product_brand":[],"product_cat":[125],"product_tag":[],"class_list":{"0":"post-5688","1":"product","2":"type-product","3":"status-publish","4":"has-post-thumbnail","6":"product_cat-pallimisnoor","8":"first","9":"instock","10":"shipping-taxable","11":"product-type-simple"},"yoast_head":"<!-- This site is optimized with the Yoast SEO plugin v26.4 - https:\/\/yoast.com\/wordpress\/plugins\/seo\/ -->\n<title>\u0160pagatas polipropileninis - Specagra<\/title>\n<meta name=\"robots\" content=\"index, follow, max-snippet:-1, max-image-preview:large, max-video-preview:-1\" \/>\n<link rel=\"canonical\" href=\"https:\/\/specagra.ee\/?product=spagatas-2\" \/>\n<meta property=\"og:locale\" content=\"et_EE\" \/>\n<meta property=\"og:type\" content=\"article\" \/>\n<meta property=\"og:title\" content=\"\u0160pagatas polipropileninis - Specagra\" \/>\n<meta property=\"og:description\" content=\"Maksimalus tempimo ir mazg\u0173 tvirtumas, kuriuo galite pasikliauti. Didelis atsparumas UV spinduliams, u\u017etikrinantis ilgesn\u012f tarnavimo laik\u0105. Pagaminta REALIAIS metrais pagal \u017eenklinim\u0105. Platus auk\u0161\u010diausios kokyb\u0117s \u0161pagat\u0173 asortimentas, atitinkantis j\u016bs\u0173 poreikius ir technik\u0105. Tinka \u0161ienainio, \u0161ieno ir \u0161iaud\u0173 pakavimui. Pagaminti i\u0161 auk\u0161\u010diausios kokyb\u0117s \u017ealiavos moderniausiomis vyniojimo ma\u0161inomis. Gamyba be mazg\u0173. Nuolatin\u0117 kokyb\u0117s kontrol\u0117 viso gamybos proceso metu, [&hellip;]\" \/>\n<meta property=\"og:url\" content=\"https:\/\/specagra.ee\/?product=spagatas-2\" \/>\n<meta property=\"og:site_name\" content=\"Specagra\" \/>\n<meta property=\"article:modified_time\" content=\"2024-11-06T14:32:41+00:00\" \/>\n<meta property=\"og:image\" content=\"https:\/\/www.specagra.ee\/wp-content\/uploads\/2020\/07\/spagatas-360x360-1.jpg\" \/>\n\t<meta property=\"og:image:width\" content=\"360\" \/>\n\t<meta property=\"og:image:height\" content=\"360\" \/>\n\t<meta property=\"og:image:type\" content=\"image\/jpeg\" \/>\n<meta name=\"twitter:card\" content=\"summary_large_image\" \/>\n<meta name=\"twitter:label1\" content=\"Est. reading time\" \/>\n\t<meta name=\"twitter:data1\" content=\"1 minut\" \/>\n<script type=\"application\/ld+json\" class=\"yoast-schema-graph\">{\"@context\":\"https:\/\/schema.org\",\"@graph\":[{\"@type\":\"WebPage\",\"@id\":\"https:\/\/specagra.ee\/?product=spagatas-2\",\"url\":\"https:\/\/specagra.ee\/?product=spagatas-2\",\"name\":\"\u0160pagatas polipropileninis - Specagra\",\"isPartOf\":{\"@id\":\"https:\/\/specagra.ee\/#website\"},\"primaryImageOfPage\":{\"@id\":\"https:\/\/specagra.ee\/?product=spagatas-2#primaryimage\"},\"image\":{\"@id\":\"https:\/\/specagra.ee\/?product=spagatas-2#primaryimage\"},\"thumbnailUrl\":\"https:\/\/specagra.ee\/wp-content\/uploads\/2020\/07\/spagatas-360x360-1.jpg\",\"datePublished\":\"2020-07-27T05:40:06+00:00\",\"dateModified\":\"2024-11-06T14:32:41+00:00\",\"breadcrumb\":{\"@id\":\"https:\/\/specagra.ee\/?product=spagatas-2#breadcrumb\"},\"inLanguage\":\"et\",\"potentialAction\":[{\"@type\":\"ReadAction\",\"target\":[\"https:\/\/specagra.ee\/?product=spagatas-2\"]}]},{\"@type\":\"ImageObject\",\"inLanguage\":\"et\",\"@id\":\"https:\/\/specagra.ee\/?product=spagatas-2#primaryimage\",\"url\":\"https:\/\/specagra.ee\/wp-content\/uploads\/2020\/07\/spagatas-360x360-1.jpg\",\"contentUrl\":\"https:\/\/specagra.ee\/wp-content\/uploads\/2020\/07\/spagatas-360x360-1.jpg\",\"width\":360,\"height\":360},{\"@type\":\"BreadcrumbList\",\"@id\":\"https:\/\/specagra.ee\/?product=spagatas-2#breadcrumb\",\"itemListElement\":[{\"@type\":\"ListItem\",\"position\":1,\"name\":\"Home\",\"item\":\"https:\/\/www.specagra.ee\/\"},{\"@type\":\"ListItem\",\"position\":2,\"name\":\"P\u00f5llumajandustehnika ja loomakasvatus\",\"item\":\"https:\/\/specagra.ee\/?page_id=18493\"},{\"@type\":\"ListItem\",\"position\":3,\"name\":\"\u0160pagatas polipropileninis\"}]},{\"@type\":\"WebSite\",\"@id\":\"https:\/\/specagra.ee\/#website\",\"url\":\"https:\/\/specagra.ee\/\",\"name\":\"Specagra\",\"description\":\"P\u00f5llumajandustehnika ja varuosad\",\"publisher\":{\"@id\":\"https:\/\/specagra.ee\/#organization\"},\"potentialAction\":[{\"@type\":\"SearchAction\",\"target\":{\"@type\":\"EntryPoint\",\"urlTemplate\":\"https:\/\/specagra.ee\/?s={search_term_string}\"},\"query-input\":{\"@type\":\"PropertyValueSpecification\",\"valueRequired\":true,\"valueName\":\"search_term_string\"}}],\"inLanguage\":\"et\"},{\"@type\":\"Organization\",\"@id\":\"https:\/\/specagra.ee\/#organization\",\"name\":\"UAB Specagra\",\"url\":\"https:\/\/specagra.ee\/\",\"logo\":{\"@type\":\"ImageObject\",\"inLanguage\":\"et\",\"@id\":\"https:\/\/specagra.ee\/#\/schema\/logo\/image\/\",\"url\":\"http:\/\/www.specagra.ee\/wp-content\/uploads\/2022\/02\/SP-logo_naujas-scaled.jpg\",\"contentUrl\":\"http:\/\/www.specagra.ee\/wp-content\/uploads\/2022\/02\/SP-logo_naujas-scaled.jpg\",\"width\":2560,\"height\":326,\"caption\":\"UAB Specagra\"},\"image\":{\"@id\":\"https:\/\/specagra.ee\/#\/schema\/logo\/image\/\"}}]}<\/script>\n<!-- \/ Yoast SEO plugin. -->","yoast_head_json":{"title":"\u0160pagatas polipropileninis - Specagra","robots":{"index":"index","follow":"follow","max-snippet":"max-snippet:-1","max-image-preview":"max-image-preview:large","max-video-preview":"max-video-preview:-1"},"canonical":"https:\/\/specagra.ee\/?product=spagatas-2","og_locale":"et_EE","og_type":"article","og_title":"\u0160pagatas polipropileninis - Specagra","og_description":"Maksimalus tempimo ir mazg\u0173 tvirtumas, kuriuo galite pasikliauti. Didelis atsparumas UV spinduliams, u\u017etikrinantis ilgesn\u012f tarnavimo laik\u0105. Pagaminta REALIAIS metrais pagal \u017eenklinim\u0105. Platus auk\u0161\u010diausios kokyb\u0117s \u0161pagat\u0173 asortimentas, atitinkantis j\u016bs\u0173 poreikius ir technik\u0105. Tinka \u0161ienainio, \u0161ieno ir \u0161iaud\u0173 pakavimui. Pagaminti i\u0161 auk\u0161\u010diausios kokyb\u0117s \u017ealiavos moderniausiomis vyniojimo ma\u0161inomis. Gamyba be mazg\u0173. Nuolatin\u0117 kokyb\u0117s kontrol\u0117 viso gamybos proceso metu, [&hellip;]","og_url":"https:\/\/specagra.ee\/?product=spagatas-2","og_site_name":"Specagra","article_modified_time":"2024-11-06T14:32:41+00:00","og_image":[{"width":360,"height":360,"url":"https:\/\/www.specagra.ee\/wp-content\/uploads\/2020\/07\/spagatas-360x360-1.jpg","type":"image\/jpeg"}],"twitter_card":"summary_large_image","twitter_misc":{"Est. reading time":"1 minut"},"schema":{"@context":"https:\/\/schema.org","@graph":[{"@type":"WebPage","@id":"https:\/\/specagra.ee\/?product=spagatas-2","url":"https:\/\/specagra.ee\/?product=spagatas-2","name":"\u0160pagatas polipropileninis - Specagra","isPartOf":{"@id":"https:\/\/specagra.ee\/#website"},"primaryImageOfPage":{"@id":"https:\/\/specagra.ee\/?product=spagatas-2#primaryimage"},"image":{"@id":"https:\/\/specagra.ee\/?product=spagatas-2#primaryimage"},"thumbnailUrl":"https:\/\/specagra.ee\/wp-content\/uploads\/2020\/07\/spagatas-360x360-1.jpg","datePublished":"2020-07-27T05:40:06+00:00","dateModified":"2024-11-06T14:32:41+00:00","breadcrumb":{"@id":"https:\/\/specagra.ee\/?product=spagatas-2#breadcrumb"},"inLanguage":"et","potentialAction":[{"@type":"ReadAction","target":["https:\/\/specagra.ee\/?product=spagatas-2"]}]},{"@type":"ImageObject","inLanguage":"et","@id":"https:\/\/specagra.ee\/?product=spagatas-2#primaryimage","url":"https:\/\/specagra.ee\/wp-content\/uploads\/2020\/07\/spagatas-360x360-1.jpg","contentUrl":"https:\/\/specagra.ee\/wp-content\/uploads\/2020\/07\/spagatas-360x360-1.jpg","width":360,"height":360},{"@type":"BreadcrumbList","@id":"https:\/\/specagra.ee\/?product=spagatas-2#breadcrumb","itemListElement":[{"@type":"ListItem","position":1,"name":"Home","item":"https:\/\/www.specagra.ee\/"},{"@type":"ListItem","position":2,"name":"P\u00f5llumajandustehnika ja loomakasvatus","item":"https:\/\/specagra.ee\/?page_id=18493"},{"@type":"ListItem","position":3,"name":"\u0160pagatas polipropileninis"}]},{"@type":"WebSite","@id":"https:\/\/specagra.ee\/#website","url":"https:\/\/specagra.ee\/","name":"Specagra","description":"P\u00f5llumajandustehnika ja varuosad","publisher":{"@id":"https:\/\/specagra.ee\/#organization"},"potentialAction":[{"@type":"SearchAction","target":{"@type":"EntryPoint","urlTemplate":"https:\/\/specagra.ee\/?s={search_term_string}"},"query-input":{"@type":"PropertyValueSpecification","valueRequired":true,"valueName":"search_term_string"}}],"inLanguage":"et"},{"@type":"Organization","@id":"https:\/\/specagra.ee\/#organization","name":"UAB Specagra","url":"https:\/\/specagra.ee\/","logo":{"@type":"ImageObject","inLanguage":"et","@id":"https:\/\/specagra.ee\/#\/schema\/logo\/image\/","url":"http:\/\/www.specagra.ee\/wp-content\/uploads\/2022\/02\/SP-logo_naujas-scaled.jpg","contentUrl":"http:\/\/www.specagra.ee\/wp-content\/uploads\/2022\/02\/SP-logo_naujas-scaled.jpg","width":2560,"height":326,"caption":"UAB Specagra"},"image":{"@id":"https:\/\/specagra.ee\/#\/schema\/logo\/image\/"}}]}},"_links":{"self":[{"href":"https:\/\/specagra.ee\/index.php?rest_route=\/wp\/v2\/product\/5688","targetHints":{"allow":["GET"]}}],"collection":[{"href":"https:\/\/specagra.ee\/index.php?rest_route=\/wp\/v2\/product"}],"about":[{"href":"https:\/\/specagra.ee\/index.php?rest_route=\/wp\/v2\/types\/product"}],"wp:featuredmedia":[{"embeddable":true,"href":"https:\/\/specagra.ee\/index.php?rest_route=\/wp\/v2\/media\/5689"}],"wp:attachment":[{"href":"https:\/\/specagra.ee\/index.php?rest_route=%2Fwp%2Fv2%2Fmedia&parent=5688"}],"wp:term":[{"taxonomy":"product_brand","embeddable":true,"href":"https:\/\/specagra.ee\/index.php?rest_route=%2Fwp%2Fv2%2Fproduct_brand&post=5688"},{"taxonomy":"product_cat","embeddable":true,"href":"https:\/\/specagra.ee\/index.php?rest_route=%2Fwp%2Fv2%2Fproduct_cat&post=5688"},{"taxonomy":"product_tag","embeddable":true,"href":"https:\/\/specagra.ee\/index.php?rest_route=%2Fwp%2Fv2%2Fproduct_tag&post=5688"}],"curies":[{"name":"wp","href":"https:\/\/api.w.org\/{rel}","templated":true}]}}