{"id":44142,"date":"2025-03-12T07:14:29","date_gmt":"2025-03-12T09:14:29","guid":{"rendered":"https:\/\/www.specagra.ee\/?post_type=product&#038;p=44142"},"modified":"2025-03-12T07:14:29","modified_gmt":"2025-03-12T09:14:29","slug":"apsauginis-tinklas-siloso-transejoms-silonet-240","status":"publish","type":"product","link":"https:\/\/specagra.ee\/?product=apsauginis-tinklas-siloso-transejoms-silonet-240","title":{"rendered":"Apsauginis tinklas siloso tran\u0161\u0117joms SILONET 240"},"content":{"rendered":"<p>SILONET\u00ae 240 yra apsauginis HDPE plastiko tinklas, kurio mas\u0117 240 g\/m2. Ypa\u010d atsparus dilimui ir ply\u0161imui, skirtas naudoti su SEAL+ 80\u00b5 arba bet kuria kita siloso kaup\u0173 pl\u0117vele.<\/p>\n<p>Austa danga apsaugo vis\u0105 siloso pavir\u0161i\u0173 nuo pa\u017eeidim\u0173, toki\u0173 kaip prad\u016brimas, pauk\u0161\u010di\u0173 kapojimas ar laukini\u0173 \u017ev\u0117ri\u0173 daroma \u017eala.<\/p>\n<p>\u201eSILONET 240\u201c rekomenduojamas vartotojams, ie\u0161kantiems standartinio ir tvirto apsauginio tinklo.<\/p>\n<p>Rekomenduojama naudoti su SEAL+ 80\u00b5 arba bet kuria kita siloso kaup\u0173\u00a0 pl\u0117vele. Tinklas prispaud\u017eiamas mai\u0161ais su sm\u0117liu.<\/p>\n<p><strong>Galimi dyd\u017eiai: <\/strong><\/p>\n<p>Plotis: nuo 8 iki 18 m<\/p>\n<p>Ilgis: nuo 10 iki 20 m<\/p>\n<p>Galimyb\u0117 pagal j\u016bs\u0173 poreikius ir projektus pagaminti pagal u\u017esakym\u0105 pritaikytus gaminius.<\/p>\n","protected":false},"excerpt":{"rendered":"<p>SILONET\u00ae 240 yra apsauginis HDPE plastiko tinklas, kurio mas\u0117 240 g\/m2. Ypa\u010d atsparus dilimui ir ply\u0161imui, skirtas naudoti su SEAL+ 80\u00b5 arba bet kuria kita siloso kaup\u0173 pl\u0117vele. Austa danga apsaugo vis\u0105 siloso pavir\u0161i\u0173 nuo pa\u017eeidim\u0173, toki\u0173 kaip prad\u016brimas, pauk\u0161\u010di\u0173 kapojimas ar laukini\u0173 \u017ev\u0117ri\u0173 daroma \u017eala. \u201eSILONET 240\u201c rekomenduojamas vartotojams, ie\u0161kantiems standartinio ir tvirto apsauginio [&hellip;]<\/p>\n","protected":false},"featured_media":44143,"template":"","meta":{"_et_pb_use_builder":"","_et_pb_old_content":"","_et_gb_content_width":""},"product_brand":[],"product_cat":[290],"product_tag":[],"class_list":{"0":"post-44142","1":"product","2":"type-product","3":"status-publish","4":"has-post-thumbnail","6":"product_cat-kaitsekatted","8":"first","9":"instock","10":"shipping-taxable","11":"product-type-simple"},"yoast_head":"<!-- This site is optimized with the Yoast SEO plugin v26.4 - https:\/\/yoast.com\/wordpress\/plugins\/seo\/ -->\n<title>Apsauginis tinklas siloso tran\u0161\u0117joms SILONET 240 - Specagra<\/title>\n<meta name=\"robots\" content=\"index, follow, max-snippet:-1, max-image-preview:large, max-video-preview:-1\" \/>\n<link rel=\"canonical\" href=\"https:\/\/specagra.ee\/?product=apsauginis-tinklas-siloso-transejoms-silonet-240\" \/>\n<meta property=\"og:locale\" content=\"et_EE\" \/>\n<meta property=\"og:type\" content=\"article\" \/>\n<meta property=\"og:title\" content=\"Apsauginis tinklas siloso tran\u0161\u0117joms SILONET 240 - Specagra\" \/>\n<meta property=\"og:description\" content=\"SILONET\u00ae 240 yra apsauginis HDPE plastiko tinklas, kurio mas\u0117 240 g\/m2. Ypa\u010d atsparus dilimui ir ply\u0161imui, skirtas naudoti su SEAL+ 80\u00b5 arba bet kuria kita siloso kaup\u0173 pl\u0117vele. Austa danga apsaugo vis\u0105 siloso pavir\u0161i\u0173 nuo pa\u017eeidim\u0173, toki\u0173 kaip prad\u016brimas, pauk\u0161\u010di\u0173 kapojimas ar laukini\u0173 \u017ev\u0117ri\u0173 daroma \u017eala. \u201eSILONET 240\u201c rekomenduojamas vartotojams, ie\u0161kantiems standartinio ir tvirto apsauginio [&hellip;]\" \/>\n<meta property=\"og:url\" content=\"https:\/\/specagra.ee\/?product=apsauginis-tinklas-siloso-transejoms-silonet-240\" \/>\n<meta property=\"og:site_name\" content=\"Specagra\" \/>\n<meta property=\"og:image\" content=\"https:\/\/www.specagra.ee\/wp-content\/uploads\/2025\/03\/Untitled-design-2.png\" \/>\n\t<meta property=\"og:image:width\" content=\"900\" \/>\n\t<meta property=\"og:image:height\" content=\"900\" \/>\n\t<meta property=\"og:image:type\" content=\"image\/png\" \/>\n<meta name=\"twitter:card\" content=\"summary_large_image\" \/>\n<meta name=\"twitter:label1\" content=\"Est. reading time\" \/>\n\t<meta name=\"twitter:data1\" content=\"1 minut\" \/>\n<script type=\"application\/ld+json\" class=\"yoast-schema-graph\">{\"@context\":\"https:\/\/schema.org\",\"@graph\":[{\"@type\":\"WebPage\",\"@id\":\"https:\/\/specagra.ee\/?product=apsauginis-tinklas-siloso-transejoms-silonet-240\",\"url\":\"https:\/\/specagra.ee\/?product=apsauginis-tinklas-siloso-transejoms-silonet-240\",\"name\":\"Apsauginis tinklas siloso tran\u0161\u0117joms SILONET 240 - Specagra\",\"isPartOf\":{\"@id\":\"https:\/\/specagra.ee\/#website\"},\"primaryImageOfPage\":{\"@id\":\"https:\/\/specagra.ee\/?product=apsauginis-tinklas-siloso-transejoms-silonet-240#primaryimage\"},\"image\":{\"@id\":\"https:\/\/specagra.ee\/?product=apsauginis-tinklas-siloso-transejoms-silonet-240#primaryimage\"},\"thumbnailUrl\":\"https:\/\/www.specagra.ee\/wp-content\/uploads\/2025\/03\/Untitled-design-2.png\",\"datePublished\":\"2025-03-12T09:14:29+00:00\",\"breadcrumb\":{\"@id\":\"https:\/\/specagra.ee\/?product=apsauginis-tinklas-siloso-transejoms-silonet-240#breadcrumb\"},\"inLanguage\":\"et\",\"potentialAction\":[{\"@type\":\"ReadAction\",\"target\":[\"https:\/\/specagra.ee\/?product=apsauginis-tinklas-siloso-transejoms-silonet-240\"]}]},{\"@type\":\"ImageObject\",\"inLanguage\":\"et\",\"@id\":\"https:\/\/specagra.ee\/?product=apsauginis-tinklas-siloso-transejoms-silonet-240#primaryimage\",\"url\":\"https:\/\/www.specagra.ee\/wp-content\/uploads\/2025\/03\/Untitled-design-2.png\",\"contentUrl\":\"https:\/\/www.specagra.ee\/wp-content\/uploads\/2025\/03\/Untitled-design-2.png\",\"width\":900,\"height\":900},{\"@type\":\"BreadcrumbList\",\"@id\":\"https:\/\/specagra.ee\/?product=apsauginis-tinklas-siloso-transejoms-silonet-240#breadcrumb\",\"itemListElement\":[{\"@type\":\"ListItem\",\"position\":1,\"name\":\"Home\",\"item\":\"https:\/\/www.specagra.ee\/\"},{\"@type\":\"ListItem\",\"position\":2,\"name\":\"P\u00f5llumajandustehnika ja loomakasvatus\",\"item\":\"https:\/\/specagra.ee\/?page_id=18493\"},{\"@type\":\"ListItem\",\"position\":3,\"name\":\"Apsauginis tinklas siloso tran\u0161\u0117joms SILONET 240\"}]},{\"@type\":\"WebSite\",\"@id\":\"https:\/\/specagra.ee\/#website\",\"url\":\"https:\/\/specagra.ee\/\",\"name\":\"Specagra\",\"description\":\"P\u00f5llumajandustehnika ja varuosad\",\"publisher\":{\"@id\":\"https:\/\/specagra.ee\/#organization\"},\"potentialAction\":[{\"@type\":\"SearchAction\",\"target\":{\"@type\":\"EntryPoint\",\"urlTemplate\":\"https:\/\/specagra.ee\/?s={search_term_string}\"},\"query-input\":{\"@type\":\"PropertyValueSpecification\",\"valueRequired\":true,\"valueName\":\"search_term_string\"}}],\"inLanguage\":\"et\"},{\"@type\":\"Organization\",\"@id\":\"https:\/\/specagra.ee\/#organization\",\"name\":\"UAB Specagra\",\"url\":\"https:\/\/specagra.ee\/\",\"logo\":{\"@type\":\"ImageObject\",\"inLanguage\":\"et\",\"@id\":\"https:\/\/specagra.ee\/#\/schema\/logo\/image\/\",\"url\":\"http:\/\/www.specagra.ee\/wp-content\/uploads\/2022\/02\/SP-logo_naujas-scaled.jpg\",\"contentUrl\":\"http:\/\/www.specagra.ee\/wp-content\/uploads\/2022\/02\/SP-logo_naujas-scaled.jpg\",\"width\":2560,\"height\":326,\"caption\":\"UAB Specagra\"},\"image\":{\"@id\":\"https:\/\/specagra.ee\/#\/schema\/logo\/image\/\"}}]}<\/script>\n<!-- \/ Yoast SEO plugin. -->","yoast_head_json":{"title":"Apsauginis tinklas siloso tran\u0161\u0117joms SILONET 240 - Specagra","robots":{"index":"index","follow":"follow","max-snippet":"max-snippet:-1","max-image-preview":"max-image-preview:large","max-video-preview":"max-video-preview:-1"},"canonical":"https:\/\/specagra.ee\/?product=apsauginis-tinklas-siloso-transejoms-silonet-240","og_locale":"et_EE","og_type":"article","og_title":"Apsauginis tinklas siloso tran\u0161\u0117joms SILONET 240 - Specagra","og_description":"SILONET\u00ae 240 yra apsauginis HDPE plastiko tinklas, kurio mas\u0117 240 g\/m2. Ypa\u010d atsparus dilimui ir ply\u0161imui, skirtas naudoti su SEAL+ 80\u00b5 arba bet kuria kita siloso kaup\u0173 pl\u0117vele. Austa danga apsaugo vis\u0105 siloso pavir\u0161i\u0173 nuo pa\u017eeidim\u0173, toki\u0173 kaip prad\u016brimas, pauk\u0161\u010di\u0173 kapojimas ar laukini\u0173 \u017ev\u0117ri\u0173 daroma \u017eala. \u201eSILONET 240\u201c rekomenduojamas vartotojams, ie\u0161kantiems standartinio ir tvirto apsauginio [&hellip;]","og_url":"https:\/\/specagra.ee\/?product=apsauginis-tinklas-siloso-transejoms-silonet-240","og_site_name":"Specagra","og_image":[{"width":900,"height":900,"url":"https:\/\/www.specagra.ee\/wp-content\/uploads\/2025\/03\/Untitled-design-2.png","type":"image\/png"}],"twitter_card":"summary_large_image","twitter_misc":{"Est. reading time":"1 minut"},"schema":{"@context":"https:\/\/schema.org","@graph":[{"@type":"WebPage","@id":"https:\/\/specagra.ee\/?product=apsauginis-tinklas-siloso-transejoms-silonet-240","url":"https:\/\/specagra.ee\/?product=apsauginis-tinklas-siloso-transejoms-silonet-240","name":"Apsauginis tinklas siloso tran\u0161\u0117joms SILONET 240 - Specagra","isPartOf":{"@id":"https:\/\/specagra.ee\/#website"},"primaryImageOfPage":{"@id":"https:\/\/specagra.ee\/?product=apsauginis-tinklas-siloso-transejoms-silonet-240#primaryimage"},"image":{"@id":"https:\/\/specagra.ee\/?product=apsauginis-tinklas-siloso-transejoms-silonet-240#primaryimage"},"thumbnailUrl":"https:\/\/www.specagra.ee\/wp-content\/uploads\/2025\/03\/Untitled-design-2.png","datePublished":"2025-03-12T09:14:29+00:00","breadcrumb":{"@id":"https:\/\/specagra.ee\/?product=apsauginis-tinklas-siloso-transejoms-silonet-240#breadcrumb"},"inLanguage":"et","potentialAction":[{"@type":"ReadAction","target":["https:\/\/specagra.ee\/?product=apsauginis-tinklas-siloso-transejoms-silonet-240"]}]},{"@type":"ImageObject","inLanguage":"et","@id":"https:\/\/specagra.ee\/?product=apsauginis-tinklas-siloso-transejoms-silonet-240#primaryimage","url":"https:\/\/www.specagra.ee\/wp-content\/uploads\/2025\/03\/Untitled-design-2.png","contentUrl":"https:\/\/www.specagra.ee\/wp-content\/uploads\/2025\/03\/Untitled-design-2.png","width":900,"height":900},{"@type":"BreadcrumbList","@id":"https:\/\/specagra.ee\/?product=apsauginis-tinklas-siloso-transejoms-silonet-240#breadcrumb","itemListElement":[{"@type":"ListItem","position":1,"name":"Home","item":"https:\/\/www.specagra.ee\/"},{"@type":"ListItem","position":2,"name":"P\u00f5llumajandustehnika ja loomakasvatus","item":"https:\/\/specagra.ee\/?page_id=18493"},{"@type":"ListItem","position":3,"name":"Apsauginis tinklas siloso tran\u0161\u0117joms SILONET 240"}]},{"@type":"WebSite","@id":"https:\/\/specagra.ee\/#website","url":"https:\/\/specagra.ee\/","name":"Specagra","description":"P\u00f5llumajandustehnika ja varuosad","publisher":{"@id":"https:\/\/specagra.ee\/#organization"},"potentialAction":[{"@type":"SearchAction","target":{"@type":"EntryPoint","urlTemplate":"https:\/\/specagra.ee\/?s={search_term_string}"},"query-input":{"@type":"PropertyValueSpecification","valueRequired":true,"valueName":"search_term_string"}}],"inLanguage":"et"},{"@type":"Organization","@id":"https:\/\/specagra.ee\/#organization","name":"UAB Specagra","url":"https:\/\/specagra.ee\/","logo":{"@type":"ImageObject","inLanguage":"et","@id":"https:\/\/specagra.ee\/#\/schema\/logo\/image\/","url":"http:\/\/www.specagra.ee\/wp-content\/uploads\/2022\/02\/SP-logo_naujas-scaled.jpg","contentUrl":"http:\/\/www.specagra.ee\/wp-content\/uploads\/2022\/02\/SP-logo_naujas-scaled.jpg","width":2560,"height":326,"caption":"UAB Specagra"},"image":{"@id":"https:\/\/specagra.ee\/#\/schema\/logo\/image\/"}}]}},"_links":{"self":[{"href":"https:\/\/specagra.ee\/index.php?rest_route=\/wp\/v2\/product\/44142","targetHints":{"allow":["GET"]}}],"collection":[{"href":"https:\/\/specagra.ee\/index.php?rest_route=\/wp\/v2\/product"}],"about":[{"href":"https:\/\/specagra.ee\/index.php?rest_route=\/wp\/v2\/types\/product"}],"wp:featuredmedia":[{"embeddable":true,"href":"https:\/\/specagra.ee\/index.php?rest_route=\/wp\/v2\/media\/44143"}],"wp:attachment":[{"href":"https:\/\/specagra.ee\/index.php?rest_route=%2Fwp%2Fv2%2Fmedia&parent=44142"}],"wp:term":[{"taxonomy":"product_brand","embeddable":true,"href":"https:\/\/specagra.ee\/index.php?rest_route=%2Fwp%2Fv2%2Fproduct_brand&post=44142"},{"taxonomy":"product_cat","embeddable":true,"href":"https:\/\/specagra.ee\/index.php?rest_route=%2Fwp%2Fv2%2Fproduct_cat&post=44142"},{"taxonomy":"product_tag","embeddable":true,"href":"https:\/\/specagra.ee\/index.php?rest_route=%2Fwp%2Fv2%2Fproduct_tag&post=44142"}],"curies":[{"name":"wp","href":"https:\/\/api.w.org\/{rel}","templated":true}]}}