{"id":44096,"date":"2025-03-12T05:11:01","date_gmt":"2025-03-12T07:11:01","guid":{"rendered":"https:\/\/www.specagra.ee\/?post_type=product&#038;p=44096"},"modified":"2025-03-12T05:17:37","modified_gmt":"2025-03-12T07:17:37","slug":"44096","status":"publish","type":"product","link":"https:\/\/specagra.ee\/?product=44096","title":{"rendered":"Pl\u0117vel\u0117 Seal+ 150\u00b5m"},"content":{"rendered":"<p>SEAL\u00ae 150 \u00b5m \u0161viesios sm\u0117lio\/juodos spalvos yra tvirta ir labai veiksminga daugiasluoksn\u0117 pl\u0117vel\u0117 su EVOH komponentu. \u0160is komponentas, gaunamas i\u0161 \u017emoni\u0173 maisto technologij\u0173, veikia kaip deguonies barjeras, kuris i\u0161saugo silos\u0105. Ypa\u010d atspari ir lengvai dengiama pl\u0117vel\u0117 puikiai prilimpa prie siloso, kad b\u016bt\u0173 optimaliai i\u0161saugotas. \u0160i SEAL+ versija apsaugo nuo UV spinduli\u0173.<\/p>\n<p>SEAL+ 150\u00b5M rekomenduojama naudotojams, siekiantiems universalumo: siloso i\u0161saugojimo optimizavimas + ypatingas atsparumas<\/p>\n<p>Pl\u0117vel\u0117 apsaugota nuo UV spinduli\u0173, tod\u0117l galima naudoti kaip atskir\u0105 sluoksn\u012f, ta\u010diau rekomenduojama derinti su siloso apsauga, kad apsaugotum\u0117te nuo i\u0161orini\u0173 veiksni\u0173.<\/p>\n<ul>\n<li>9 sluoksniai<\/li>\n<li>18 m\u0117nesi\u0173 apsauga nuo UV spinduli\u0173<\/li>\n<li>100% perdirbama<\/li>\n<li>Mink\u0161ta ir lengvai tempiama<\/li>\n<\/ul>\n<p>Dyd\u017eiai: 32&#215;100 ; 28&#215;80 ; 36&#215;80 ; 20&#215;60 ; 20&#215;70 ; 36&#215;45 ; 50&#215;52 ; 52&#215;60 ; 36&#215;90 ; 46&#215;50 ; 44&#215;80 ; 55&#215;70<\/p>\n<p>Arba gaminami pagal individual\u0173 u\u017esakym\u0105.<\/p>\n","protected":false},"excerpt":{"rendered":"<p>SEAL\u00ae 150 \u00b5m \u0161viesios sm\u0117lio\/juodos spalvos yra tvirta ir labai veiksminga daugiasluoksn\u0117 pl\u0117vel\u0117 su EVOH komponentu. \u0160is komponentas, gaunamas i\u0161 \u017emoni\u0173 maisto technologij\u0173, veikia kaip deguonies barjeras, kuris i\u0161saugo silos\u0105. Ypa\u010d atspari ir lengvai dengiama pl\u0117vel\u0117 puikiai prilimpa prie siloso, kad b\u016bt\u0173 optimaliai i\u0161saugotas. \u0160i SEAL+ versija apsaugo nuo UV spinduli\u0173. SEAL+ 150\u00b5M rekomenduojama naudotojams, [&hellip;]<\/p>\n","protected":false},"featured_media":44097,"template":"","meta":{"_et_pb_use_builder":"","_et_pb_old_content":"","_et_gb_content_width":""},"product_brand":[],"product_cat":[119],"product_tag":[],"class_list":{"0":"post-44096","1":"product","2":"type-product","3":"status-publish","4":"has-post-thumbnail","6":"product_cat-silokuhjade-kiled","8":"first","9":"instock","10":"shipping-taxable","11":"product-type-simple"},"yoast_head":"<!-- This site is optimized with the Yoast SEO plugin v26.4 - https:\/\/yoast.com\/wordpress\/plugins\/seo\/ -->\n<title>Pl\u0117vel\u0117 Seal+ 150\u00b5m - Specagra<\/title>\n<meta name=\"robots\" content=\"index, follow, max-snippet:-1, max-image-preview:large, max-video-preview:-1\" \/>\n<link rel=\"canonical\" href=\"https:\/\/specagra.ee\/?product=44096\" \/>\n<meta property=\"og:locale\" content=\"et_EE\" \/>\n<meta property=\"og:type\" content=\"article\" \/>\n<meta property=\"og:title\" content=\"Pl\u0117vel\u0117 Seal+ 150\u00b5m - Specagra\" \/>\n<meta property=\"og:description\" content=\"SEAL\u00ae 150 \u00b5m \u0161viesios sm\u0117lio\/juodos spalvos yra tvirta ir labai veiksminga daugiasluoksn\u0117 pl\u0117vel\u0117 su EVOH komponentu. \u0160is komponentas, gaunamas i\u0161 \u017emoni\u0173 maisto technologij\u0173, veikia kaip deguonies barjeras, kuris i\u0161saugo silos\u0105. Ypa\u010d atspari ir lengvai dengiama pl\u0117vel\u0117 puikiai prilimpa prie siloso, kad b\u016bt\u0173 optimaliai i\u0161saugotas. \u0160i SEAL+ versija apsaugo nuo UV spinduli\u0173. SEAL+ 150\u00b5M rekomenduojama naudotojams, [&hellip;]\" \/>\n<meta property=\"og:url\" content=\"https:\/\/specagra.ee\/?product=44096\" \/>\n<meta property=\"og:site_name\" content=\"Specagra\" \/>\n<meta property=\"article:modified_time\" content=\"2025-03-12T07:17:37+00:00\" \/>\n<meta property=\"og:image\" content=\"https:\/\/www.specagra.ee\/wp-content\/uploads\/2025\/03\/Untitled-design-1.png\" \/>\n\t<meta property=\"og:image:width\" content=\"900\" \/>\n\t<meta property=\"og:image:height\" content=\"900\" \/>\n\t<meta property=\"og:image:type\" content=\"image\/png\" \/>\n<meta name=\"twitter:card\" content=\"summary_large_image\" \/>\n<meta name=\"twitter:label1\" content=\"Est. reading time\" \/>\n\t<meta name=\"twitter:data1\" content=\"1 minut\" \/>\n<script type=\"application\/ld+json\" class=\"yoast-schema-graph\">{\"@context\":\"https:\/\/schema.org\",\"@graph\":[{\"@type\":\"WebPage\",\"@id\":\"https:\/\/specagra.ee\/?product=44096\",\"url\":\"https:\/\/specagra.ee\/?product=44096\",\"name\":\"Pl\u0117vel\u0117 Seal+ 150\u00b5m - Specagra\",\"isPartOf\":{\"@id\":\"https:\/\/specagra.ee\/#website\"},\"primaryImageOfPage\":{\"@id\":\"https:\/\/specagra.ee\/?product=44096#primaryimage\"},\"image\":{\"@id\":\"https:\/\/specagra.ee\/?product=44096#primaryimage\"},\"thumbnailUrl\":\"https:\/\/specagra.ee\/wp-content\/uploads\/2025\/03\/Untitled-design-1.png\",\"datePublished\":\"2025-03-12T07:11:01+00:00\",\"dateModified\":\"2025-03-12T07:17:37+00:00\",\"breadcrumb\":{\"@id\":\"https:\/\/specagra.ee\/?product=44096#breadcrumb\"},\"inLanguage\":\"et\",\"potentialAction\":[{\"@type\":\"ReadAction\",\"target\":[\"https:\/\/specagra.ee\/?product=44096\"]}]},{\"@type\":\"ImageObject\",\"inLanguage\":\"et\",\"@id\":\"https:\/\/specagra.ee\/?product=44096#primaryimage\",\"url\":\"https:\/\/specagra.ee\/wp-content\/uploads\/2025\/03\/Untitled-design-1.png\",\"contentUrl\":\"https:\/\/specagra.ee\/wp-content\/uploads\/2025\/03\/Untitled-design-1.png\",\"width\":900,\"height\":900},{\"@type\":\"BreadcrumbList\",\"@id\":\"https:\/\/specagra.ee\/?product=44096#breadcrumb\",\"itemListElement\":[{\"@type\":\"ListItem\",\"position\":1,\"name\":\"Home\",\"item\":\"https:\/\/www.specagra.ee\/\"},{\"@type\":\"ListItem\",\"position\":2,\"name\":\"P\u00f5llumajandustehnika ja loomakasvatus\",\"item\":\"https:\/\/specagra.ee\/?page_id=18493\"},{\"@type\":\"ListItem\",\"position\":3,\"name\":\"Pl\u0117vel\u0117 Seal+ 150\u00b5m\"}]},{\"@type\":\"WebSite\",\"@id\":\"https:\/\/specagra.ee\/#website\",\"url\":\"https:\/\/specagra.ee\/\",\"name\":\"Specagra\",\"description\":\"P\u00f5llumajandustehnika ja varuosad\",\"publisher\":{\"@id\":\"https:\/\/specagra.ee\/#organization\"},\"potentialAction\":[{\"@type\":\"SearchAction\",\"target\":{\"@type\":\"EntryPoint\",\"urlTemplate\":\"https:\/\/specagra.ee\/?s={search_term_string}\"},\"query-input\":{\"@type\":\"PropertyValueSpecification\",\"valueRequired\":true,\"valueName\":\"search_term_string\"}}],\"inLanguage\":\"et\"},{\"@type\":\"Organization\",\"@id\":\"https:\/\/specagra.ee\/#organization\",\"name\":\"UAB Specagra\",\"url\":\"https:\/\/specagra.ee\/\",\"logo\":{\"@type\":\"ImageObject\",\"inLanguage\":\"et\",\"@id\":\"https:\/\/specagra.ee\/#\/schema\/logo\/image\/\",\"url\":\"http:\/\/www.specagra.ee\/wp-content\/uploads\/2022\/02\/SP-logo_naujas-scaled.jpg\",\"contentUrl\":\"http:\/\/www.specagra.ee\/wp-content\/uploads\/2022\/02\/SP-logo_naujas-scaled.jpg\",\"width\":2560,\"height\":326,\"caption\":\"UAB Specagra\"},\"image\":{\"@id\":\"https:\/\/specagra.ee\/#\/schema\/logo\/image\/\"}}]}<\/script>\n<!-- \/ Yoast SEO plugin. -->","yoast_head_json":{"title":"Pl\u0117vel\u0117 Seal+ 150\u00b5m - Specagra","robots":{"index":"index","follow":"follow","max-snippet":"max-snippet:-1","max-image-preview":"max-image-preview:large","max-video-preview":"max-video-preview:-1"},"canonical":"https:\/\/specagra.ee\/?product=44096","og_locale":"et_EE","og_type":"article","og_title":"Pl\u0117vel\u0117 Seal+ 150\u00b5m - Specagra","og_description":"SEAL\u00ae 150 \u00b5m \u0161viesios sm\u0117lio\/juodos spalvos yra tvirta ir labai veiksminga daugiasluoksn\u0117 pl\u0117vel\u0117 su EVOH komponentu. \u0160is komponentas, gaunamas i\u0161 \u017emoni\u0173 maisto technologij\u0173, veikia kaip deguonies barjeras, kuris i\u0161saugo silos\u0105. Ypa\u010d atspari ir lengvai dengiama pl\u0117vel\u0117 puikiai prilimpa prie siloso, kad b\u016bt\u0173 optimaliai i\u0161saugotas. \u0160i SEAL+ versija apsaugo nuo UV spinduli\u0173. SEAL+ 150\u00b5M rekomenduojama naudotojams, [&hellip;]","og_url":"https:\/\/specagra.ee\/?product=44096","og_site_name":"Specagra","article_modified_time":"2025-03-12T07:17:37+00:00","og_image":[{"width":900,"height":900,"url":"https:\/\/www.specagra.ee\/wp-content\/uploads\/2025\/03\/Untitled-design-1.png","type":"image\/png"}],"twitter_card":"summary_large_image","twitter_misc":{"Est. reading time":"1 minut"},"schema":{"@context":"https:\/\/schema.org","@graph":[{"@type":"WebPage","@id":"https:\/\/specagra.ee\/?product=44096","url":"https:\/\/specagra.ee\/?product=44096","name":"Pl\u0117vel\u0117 Seal+ 150\u00b5m - Specagra","isPartOf":{"@id":"https:\/\/specagra.ee\/#website"},"primaryImageOfPage":{"@id":"https:\/\/specagra.ee\/?product=44096#primaryimage"},"image":{"@id":"https:\/\/specagra.ee\/?product=44096#primaryimage"},"thumbnailUrl":"https:\/\/specagra.ee\/wp-content\/uploads\/2025\/03\/Untitled-design-1.png","datePublished":"2025-03-12T07:11:01+00:00","dateModified":"2025-03-12T07:17:37+00:00","breadcrumb":{"@id":"https:\/\/specagra.ee\/?product=44096#breadcrumb"},"inLanguage":"et","potentialAction":[{"@type":"ReadAction","target":["https:\/\/specagra.ee\/?product=44096"]}]},{"@type":"ImageObject","inLanguage":"et","@id":"https:\/\/specagra.ee\/?product=44096#primaryimage","url":"https:\/\/specagra.ee\/wp-content\/uploads\/2025\/03\/Untitled-design-1.png","contentUrl":"https:\/\/specagra.ee\/wp-content\/uploads\/2025\/03\/Untitled-design-1.png","width":900,"height":900},{"@type":"BreadcrumbList","@id":"https:\/\/specagra.ee\/?product=44096#breadcrumb","itemListElement":[{"@type":"ListItem","position":1,"name":"Home","item":"https:\/\/www.specagra.ee\/"},{"@type":"ListItem","position":2,"name":"P\u00f5llumajandustehnika ja loomakasvatus","item":"https:\/\/specagra.ee\/?page_id=18493"},{"@type":"ListItem","position":3,"name":"Pl\u0117vel\u0117 Seal+ 150\u00b5m"}]},{"@type":"WebSite","@id":"https:\/\/specagra.ee\/#website","url":"https:\/\/specagra.ee\/","name":"Specagra","description":"P\u00f5llumajandustehnika ja varuosad","publisher":{"@id":"https:\/\/specagra.ee\/#organization"},"potentialAction":[{"@type":"SearchAction","target":{"@type":"EntryPoint","urlTemplate":"https:\/\/specagra.ee\/?s={search_term_string}"},"query-input":{"@type":"PropertyValueSpecification","valueRequired":true,"valueName":"search_term_string"}}],"inLanguage":"et"},{"@type":"Organization","@id":"https:\/\/specagra.ee\/#organization","name":"UAB Specagra","url":"https:\/\/specagra.ee\/","logo":{"@type":"ImageObject","inLanguage":"et","@id":"https:\/\/specagra.ee\/#\/schema\/logo\/image\/","url":"http:\/\/www.specagra.ee\/wp-content\/uploads\/2022\/02\/SP-logo_naujas-scaled.jpg","contentUrl":"http:\/\/www.specagra.ee\/wp-content\/uploads\/2022\/02\/SP-logo_naujas-scaled.jpg","width":2560,"height":326,"caption":"UAB Specagra"},"image":{"@id":"https:\/\/specagra.ee\/#\/schema\/logo\/image\/"}}]}},"_links":{"self":[{"href":"https:\/\/specagra.ee\/index.php?rest_route=\/wp\/v2\/product\/44096","targetHints":{"allow":["GET"]}}],"collection":[{"href":"https:\/\/specagra.ee\/index.php?rest_route=\/wp\/v2\/product"}],"about":[{"href":"https:\/\/specagra.ee\/index.php?rest_route=\/wp\/v2\/types\/product"}],"wp:featuredmedia":[{"embeddable":true,"href":"https:\/\/specagra.ee\/index.php?rest_route=\/wp\/v2\/media\/44097"}],"wp:attachment":[{"href":"https:\/\/specagra.ee\/index.php?rest_route=%2Fwp%2Fv2%2Fmedia&parent=44096"}],"wp:term":[{"taxonomy":"product_brand","embeddable":true,"href":"https:\/\/specagra.ee\/index.php?rest_route=%2Fwp%2Fv2%2Fproduct_brand&post=44096"},{"taxonomy":"product_cat","embeddable":true,"href":"https:\/\/specagra.ee\/index.php?rest_route=%2Fwp%2Fv2%2Fproduct_cat&post=44096"},{"taxonomy":"product_tag","embeddable":true,"href":"https:\/\/specagra.ee\/index.php?rest_route=%2Fwp%2Fv2%2Fproduct_tag&post=44096"}],"curies":[{"name":"wp","href":"https:\/\/api.w.org\/{rel}","templated":true}]}}