{"id":4327,"date":"2020-07-07T09:40:14","date_gmt":"2020-07-07T11:40:14","guid":{"rendered":"https:\/\/www.specagra.ee.nemokamossvetaines.hostingas.lt\/?post_type=product&#038;p=4327"},"modified":"2020-08-14T09:04:39","modified_gmt":"2020-08-14T11:04:39","slug":"surio-presas-milky-fj-2-50-pcp","status":"publish","type":"product","link":"https:\/\/specagra.ee\/?product=surio-presas-milky-fj-2-50-pcp","title":{"rendered":"S\u016brio presas MILKY FJ 2\/50 PCP"},"content":{"rendered":"<p><strong>Bendrosios savyb\u0117s:<\/strong><\/p>\n<ul>\n<li>Darbinio stalo plotas: 700x1000x650 mm<\/li>\n<li>Pneumatinis cilindras: PC 400<\/li>\n<li>Paleidimo rankena VH 212<\/li>\n<li>Reguliatorius sl\u0117giui ARG 20<\/li>\n<li>Tarpsluoksnin\u0117s plok\u0161tel\u0117s 400&#215;400 mm<\/li>\n<\/ul>\n","protected":false},"excerpt":{"rendered":"<p>Bendrosios savyb\u0117s: Darbinio stalo plotas: 700x1000x650 mm Pneumatinis cilindras: PC 400 Paleidimo rankena VH 212 Reguliatorius sl\u0117giui ARG 20 Tarpsluoksnin\u0117s plok\u0161tel\u0117s 400&#215;400 mm<\/p>\n","protected":false},"featured_media":5934,"template":"","meta":{"_et_pb_use_builder":"","_et_pb_old_content":"","_et_gb_content_width":""},"product_brand":[],"product_cat":[191],"product_tag":[],"class_list":{"0":"post-4327","1":"product","2":"type-product","3":"status-publish","4":"has-post-thumbnail","6":"product_cat-juustutootmisseadmed-ja-muud-lahendused","8":"first","9":"instock","10":"shipping-taxable","11":"product-type-simple"},"yoast_head":"<!-- This site is optimized with the Yoast SEO plugin v26.4 - https:\/\/yoast.com\/wordpress\/plugins\/seo\/ -->\n<title>S\u016brio presas MILKY FJ 2\/50 PCP - Specagra<\/title>\n<meta name=\"robots\" content=\"index, follow, max-snippet:-1, max-image-preview:large, max-video-preview:-1\" \/>\n<link rel=\"canonical\" href=\"https:\/\/specagra.ee\/?product=surio-presas-milky-fj-2-50-pcp\" \/>\n<meta property=\"og:locale\" content=\"et_EE\" \/>\n<meta property=\"og:type\" content=\"article\" \/>\n<meta property=\"og:title\" content=\"S\u016brio presas MILKY FJ 2\/50 PCP - Specagra\" \/>\n<meta property=\"og:description\" content=\"Bendrosios savyb\u0117s: Darbinio stalo plotas: 700x1000x650 mm Pneumatinis cilindras: PC 400 Paleidimo rankena VH 212 Reguliatorius sl\u0117giui ARG 20 Tarpsluoksnin\u0117s plok\u0161tel\u0117s 400&#215;400 mm\" \/>\n<meta property=\"og:url\" content=\"https:\/\/specagra.ee\/?product=surio-presas-milky-fj-2-50-pcp\" \/>\n<meta property=\"og:site_name\" content=\"Specagra\" \/>\n<meta property=\"article:modified_time\" content=\"2020-08-14T11:04:39+00:00\" \/>\n<meta property=\"og:image\" content=\"https:\/\/specagra.ee\/wp-content\/uploads\/2020\/07\/13206_Kaesepresse_FJ_250_PCP.jpg\" \/>\n\t<meta property=\"og:image:width\" content=\"1280\" \/>\n\t<meta property=\"og:image:height\" content=\"1280\" \/>\n\t<meta property=\"og:image:type\" content=\"image\/jpeg\" \/>\n<meta name=\"twitter:card\" content=\"summary_large_image\" \/>\n<script type=\"application\/ld+json\" class=\"yoast-schema-graph\">{\"@context\":\"https:\/\/schema.org\",\"@graph\":[{\"@type\":\"WebPage\",\"@id\":\"https:\/\/specagra.ee\/?product=surio-presas-milky-fj-2-50-pcp\",\"url\":\"https:\/\/specagra.ee\/?product=surio-presas-milky-fj-2-50-pcp\",\"name\":\"S\u016brio presas MILKY FJ 2\/50 PCP - Specagra\",\"isPartOf\":{\"@id\":\"https:\/\/specagra.ee\/#website\"},\"primaryImageOfPage\":{\"@id\":\"https:\/\/specagra.ee\/?product=surio-presas-milky-fj-2-50-pcp#primaryimage\"},\"image\":{\"@id\":\"https:\/\/specagra.ee\/?product=surio-presas-milky-fj-2-50-pcp#primaryimage\"},\"thumbnailUrl\":\"https:\/\/specagra.ee\/wp-content\/uploads\/2020\/07\/13206_Kaesepresse_FJ_250_PCP.jpg\",\"datePublished\":\"2020-07-07T11:40:14+00:00\",\"dateModified\":\"2020-08-14T11:04:39+00:00\",\"breadcrumb\":{\"@id\":\"https:\/\/specagra.ee\/?product=surio-presas-milky-fj-2-50-pcp#breadcrumb\"},\"inLanguage\":\"et\",\"potentialAction\":[{\"@type\":\"ReadAction\",\"target\":[\"https:\/\/specagra.ee\/?product=surio-presas-milky-fj-2-50-pcp\"]}]},{\"@type\":\"ImageObject\",\"inLanguage\":\"et\",\"@id\":\"https:\/\/specagra.ee\/?product=surio-presas-milky-fj-2-50-pcp#primaryimage\",\"url\":\"https:\/\/specagra.ee\/wp-content\/uploads\/2020\/07\/13206_Kaesepresse_FJ_250_PCP.jpg\",\"contentUrl\":\"https:\/\/specagra.ee\/wp-content\/uploads\/2020\/07\/13206_Kaesepresse_FJ_250_PCP.jpg\",\"width\":1280,\"height\":1280},{\"@type\":\"BreadcrumbList\",\"@id\":\"https:\/\/specagra.ee\/?product=surio-presas-milky-fj-2-50-pcp#breadcrumb\",\"itemListElement\":[{\"@type\":\"ListItem\",\"position\":1,\"name\":\"Home\",\"item\":\"https:\/\/www.specagra.ee\/\"},{\"@type\":\"ListItem\",\"position\":2,\"name\":\"P\u00f5llumajandustehnika ja loomakasvatus\",\"item\":\"https:\/\/specagra.ee\/?page_id=18493\"},{\"@type\":\"ListItem\",\"position\":3,\"name\":\"S\u016brio presas MILKY FJ 2\/50 PCP\"}]},{\"@type\":\"WebSite\",\"@id\":\"https:\/\/specagra.ee\/#website\",\"url\":\"https:\/\/specagra.ee\/\",\"name\":\"Specagra\",\"description\":\"P\u00f5llumajandustehnika ja varuosad\",\"publisher\":{\"@id\":\"https:\/\/specagra.ee\/#organization\"},\"potentialAction\":[{\"@type\":\"SearchAction\",\"target\":{\"@type\":\"EntryPoint\",\"urlTemplate\":\"https:\/\/specagra.ee\/?s={search_term_string}\"},\"query-input\":{\"@type\":\"PropertyValueSpecification\",\"valueRequired\":true,\"valueName\":\"search_term_string\"}}],\"inLanguage\":\"et\"},{\"@type\":\"Organization\",\"@id\":\"https:\/\/specagra.ee\/#organization\",\"name\":\"UAB Specagra\",\"url\":\"https:\/\/specagra.ee\/\",\"logo\":{\"@type\":\"ImageObject\",\"inLanguage\":\"et\",\"@id\":\"https:\/\/specagra.ee\/#\/schema\/logo\/image\/\",\"url\":\"http:\/\/www.specagra.ee\/wp-content\/uploads\/2022\/02\/SP-logo_naujas-scaled.jpg\",\"contentUrl\":\"http:\/\/www.specagra.ee\/wp-content\/uploads\/2022\/02\/SP-logo_naujas-scaled.jpg\",\"width\":2560,\"height\":326,\"caption\":\"UAB Specagra\"},\"image\":{\"@id\":\"https:\/\/specagra.ee\/#\/schema\/logo\/image\/\"}}]}<\/script>\n<!-- \/ Yoast SEO plugin. -->","yoast_head_json":{"title":"S\u016brio presas MILKY FJ 2\/50 PCP - Specagra","robots":{"index":"index","follow":"follow","max-snippet":"max-snippet:-1","max-image-preview":"max-image-preview:large","max-video-preview":"max-video-preview:-1"},"canonical":"https:\/\/specagra.ee\/?product=surio-presas-milky-fj-2-50-pcp","og_locale":"et_EE","og_type":"article","og_title":"S\u016brio presas MILKY FJ 2\/50 PCP - Specagra","og_description":"Bendrosios savyb\u0117s: Darbinio stalo plotas: 700x1000x650 mm Pneumatinis cilindras: PC 400 Paleidimo rankena VH 212 Reguliatorius sl\u0117giui ARG 20 Tarpsluoksnin\u0117s plok\u0161tel\u0117s 400&#215;400 mm","og_url":"https:\/\/specagra.ee\/?product=surio-presas-milky-fj-2-50-pcp","og_site_name":"Specagra","article_modified_time":"2020-08-14T11:04:39+00:00","og_image":[{"width":1280,"height":1280,"url":"https:\/\/specagra.ee\/wp-content\/uploads\/2020\/07\/13206_Kaesepresse_FJ_250_PCP.jpg","type":"image\/jpeg"}],"twitter_card":"summary_large_image","schema":{"@context":"https:\/\/schema.org","@graph":[{"@type":"WebPage","@id":"https:\/\/specagra.ee\/?product=surio-presas-milky-fj-2-50-pcp","url":"https:\/\/specagra.ee\/?product=surio-presas-milky-fj-2-50-pcp","name":"S\u016brio presas MILKY FJ 2\/50 PCP - Specagra","isPartOf":{"@id":"https:\/\/specagra.ee\/#website"},"primaryImageOfPage":{"@id":"https:\/\/specagra.ee\/?product=surio-presas-milky-fj-2-50-pcp#primaryimage"},"image":{"@id":"https:\/\/specagra.ee\/?product=surio-presas-milky-fj-2-50-pcp#primaryimage"},"thumbnailUrl":"https:\/\/specagra.ee\/wp-content\/uploads\/2020\/07\/13206_Kaesepresse_FJ_250_PCP.jpg","datePublished":"2020-07-07T11:40:14+00:00","dateModified":"2020-08-14T11:04:39+00:00","breadcrumb":{"@id":"https:\/\/specagra.ee\/?product=surio-presas-milky-fj-2-50-pcp#breadcrumb"},"inLanguage":"et","potentialAction":[{"@type":"ReadAction","target":["https:\/\/specagra.ee\/?product=surio-presas-milky-fj-2-50-pcp"]}]},{"@type":"ImageObject","inLanguage":"et","@id":"https:\/\/specagra.ee\/?product=surio-presas-milky-fj-2-50-pcp#primaryimage","url":"https:\/\/specagra.ee\/wp-content\/uploads\/2020\/07\/13206_Kaesepresse_FJ_250_PCP.jpg","contentUrl":"https:\/\/specagra.ee\/wp-content\/uploads\/2020\/07\/13206_Kaesepresse_FJ_250_PCP.jpg","width":1280,"height":1280},{"@type":"BreadcrumbList","@id":"https:\/\/specagra.ee\/?product=surio-presas-milky-fj-2-50-pcp#breadcrumb","itemListElement":[{"@type":"ListItem","position":1,"name":"Home","item":"https:\/\/www.specagra.ee\/"},{"@type":"ListItem","position":2,"name":"P\u00f5llumajandustehnika ja loomakasvatus","item":"https:\/\/specagra.ee\/?page_id=18493"},{"@type":"ListItem","position":3,"name":"S\u016brio presas MILKY FJ 2\/50 PCP"}]},{"@type":"WebSite","@id":"https:\/\/specagra.ee\/#website","url":"https:\/\/specagra.ee\/","name":"Specagra","description":"P\u00f5llumajandustehnika ja varuosad","publisher":{"@id":"https:\/\/specagra.ee\/#organization"},"potentialAction":[{"@type":"SearchAction","target":{"@type":"EntryPoint","urlTemplate":"https:\/\/specagra.ee\/?s={search_term_string}"},"query-input":{"@type":"PropertyValueSpecification","valueRequired":true,"valueName":"search_term_string"}}],"inLanguage":"et"},{"@type":"Organization","@id":"https:\/\/specagra.ee\/#organization","name":"UAB Specagra","url":"https:\/\/specagra.ee\/","logo":{"@type":"ImageObject","inLanguage":"et","@id":"https:\/\/specagra.ee\/#\/schema\/logo\/image\/","url":"http:\/\/www.specagra.ee\/wp-content\/uploads\/2022\/02\/SP-logo_naujas-scaled.jpg","contentUrl":"http:\/\/www.specagra.ee\/wp-content\/uploads\/2022\/02\/SP-logo_naujas-scaled.jpg","width":2560,"height":326,"caption":"UAB Specagra"},"image":{"@id":"https:\/\/specagra.ee\/#\/schema\/logo\/image\/"}}]}},"_links":{"self":[{"href":"https:\/\/specagra.ee\/index.php?rest_route=\/wp\/v2\/product\/4327","targetHints":{"allow":["GET"]}}],"collection":[{"href":"https:\/\/specagra.ee\/index.php?rest_route=\/wp\/v2\/product"}],"about":[{"href":"https:\/\/specagra.ee\/index.php?rest_route=\/wp\/v2\/types\/product"}],"wp:featuredmedia":[{"embeddable":true,"href":"https:\/\/specagra.ee\/index.php?rest_route=\/wp\/v2\/media\/5934"}],"wp:attachment":[{"href":"https:\/\/specagra.ee\/index.php?rest_route=%2Fwp%2Fv2%2Fmedia&parent=4327"}],"wp:term":[{"taxonomy":"product_brand","embeddable":true,"href":"https:\/\/specagra.ee\/index.php?rest_route=%2Fwp%2Fv2%2Fproduct_brand&post=4327"},{"taxonomy":"product_cat","embeddable":true,"href":"https:\/\/specagra.ee\/index.php?rest_route=%2Fwp%2Fv2%2Fproduct_cat&post=4327"},{"taxonomy":"product_tag","embeddable":true,"href":"https:\/\/specagra.ee\/index.php?rest_route=%2Fwp%2Fv2%2Fproduct_tag&post=4327"}],"curies":[{"name":"wp","href":"https:\/\/api.w.org\/{rel}","templated":true}]}}