{"id":43223,"date":"2024-11-08T07:00:34","date_gmt":"2024-11-08T09:00:34","guid":{"rendered":"https:\/\/www.specagra.ee\/?post_type=product&#038;p=43223"},"modified":"2024-11-08T07:00:34","modified_gmt":"2024-11-08T09:00:34","slug":"rulonavimo-tinkleliai-rondotex-performance","status":"publish","type":"product","link":"https:\/\/specagra.ee\/?product=rulonavimo-tinkleliai-rondotex-performance","title":{"rendered":"Rulonavimo tinkleliai RONDOTEX PERFORMANCE+"},"content":{"rendered":"<p>\u201eRondotex \u00ae Performance\u201c pasi\u017eymi dideliu atsparumu ply\u0161imui. Sunaudojama ma\u017eiau tinklin\u0117s pl\u0117vel\u0117s rulonui, palyginti su kitomis rinkoje esan\u010diomis standartin\u0117mis tinklin\u0117mis pl\u0117vel\u0117mis, d\u0117l to susidaro ma\u017eiau atliek\u0173 ir ma\u017e\u0117ja vieno rulono kaina, taip pat pabr\u0117\u017eiamas tvarus po\u017ei\u016bris, kurio RKW laikosi jau daugel\u012f met\u0173. U\u017etikrinamas optimalus kra\u0161t\u0173 padengimas, tolygus vyniojimas, atsparumas UV spinduliams ir gali b\u016bti naudojamas visuose pasaulyje paplitusiuose presuose.<\/p>\n<ul>\n<li>Ilgis: 2.000, 2.600, 3.000, 3.600, 4.000 m<\/li>\n<li>Plotis 1,25 m<\/li>\n<li>Naudojamas silosui \/ \u0161ienui \/ \u0161iaudams<\/li>\n<li>Pakuot\u0117 (lengva tvarkyti, lengva pakelti) vamzdin\u0117 pakuot\u0117 su ne\u0161iojimo rankenomis, tarpin\u0117mis<\/li>\n<li>Atsparumas ply\u0161imui 270 kg<\/li>\n<li>Ma\u017eiausia siloso pakuot\u0117: 3,0* \/ \u0161ienas: 3,5* \/ \u0161iaudai: 4,0*.<\/li>\n<li>Padengimas nuo kra\u0161to iki kra\u0161to<\/li>\n<li>12 m\u0117nesi\u0173 apsauga nuo UV spinduli\u0173\u00a0 (visame pasaulyje)<\/li>\n<\/ul>\n","protected":false},"excerpt":{"rendered":"<p>\u201eRondotex \u00ae Performance\u201c pasi\u017eymi dideliu atsparumu ply\u0161imui. Sunaudojama ma\u017eiau tinklin\u0117s pl\u0117vel\u0117s rulonui, palyginti su kitomis rinkoje esan\u010diomis standartin\u0117mis tinklin\u0117mis pl\u0117vel\u0117mis, d\u0117l to susidaro ma\u017eiau atliek\u0173 ir ma\u017e\u0117ja vieno rulono kaina, taip pat pabr\u0117\u017eiamas tvarus po\u017ei\u016bris, kurio RKW laikosi jau daugel\u012f met\u0173. U\u017etikrinamas optimalus kra\u0161t\u0173 padengimas, tolygus vyniojimas, atsparumas UV spinduliams ir gali b\u016bti naudojamas visuose [&hellip;]<\/p>\n","protected":false},"featured_media":43224,"template":"","meta":{"_et_pb_use_builder":"","_et_pb_old_content":"","_et_gb_content_width":""},"product_brand":[],"product_cat":[121],"product_tag":[],"class_list":{"0":"post-43223","1":"product","2":"type-product","3":"status-publish","4":"has-post-thumbnail","6":"product_cat-ruloonivorgud","8":"first","9":"instock","10":"shipping-taxable","11":"product-type-simple"},"yoast_head":"<!-- This site is optimized with the Yoast SEO plugin v26.4 - https:\/\/yoast.com\/wordpress\/plugins\/seo\/ -->\n<title>Rulonavimo tinkleliai RONDOTEX PERFORMANCE+ - Specagra<\/title>\n<meta name=\"robots\" content=\"index, follow, max-snippet:-1, max-image-preview:large, max-video-preview:-1\" \/>\n<link rel=\"canonical\" href=\"https:\/\/specagra.ee\/?product=rulonavimo-tinkleliai-rondotex-performance\" \/>\n<meta property=\"og:locale\" content=\"et_EE\" \/>\n<meta property=\"og:type\" content=\"article\" \/>\n<meta property=\"og:title\" content=\"Rulonavimo tinkleliai RONDOTEX PERFORMANCE+ - Specagra\" \/>\n<meta property=\"og:description\" content=\"\u201eRondotex \u00ae Performance\u201c pasi\u017eymi dideliu atsparumu ply\u0161imui. Sunaudojama ma\u017eiau tinklin\u0117s pl\u0117vel\u0117s rulonui, palyginti su kitomis rinkoje esan\u010diomis standartin\u0117mis tinklin\u0117mis pl\u0117vel\u0117mis, d\u0117l to susidaro ma\u017eiau atliek\u0173 ir ma\u017e\u0117ja vieno rulono kaina, taip pat pabr\u0117\u017eiamas tvarus po\u017ei\u016bris, kurio RKW laikosi jau daugel\u012f met\u0173. U\u017etikrinamas optimalus kra\u0161t\u0173 padengimas, tolygus vyniojimas, atsparumas UV spinduliams ir gali b\u016bti naudojamas visuose [&hellip;]\" \/>\n<meta property=\"og:url\" content=\"https:\/\/specagra.ee\/?product=rulonavimo-tinkleliai-rondotex-performance\" \/>\n<meta property=\"og:site_name\" content=\"Specagra\" \/>\n<meta property=\"og:image\" content=\"https:\/\/specagra.ee\/wp-content\/uploads\/2024\/11\/Untitled-design9.jpg\" \/>\n\t<meta property=\"og:image:width\" content=\"900\" \/>\n\t<meta property=\"og:image:height\" content=\"900\" \/>\n\t<meta property=\"og:image:type\" content=\"image\/jpeg\" \/>\n<meta name=\"twitter:card\" content=\"summary_large_image\" \/>\n<meta name=\"twitter:label1\" content=\"Est. reading time\" \/>\n\t<meta name=\"twitter:data1\" content=\"1 minut\" \/>\n<script type=\"application\/ld+json\" class=\"yoast-schema-graph\">{\"@context\":\"https:\/\/schema.org\",\"@graph\":[{\"@type\":\"WebPage\",\"@id\":\"https:\/\/specagra.ee\/?product=rulonavimo-tinkleliai-rondotex-performance\",\"url\":\"https:\/\/specagra.ee\/?product=rulonavimo-tinkleliai-rondotex-performance\",\"name\":\"Rulonavimo tinkleliai RONDOTEX PERFORMANCE+ - Specagra\",\"isPartOf\":{\"@id\":\"https:\/\/specagra.ee\/#website\"},\"primaryImageOfPage\":{\"@id\":\"https:\/\/specagra.ee\/?product=rulonavimo-tinkleliai-rondotex-performance#primaryimage\"},\"image\":{\"@id\":\"https:\/\/specagra.ee\/?product=rulonavimo-tinkleliai-rondotex-performance#primaryimage\"},\"thumbnailUrl\":\"https:\/\/specagra.ee\/wp-content\/uploads\/2024\/11\/Untitled-design9.jpg\",\"datePublished\":\"2024-11-08T09:00:34+00:00\",\"breadcrumb\":{\"@id\":\"https:\/\/specagra.ee\/?product=rulonavimo-tinkleliai-rondotex-performance#breadcrumb\"},\"inLanguage\":\"et\",\"potentialAction\":[{\"@type\":\"ReadAction\",\"target\":[\"https:\/\/specagra.ee\/?product=rulonavimo-tinkleliai-rondotex-performance\"]}]},{\"@type\":\"ImageObject\",\"inLanguage\":\"et\",\"@id\":\"https:\/\/specagra.ee\/?product=rulonavimo-tinkleliai-rondotex-performance#primaryimage\",\"url\":\"https:\/\/specagra.ee\/wp-content\/uploads\/2024\/11\/Untitled-design9.jpg\",\"contentUrl\":\"https:\/\/specagra.ee\/wp-content\/uploads\/2024\/11\/Untitled-design9.jpg\",\"width\":900,\"height\":900},{\"@type\":\"BreadcrumbList\",\"@id\":\"https:\/\/specagra.ee\/?product=rulonavimo-tinkleliai-rondotex-performance#breadcrumb\",\"itemListElement\":[{\"@type\":\"ListItem\",\"position\":1,\"name\":\"Home\",\"item\":\"https:\/\/www.specagra.ee\/\"},{\"@type\":\"ListItem\",\"position\":2,\"name\":\"P\u00f5llumajandustehnika ja loomakasvatus\",\"item\":\"https:\/\/specagra.ee\/?page_id=18493\"},{\"@type\":\"ListItem\",\"position\":3,\"name\":\"Rulonavimo tinkleliai RONDOTEX PERFORMANCE+\"}]},{\"@type\":\"WebSite\",\"@id\":\"https:\/\/specagra.ee\/#website\",\"url\":\"https:\/\/specagra.ee\/\",\"name\":\"Specagra\",\"description\":\"P\u00f5llumajandustehnika ja varuosad\",\"publisher\":{\"@id\":\"https:\/\/specagra.ee\/#organization\"},\"potentialAction\":[{\"@type\":\"SearchAction\",\"target\":{\"@type\":\"EntryPoint\",\"urlTemplate\":\"https:\/\/specagra.ee\/?s={search_term_string}\"},\"query-input\":{\"@type\":\"PropertyValueSpecification\",\"valueRequired\":true,\"valueName\":\"search_term_string\"}}],\"inLanguage\":\"et\"},{\"@type\":\"Organization\",\"@id\":\"https:\/\/specagra.ee\/#organization\",\"name\":\"UAB Specagra\",\"url\":\"https:\/\/specagra.ee\/\",\"logo\":{\"@type\":\"ImageObject\",\"inLanguage\":\"et\",\"@id\":\"https:\/\/specagra.ee\/#\/schema\/logo\/image\/\",\"url\":\"http:\/\/www.specagra.ee\/wp-content\/uploads\/2022\/02\/SP-logo_naujas-scaled.jpg\",\"contentUrl\":\"http:\/\/www.specagra.ee\/wp-content\/uploads\/2022\/02\/SP-logo_naujas-scaled.jpg\",\"width\":2560,\"height\":326,\"caption\":\"UAB Specagra\"},\"image\":{\"@id\":\"https:\/\/specagra.ee\/#\/schema\/logo\/image\/\"}}]}<\/script>\n<!-- \/ Yoast SEO plugin. -->","yoast_head_json":{"title":"Rulonavimo tinkleliai RONDOTEX PERFORMANCE+ - Specagra","robots":{"index":"index","follow":"follow","max-snippet":"max-snippet:-1","max-image-preview":"max-image-preview:large","max-video-preview":"max-video-preview:-1"},"canonical":"https:\/\/specagra.ee\/?product=rulonavimo-tinkleliai-rondotex-performance","og_locale":"et_EE","og_type":"article","og_title":"Rulonavimo tinkleliai RONDOTEX PERFORMANCE+ - Specagra","og_description":"\u201eRondotex \u00ae Performance\u201c pasi\u017eymi dideliu atsparumu ply\u0161imui. Sunaudojama ma\u017eiau tinklin\u0117s pl\u0117vel\u0117s rulonui, palyginti su kitomis rinkoje esan\u010diomis standartin\u0117mis tinklin\u0117mis pl\u0117vel\u0117mis, d\u0117l to susidaro ma\u017eiau atliek\u0173 ir ma\u017e\u0117ja vieno rulono kaina, taip pat pabr\u0117\u017eiamas tvarus po\u017ei\u016bris, kurio RKW laikosi jau daugel\u012f met\u0173. U\u017etikrinamas optimalus kra\u0161t\u0173 padengimas, tolygus vyniojimas, atsparumas UV spinduliams ir gali b\u016bti naudojamas visuose [&hellip;]","og_url":"https:\/\/specagra.ee\/?product=rulonavimo-tinkleliai-rondotex-performance","og_site_name":"Specagra","og_image":[{"width":900,"height":900,"url":"https:\/\/specagra.ee\/wp-content\/uploads\/2024\/11\/Untitled-design9.jpg","type":"image\/jpeg"}],"twitter_card":"summary_large_image","twitter_misc":{"Est. reading time":"1 minut"},"schema":{"@context":"https:\/\/schema.org","@graph":[{"@type":"WebPage","@id":"https:\/\/specagra.ee\/?product=rulonavimo-tinkleliai-rondotex-performance","url":"https:\/\/specagra.ee\/?product=rulonavimo-tinkleliai-rondotex-performance","name":"Rulonavimo tinkleliai RONDOTEX PERFORMANCE+ - Specagra","isPartOf":{"@id":"https:\/\/specagra.ee\/#website"},"primaryImageOfPage":{"@id":"https:\/\/specagra.ee\/?product=rulonavimo-tinkleliai-rondotex-performance#primaryimage"},"image":{"@id":"https:\/\/specagra.ee\/?product=rulonavimo-tinkleliai-rondotex-performance#primaryimage"},"thumbnailUrl":"https:\/\/specagra.ee\/wp-content\/uploads\/2024\/11\/Untitled-design9.jpg","datePublished":"2024-11-08T09:00:34+00:00","breadcrumb":{"@id":"https:\/\/specagra.ee\/?product=rulonavimo-tinkleliai-rondotex-performance#breadcrumb"},"inLanguage":"et","potentialAction":[{"@type":"ReadAction","target":["https:\/\/specagra.ee\/?product=rulonavimo-tinkleliai-rondotex-performance"]}]},{"@type":"ImageObject","inLanguage":"et","@id":"https:\/\/specagra.ee\/?product=rulonavimo-tinkleliai-rondotex-performance#primaryimage","url":"https:\/\/specagra.ee\/wp-content\/uploads\/2024\/11\/Untitled-design9.jpg","contentUrl":"https:\/\/specagra.ee\/wp-content\/uploads\/2024\/11\/Untitled-design9.jpg","width":900,"height":900},{"@type":"BreadcrumbList","@id":"https:\/\/specagra.ee\/?product=rulonavimo-tinkleliai-rondotex-performance#breadcrumb","itemListElement":[{"@type":"ListItem","position":1,"name":"Home","item":"https:\/\/www.specagra.ee\/"},{"@type":"ListItem","position":2,"name":"P\u00f5llumajandustehnika ja loomakasvatus","item":"https:\/\/specagra.ee\/?page_id=18493"},{"@type":"ListItem","position":3,"name":"Rulonavimo tinkleliai RONDOTEX PERFORMANCE+"}]},{"@type":"WebSite","@id":"https:\/\/specagra.ee\/#website","url":"https:\/\/specagra.ee\/","name":"Specagra","description":"P\u00f5llumajandustehnika ja varuosad","publisher":{"@id":"https:\/\/specagra.ee\/#organization"},"potentialAction":[{"@type":"SearchAction","target":{"@type":"EntryPoint","urlTemplate":"https:\/\/specagra.ee\/?s={search_term_string}"},"query-input":{"@type":"PropertyValueSpecification","valueRequired":true,"valueName":"search_term_string"}}],"inLanguage":"et"},{"@type":"Organization","@id":"https:\/\/specagra.ee\/#organization","name":"UAB Specagra","url":"https:\/\/specagra.ee\/","logo":{"@type":"ImageObject","inLanguage":"et","@id":"https:\/\/specagra.ee\/#\/schema\/logo\/image\/","url":"http:\/\/www.specagra.ee\/wp-content\/uploads\/2022\/02\/SP-logo_naujas-scaled.jpg","contentUrl":"http:\/\/www.specagra.ee\/wp-content\/uploads\/2022\/02\/SP-logo_naujas-scaled.jpg","width":2560,"height":326,"caption":"UAB Specagra"},"image":{"@id":"https:\/\/specagra.ee\/#\/schema\/logo\/image\/"}}]}},"_links":{"self":[{"href":"https:\/\/specagra.ee\/index.php?rest_route=\/wp\/v2\/product\/43223","targetHints":{"allow":["GET"]}}],"collection":[{"href":"https:\/\/specagra.ee\/index.php?rest_route=\/wp\/v2\/product"}],"about":[{"href":"https:\/\/specagra.ee\/index.php?rest_route=\/wp\/v2\/types\/product"}],"wp:featuredmedia":[{"embeddable":true,"href":"https:\/\/specagra.ee\/index.php?rest_route=\/wp\/v2\/media\/43224"}],"wp:attachment":[{"href":"https:\/\/specagra.ee\/index.php?rest_route=%2Fwp%2Fv2%2Fmedia&parent=43223"}],"wp:term":[{"taxonomy":"product_brand","embeddable":true,"href":"https:\/\/specagra.ee\/index.php?rest_route=%2Fwp%2Fv2%2Fproduct_brand&post=43223"},{"taxonomy":"product_cat","embeddable":true,"href":"https:\/\/specagra.ee\/index.php?rest_route=%2Fwp%2Fv2%2Fproduct_cat&post=43223"},{"taxonomy":"product_tag","embeddable":true,"href":"https:\/\/specagra.ee\/index.php?rest_route=%2Fwp%2Fv2%2Fproduct_tag&post=43223"}],"curies":[{"name":"wp","href":"https:\/\/api.w.org\/{rel}","templated":true}]}}