{"id":43210,"date":"2024-11-08T06:09:00","date_gmt":"2024-11-08T08:09:00","guid":{"rendered":"https:\/\/www.specagra.ee\/?post_type=product&#038;p=43210"},"modified":"2024-11-22T06:35:42","modified_gmt":"2024-11-22T08:35:42","slug":"tinklelis-nuo-vabzdziu","status":"publish","type":"product","link":"https:\/\/specagra.ee\/?product=tinklelis-nuo-vabzdziu","title":{"rendered":"Tinklelis nuo vabzd\u017ei\u0173"},"content":{"rendered":"<p>Tai apsauginis tinklas, kuris neleid\u017eia vabzd\u017eiams kenk\u0117jams (mus\u0117ms, blak\u0117ms, amarams, vaisin\u0117ms musel\u0117ms ir kt.) pulti dar\u017eovi\u0173 pas\u0117li\u0173 atviruose laukuose, taip pat pas\u0117li\u0173 \u0161iltnamiuose ir vaismed\u017ei\u0173.<\/p>\n<p>Tai nat\u016braliausia prevencijos forma \u017eem\u0117s \u016bkyje nenaudojant pesticid\u0173 (ekologinis \u016bkininkavimas).<\/p>\n<p>Leid\u017eia cirkuliuoti orui ir apsaugo nuo stipraus v\u0117jo, sukurdama mikroklimat\u0105, kuris padeda padidinti derli\u0173.<\/p>\n<p><b>Standartiniai dyd\u017eiai:<\/b><\/p>\n<p>2 x 100 m | 6 x 100 m | 12 x 100 m | Galima pagaminti pagal u\u017esakym\u0105<\/p>\n<p><b>Spalva<\/b><\/p>\n<p>Galima balta arba bespalv\u0117 \/ kri\u0161tolin\u0117<\/p>\n<p>Apsaugota nuo UV spinduli\u0173<\/p>\n<p><b>Svoris<\/b><\/p>\n<p>Nuo 80 g\/m2 iki 120 g\/m2<\/p>\n","protected":false},"excerpt":{"rendered":"<p>Tai apsauginis tinklas, kuris neleid\u017eia vabzd\u017eiams kenk\u0117jams (mus\u0117ms, blak\u0117ms, amarams, vaisin\u0117ms musel\u0117ms ir kt.) pulti dar\u017eovi\u0173 pas\u0117li\u0173 atviruose laukuose, taip pat pas\u0117li\u0173 \u0161iltnamiuose ir vaismed\u017ei\u0173. Tai nat\u016braliausia prevencijos forma \u017eem\u0117s \u016bkyje nenaudojant pesticid\u0173 (ekologinis \u016bkininkavimas). Leid\u017eia cirkuliuoti orui ir apsaugo nuo stipraus v\u0117jo, sukurdama mikroklimat\u0105, kuris padeda padidinti derli\u0173. Standartiniai dyd\u017eiai: 2 x 100 m [&hellip;]<\/p>\n","protected":false},"featured_media":43212,"template":"","meta":{"_et_pb_use_builder":"","_et_pb_old_content":"","_et_gb_content_width":""},"product_brand":[],"product_cat":[290,123],"product_tag":[],"class_list":{"0":"post-43210","1":"product","2":"type-product","3":"status-publish","4":"has-post-thumbnail","6":"product_cat-kaitsekatted","7":"product_cat-kaitsekatted-ja-tarvikud","9":"first","10":"instock","11":"shipping-taxable","12":"product-type-simple"},"yoast_head":"<!-- This site is optimized with the Yoast SEO plugin v26.4 - https:\/\/yoast.com\/wordpress\/plugins\/seo\/ -->\n<title>Tinklelis nuo vabzd\u017ei\u0173 - Specagra<\/title>\n<meta name=\"robots\" content=\"index, follow, max-snippet:-1, max-image-preview:large, max-video-preview:-1\" \/>\n<link rel=\"canonical\" href=\"https:\/\/specagra.ee\/?product=tinklelis-nuo-vabzdziu\" \/>\n<meta property=\"og:locale\" content=\"et_EE\" \/>\n<meta property=\"og:type\" content=\"article\" \/>\n<meta property=\"og:title\" content=\"Tinklelis nuo vabzd\u017ei\u0173 - Specagra\" \/>\n<meta property=\"og:description\" content=\"Tai apsauginis tinklas, kuris neleid\u017eia vabzd\u017eiams kenk\u0117jams (mus\u0117ms, blak\u0117ms, amarams, vaisin\u0117ms musel\u0117ms ir kt.) pulti dar\u017eovi\u0173 pas\u0117li\u0173 atviruose laukuose, taip pat pas\u0117li\u0173 \u0161iltnamiuose ir vaismed\u017ei\u0173. Tai nat\u016braliausia prevencijos forma \u017eem\u0117s \u016bkyje nenaudojant pesticid\u0173 (ekologinis \u016bkininkavimas). Leid\u017eia cirkuliuoti orui ir apsaugo nuo stipraus v\u0117jo, sukurdama mikroklimat\u0105, kuris padeda padidinti derli\u0173. Standartiniai dyd\u017eiai: 2 x 100 m [&hellip;]\" \/>\n<meta property=\"og:url\" content=\"https:\/\/specagra.ee\/?product=tinklelis-nuo-vabzdziu\" \/>\n<meta property=\"og:site_name\" content=\"Specagra\" \/>\n<meta property=\"article:modified_time\" content=\"2024-11-22T08:35:42+00:00\" \/>\n<meta property=\"og:image\" content=\"https:\/\/specagra.ee\/wp-content\/uploads\/2024\/11\/Untitled-design2-4.jpg\" \/>\n\t<meta property=\"og:image:width\" content=\"900\" \/>\n\t<meta property=\"og:image:height\" content=\"900\" \/>\n\t<meta property=\"og:image:type\" content=\"image\/jpeg\" \/>\n<meta name=\"twitter:card\" content=\"summary_large_image\" \/>\n<meta name=\"twitter:label1\" content=\"Est. reading time\" \/>\n\t<meta name=\"twitter:data1\" content=\"1 minut\" \/>\n<script type=\"application\/ld+json\" class=\"yoast-schema-graph\">{\"@context\":\"https:\/\/schema.org\",\"@graph\":[{\"@type\":\"WebPage\",\"@id\":\"https:\/\/specagra.ee\/?product=tinklelis-nuo-vabzdziu\",\"url\":\"https:\/\/specagra.ee\/?product=tinklelis-nuo-vabzdziu\",\"name\":\"Tinklelis nuo vabzd\u017ei\u0173 - Specagra\",\"isPartOf\":{\"@id\":\"https:\/\/specagra.ee\/#website\"},\"primaryImageOfPage\":{\"@id\":\"https:\/\/specagra.ee\/?product=tinklelis-nuo-vabzdziu#primaryimage\"},\"image\":{\"@id\":\"https:\/\/specagra.ee\/?product=tinklelis-nuo-vabzdziu#primaryimage\"},\"thumbnailUrl\":\"https:\/\/specagra.ee\/wp-content\/uploads\/2024\/11\/Untitled-design2-4.jpg\",\"datePublished\":\"2024-11-08T08:09:00+00:00\",\"dateModified\":\"2024-11-22T08:35:42+00:00\",\"breadcrumb\":{\"@id\":\"https:\/\/specagra.ee\/?product=tinklelis-nuo-vabzdziu#breadcrumb\"},\"inLanguage\":\"et\",\"potentialAction\":[{\"@type\":\"ReadAction\",\"target\":[\"https:\/\/specagra.ee\/?product=tinklelis-nuo-vabzdziu\"]}]},{\"@type\":\"ImageObject\",\"inLanguage\":\"et\",\"@id\":\"https:\/\/specagra.ee\/?product=tinklelis-nuo-vabzdziu#primaryimage\",\"url\":\"https:\/\/specagra.ee\/wp-content\/uploads\/2024\/11\/Untitled-design2-4.jpg\",\"contentUrl\":\"https:\/\/specagra.ee\/wp-content\/uploads\/2024\/11\/Untitled-design2-4.jpg\",\"width\":900,\"height\":900},{\"@type\":\"BreadcrumbList\",\"@id\":\"https:\/\/specagra.ee\/?product=tinklelis-nuo-vabzdziu#breadcrumb\",\"itemListElement\":[{\"@type\":\"ListItem\",\"position\":1,\"name\":\"Home\",\"item\":\"https:\/\/www.specagra.ee\/\"},{\"@type\":\"ListItem\",\"position\":2,\"name\":\"P\u00f5llumajandustehnika ja loomakasvatus\",\"item\":\"https:\/\/specagra.ee\/?page_id=18493\"},{\"@type\":\"ListItem\",\"position\":3,\"name\":\"Tinklelis nuo vabzd\u017ei\u0173\"}]},{\"@type\":\"WebSite\",\"@id\":\"https:\/\/specagra.ee\/#website\",\"url\":\"https:\/\/specagra.ee\/\",\"name\":\"Specagra\",\"description\":\"P\u00f5llumajandustehnika ja varuosad\",\"publisher\":{\"@id\":\"https:\/\/specagra.ee\/#organization\"},\"potentialAction\":[{\"@type\":\"SearchAction\",\"target\":{\"@type\":\"EntryPoint\",\"urlTemplate\":\"https:\/\/specagra.ee\/?s={search_term_string}\"},\"query-input\":{\"@type\":\"PropertyValueSpecification\",\"valueRequired\":true,\"valueName\":\"search_term_string\"}}],\"inLanguage\":\"et\"},{\"@type\":\"Organization\",\"@id\":\"https:\/\/specagra.ee\/#organization\",\"name\":\"UAB Specagra\",\"url\":\"https:\/\/specagra.ee\/\",\"logo\":{\"@type\":\"ImageObject\",\"inLanguage\":\"et\",\"@id\":\"https:\/\/specagra.ee\/#\/schema\/logo\/image\/\",\"url\":\"http:\/\/www.specagra.ee\/wp-content\/uploads\/2022\/02\/SP-logo_naujas-scaled.jpg\",\"contentUrl\":\"http:\/\/www.specagra.ee\/wp-content\/uploads\/2022\/02\/SP-logo_naujas-scaled.jpg\",\"width\":2560,\"height\":326,\"caption\":\"UAB Specagra\"},\"image\":{\"@id\":\"https:\/\/specagra.ee\/#\/schema\/logo\/image\/\"}}]}<\/script>\n<!-- \/ Yoast SEO plugin. -->","yoast_head_json":{"title":"Tinklelis nuo vabzd\u017ei\u0173 - Specagra","robots":{"index":"index","follow":"follow","max-snippet":"max-snippet:-1","max-image-preview":"max-image-preview:large","max-video-preview":"max-video-preview:-1"},"canonical":"https:\/\/specagra.ee\/?product=tinklelis-nuo-vabzdziu","og_locale":"et_EE","og_type":"article","og_title":"Tinklelis nuo vabzd\u017ei\u0173 - Specagra","og_description":"Tai apsauginis tinklas, kuris neleid\u017eia vabzd\u017eiams kenk\u0117jams (mus\u0117ms, blak\u0117ms, amarams, vaisin\u0117ms musel\u0117ms ir kt.) pulti dar\u017eovi\u0173 pas\u0117li\u0173 atviruose laukuose, taip pat pas\u0117li\u0173 \u0161iltnamiuose ir vaismed\u017ei\u0173. Tai nat\u016braliausia prevencijos forma \u017eem\u0117s \u016bkyje nenaudojant pesticid\u0173 (ekologinis \u016bkininkavimas). Leid\u017eia cirkuliuoti orui ir apsaugo nuo stipraus v\u0117jo, sukurdama mikroklimat\u0105, kuris padeda padidinti derli\u0173. Standartiniai dyd\u017eiai: 2 x 100 m [&hellip;]","og_url":"https:\/\/specagra.ee\/?product=tinklelis-nuo-vabzdziu","og_site_name":"Specagra","article_modified_time":"2024-11-22T08:35:42+00:00","og_image":[{"width":900,"height":900,"url":"https:\/\/specagra.ee\/wp-content\/uploads\/2024\/11\/Untitled-design2-4.jpg","type":"image\/jpeg"}],"twitter_card":"summary_large_image","twitter_misc":{"Est. reading time":"1 minut"},"schema":{"@context":"https:\/\/schema.org","@graph":[{"@type":"WebPage","@id":"https:\/\/specagra.ee\/?product=tinklelis-nuo-vabzdziu","url":"https:\/\/specagra.ee\/?product=tinklelis-nuo-vabzdziu","name":"Tinklelis nuo vabzd\u017ei\u0173 - Specagra","isPartOf":{"@id":"https:\/\/specagra.ee\/#website"},"primaryImageOfPage":{"@id":"https:\/\/specagra.ee\/?product=tinklelis-nuo-vabzdziu#primaryimage"},"image":{"@id":"https:\/\/specagra.ee\/?product=tinklelis-nuo-vabzdziu#primaryimage"},"thumbnailUrl":"https:\/\/specagra.ee\/wp-content\/uploads\/2024\/11\/Untitled-design2-4.jpg","datePublished":"2024-11-08T08:09:00+00:00","dateModified":"2024-11-22T08:35:42+00:00","breadcrumb":{"@id":"https:\/\/specagra.ee\/?product=tinklelis-nuo-vabzdziu#breadcrumb"},"inLanguage":"et","potentialAction":[{"@type":"ReadAction","target":["https:\/\/specagra.ee\/?product=tinklelis-nuo-vabzdziu"]}]},{"@type":"ImageObject","inLanguage":"et","@id":"https:\/\/specagra.ee\/?product=tinklelis-nuo-vabzdziu#primaryimage","url":"https:\/\/specagra.ee\/wp-content\/uploads\/2024\/11\/Untitled-design2-4.jpg","contentUrl":"https:\/\/specagra.ee\/wp-content\/uploads\/2024\/11\/Untitled-design2-4.jpg","width":900,"height":900},{"@type":"BreadcrumbList","@id":"https:\/\/specagra.ee\/?product=tinklelis-nuo-vabzdziu#breadcrumb","itemListElement":[{"@type":"ListItem","position":1,"name":"Home","item":"https:\/\/www.specagra.ee\/"},{"@type":"ListItem","position":2,"name":"P\u00f5llumajandustehnika ja loomakasvatus","item":"https:\/\/specagra.ee\/?page_id=18493"},{"@type":"ListItem","position":3,"name":"Tinklelis nuo vabzd\u017ei\u0173"}]},{"@type":"WebSite","@id":"https:\/\/specagra.ee\/#website","url":"https:\/\/specagra.ee\/","name":"Specagra","description":"P\u00f5llumajandustehnika ja varuosad","publisher":{"@id":"https:\/\/specagra.ee\/#organization"},"potentialAction":[{"@type":"SearchAction","target":{"@type":"EntryPoint","urlTemplate":"https:\/\/specagra.ee\/?s={search_term_string}"},"query-input":{"@type":"PropertyValueSpecification","valueRequired":true,"valueName":"search_term_string"}}],"inLanguage":"et"},{"@type":"Organization","@id":"https:\/\/specagra.ee\/#organization","name":"UAB Specagra","url":"https:\/\/specagra.ee\/","logo":{"@type":"ImageObject","inLanguage":"et","@id":"https:\/\/specagra.ee\/#\/schema\/logo\/image\/","url":"http:\/\/www.specagra.ee\/wp-content\/uploads\/2022\/02\/SP-logo_naujas-scaled.jpg","contentUrl":"http:\/\/www.specagra.ee\/wp-content\/uploads\/2022\/02\/SP-logo_naujas-scaled.jpg","width":2560,"height":326,"caption":"UAB Specagra"},"image":{"@id":"https:\/\/specagra.ee\/#\/schema\/logo\/image\/"}}]}},"_links":{"self":[{"href":"https:\/\/specagra.ee\/index.php?rest_route=\/wp\/v2\/product\/43210","targetHints":{"allow":["GET"]}}],"collection":[{"href":"https:\/\/specagra.ee\/index.php?rest_route=\/wp\/v2\/product"}],"about":[{"href":"https:\/\/specagra.ee\/index.php?rest_route=\/wp\/v2\/types\/product"}],"wp:featuredmedia":[{"embeddable":true,"href":"https:\/\/specagra.ee\/index.php?rest_route=\/wp\/v2\/media\/43212"}],"wp:attachment":[{"href":"https:\/\/specagra.ee\/index.php?rest_route=%2Fwp%2Fv2%2Fmedia&parent=43210"}],"wp:term":[{"taxonomy":"product_brand","embeddable":true,"href":"https:\/\/specagra.ee\/index.php?rest_route=%2Fwp%2Fv2%2Fproduct_brand&post=43210"},{"taxonomy":"product_cat","embeddable":true,"href":"https:\/\/specagra.ee\/index.php?rest_route=%2Fwp%2Fv2%2Fproduct_cat&post=43210"},{"taxonomy":"product_tag","embeddable":true,"href":"https:\/\/specagra.ee\/index.php?rest_route=%2Fwp%2Fv2%2Fproduct_tag&post=43210"}],"curies":[{"name":"wp","href":"https:\/\/api.w.org\/{rel}","templated":true}]}}