{"id":43167,"date":"2024-11-05T12:08:46","date_gmt":"2024-11-05T14:08:46","guid":{"rendered":"https:\/\/www.specagra.ee\/?post_type=product&#038;p=43167"},"modified":"2025-01-17T08:33:22","modified_gmt":"2025-01-17T10:33:22","slug":"mesmale-ts-22-inox-su-pjaustymo-sistema","status":"publish","type":"product","link":"https:\/\/specagra.ee\/?product=mesmale-ts-22-inox-su-pjaustymo-sistema","title":{"rendered":"M\u0117smal\u0117 TS 22 Inox su pjaustymo sistema"},"content":{"rendered":"","protected":false},"excerpt":{"rendered":"<p>M\u0117smal\u0117 i\u0161 auk\u0161tos kokyb\u0117s liejamo aliuminio lydinio<\/p>\n<p>Korpusas, sukamosios pavaros dangtelio ver\u017el\u0117, piltuv\u0117lio vamzdelis ir variklio korpusas i\u0161 ner\u016bdijan\u010dio plieno<\/p>\n<p>I\u0161ankstinio pjaustymo sistema \u201eUnger<\/p>\n<p>Galima naudoti ir su dviguba i\u0161ankstinio pjaustymo sistema (16983-UT)<\/p>\n<p>Auk\u0161tos kokyb\u0117s ir strukt\u016bros m\u0117sa d\u0117l tobulo pjaustymo<\/p>\n<p>Savaime galandantys ner\u016bdijan\u010dio plieno peiliai<\/p>\n<p>Asinchroninis indukcinis variklis su ventiliatoriaus ratu<\/p>\n<p>CE normos<\/p>\n<p>Svoris: 24 kg<\/p>\n<p>I\u0161matavimai: 44 x 24 x 51 cm<\/p>\n<p>Maitinimas: 380 V \/ 50 Hz<\/p>\n<p>Sukimasis: 140 aps\/min.<\/p>\n<p>Na\u0161umas: 300 kg\/val.<\/p>\n","protected":false},"featured_media":43959,"template":"","meta":{"_et_pb_use_builder":"","_et_pb_old_content":"","_et_gb_content_width":""},"product_brand":[],"product_cat":[285],"product_tag":[],"class_list":{"0":"post-43167","1":"product","2":"type-product","3":"status-publish","4":"has-post-thumbnail","6":"product_cat-lihaveski","8":"first","9":"instock","10":"shipping-taxable","11":"product-type-simple"},"yoast_head":"<!-- This site is optimized with the Yoast SEO plugin v26.4 - https:\/\/yoast.com\/wordpress\/plugins\/seo\/ -->\n<title>M\u0117smal\u0117 TS 22 Inox su pjaustymo sistema - Specagra<\/title>\n<meta name=\"robots\" content=\"index, follow, max-snippet:-1, max-image-preview:large, max-video-preview:-1\" \/>\n<link rel=\"canonical\" href=\"https:\/\/specagra.ee\/?product=mesmale-ts-22-inox-su-pjaustymo-sistema\" \/>\n<meta property=\"og:locale\" content=\"et_EE\" \/>\n<meta property=\"og:type\" content=\"article\" \/>\n<meta property=\"og:title\" content=\"M\u0117smal\u0117 TS 22 Inox su pjaustymo sistema - Specagra\" \/>\n<meta property=\"og:description\" content=\"M\u0117smal\u0117 i\u0161 auk\u0161tos kokyb\u0117s liejamo aliuminio lydinio  Korpusas, sukamosios pavaros dangtelio ver\u017el\u0117, piltuv\u0117lio vamzdelis ir variklio korpusas i\u0161 ner\u016bdijan\u010dio plieno  I\u0161ankstinio pjaustymo sistema \u201eUnger  Galima naudoti ir su dviguba i\u0161ankstinio pjaustymo sistema (16983-UT)  Auk\u0161tos kokyb\u0117s ir strukt\u016bros m\u0117sa d\u0117l tobulo pjaustymo  Savaime galandantys ner\u016bdijan\u010dio plieno peiliai  Asinchroninis indukcinis variklis su ventiliatoriaus ratu  CE normos  Svoris: 24 kg  I\u0161matavimai: 44 x 24 x 51 cm  Maitinimas: 380 V \/ 50 Hz  Sukimasis: 140 aps\/min.  Na\u0161umas: 300 kg\/val.\" \/>\n<meta property=\"og:url\" content=\"https:\/\/specagra.ee\/?product=mesmale-ts-22-inox-su-pjaustymo-sistema\" \/>\n<meta property=\"og:site_name\" content=\"Specagra\" \/>\n<meta property=\"article:modified_time\" content=\"2025-01-17T10:33:22+00:00\" \/>\n<meta property=\"og:image\" content=\"https:\/\/www.specagra.ee\/wp-content\/uploads\/2024\/11\/Untitled-design6-1.png\" \/>\n\t<meta property=\"og:image:width\" content=\"900\" \/>\n\t<meta property=\"og:image:height\" content=\"900\" \/>\n\t<meta property=\"og:image:type\" content=\"image\/png\" \/>\n<meta name=\"twitter:card\" content=\"summary_large_image\" \/>\n<meta name=\"twitter:label1\" content=\"Est. reading time\" \/>\n\t<meta name=\"twitter:data1\" content=\"1 minut\" \/>\n<script type=\"application\/ld+json\" class=\"yoast-schema-graph\">{\"@context\":\"https:\/\/schema.org\",\"@graph\":[{\"@type\":\"WebPage\",\"@id\":\"https:\/\/specagra.ee\/?product=mesmale-ts-22-inox-su-pjaustymo-sistema\",\"url\":\"https:\/\/specagra.ee\/?product=mesmale-ts-22-inox-su-pjaustymo-sistema\",\"name\":\"M\u0117smal\u0117 TS 22 Inox su pjaustymo sistema - Specagra\",\"isPartOf\":{\"@id\":\"https:\/\/specagra.ee\/#website\"},\"primaryImageOfPage\":{\"@id\":\"https:\/\/specagra.ee\/?product=mesmale-ts-22-inox-su-pjaustymo-sistema#primaryimage\"},\"image\":{\"@id\":\"https:\/\/specagra.ee\/?product=mesmale-ts-22-inox-su-pjaustymo-sistema#primaryimage\"},\"thumbnailUrl\":\"https:\/\/specagra.ee\/wp-content\/uploads\/2024\/11\/Untitled-design6-1.png\",\"datePublished\":\"2024-11-05T14:08:46+00:00\",\"dateModified\":\"2025-01-17T10:33:22+00:00\",\"breadcrumb\":{\"@id\":\"https:\/\/specagra.ee\/?product=mesmale-ts-22-inox-su-pjaustymo-sistema#breadcrumb\"},\"inLanguage\":\"et\",\"potentialAction\":[{\"@type\":\"ReadAction\",\"target\":[\"https:\/\/specagra.ee\/?product=mesmale-ts-22-inox-su-pjaustymo-sistema\"]}]},{\"@type\":\"ImageObject\",\"inLanguage\":\"et\",\"@id\":\"https:\/\/specagra.ee\/?product=mesmale-ts-22-inox-su-pjaustymo-sistema#primaryimage\",\"url\":\"https:\/\/specagra.ee\/wp-content\/uploads\/2024\/11\/Untitled-design6-1.png\",\"contentUrl\":\"https:\/\/specagra.ee\/wp-content\/uploads\/2024\/11\/Untitled-design6-1.png\",\"width\":900,\"height\":900},{\"@type\":\"BreadcrumbList\",\"@id\":\"https:\/\/specagra.ee\/?product=mesmale-ts-22-inox-su-pjaustymo-sistema#breadcrumb\",\"itemListElement\":[{\"@type\":\"ListItem\",\"position\":1,\"name\":\"Home\",\"item\":\"https:\/\/www.specagra.ee\/\"},{\"@type\":\"ListItem\",\"position\":2,\"name\":\"P\u00f5llumajandustehnika ja loomakasvatus\",\"item\":\"https:\/\/specagra.ee\/?page_id=18493\"},{\"@type\":\"ListItem\",\"position\":3,\"name\":\"M\u0117smal\u0117 TS 22 Inox su pjaustymo sistema\"}]},{\"@type\":\"WebSite\",\"@id\":\"https:\/\/specagra.ee\/#website\",\"url\":\"https:\/\/specagra.ee\/\",\"name\":\"Specagra\",\"description\":\"P\u00f5llumajandustehnika ja varuosad\",\"publisher\":{\"@id\":\"https:\/\/specagra.ee\/#organization\"},\"potentialAction\":[{\"@type\":\"SearchAction\",\"target\":{\"@type\":\"EntryPoint\",\"urlTemplate\":\"https:\/\/specagra.ee\/?s={search_term_string}\"},\"query-input\":{\"@type\":\"PropertyValueSpecification\",\"valueRequired\":true,\"valueName\":\"search_term_string\"}}],\"inLanguage\":\"et\"},{\"@type\":\"Organization\",\"@id\":\"https:\/\/specagra.ee\/#organization\",\"name\":\"UAB Specagra\",\"url\":\"https:\/\/specagra.ee\/\",\"logo\":{\"@type\":\"ImageObject\",\"inLanguage\":\"et\",\"@id\":\"https:\/\/specagra.ee\/#\/schema\/logo\/image\/\",\"url\":\"http:\/\/www.specagra.ee\/wp-content\/uploads\/2022\/02\/SP-logo_naujas-scaled.jpg\",\"contentUrl\":\"http:\/\/www.specagra.ee\/wp-content\/uploads\/2022\/02\/SP-logo_naujas-scaled.jpg\",\"width\":2560,\"height\":326,\"caption\":\"UAB Specagra\"},\"image\":{\"@id\":\"https:\/\/specagra.ee\/#\/schema\/logo\/image\/\"}}]}<\/script>\n<!-- \/ Yoast SEO plugin. -->","yoast_head_json":{"title":"M\u0117smal\u0117 TS 22 Inox su pjaustymo sistema - Specagra","robots":{"index":"index","follow":"follow","max-snippet":"max-snippet:-1","max-image-preview":"max-image-preview:large","max-video-preview":"max-video-preview:-1"},"canonical":"https:\/\/specagra.ee\/?product=mesmale-ts-22-inox-su-pjaustymo-sistema","og_locale":"et_EE","og_type":"article","og_title":"M\u0117smal\u0117 TS 22 Inox su pjaustymo sistema - Specagra","og_description":"M\u0117smal\u0117 i\u0161 auk\u0161tos kokyb\u0117s liejamo aliuminio lydinio  Korpusas, sukamosios pavaros dangtelio ver\u017el\u0117, piltuv\u0117lio vamzdelis ir variklio korpusas i\u0161 ner\u016bdijan\u010dio plieno  I\u0161ankstinio pjaustymo sistema \u201eUnger  Galima naudoti ir su dviguba i\u0161ankstinio pjaustymo sistema (16983-UT)  Auk\u0161tos kokyb\u0117s ir strukt\u016bros m\u0117sa d\u0117l tobulo pjaustymo  Savaime galandantys ner\u016bdijan\u010dio plieno peiliai  Asinchroninis indukcinis variklis su ventiliatoriaus ratu  CE normos  Svoris: 24 kg  I\u0161matavimai: 44 x 24 x 51 cm  Maitinimas: 380 V \/ 50 Hz  Sukimasis: 140 aps\/min.  Na\u0161umas: 300 kg\/val.","og_url":"https:\/\/specagra.ee\/?product=mesmale-ts-22-inox-su-pjaustymo-sistema","og_site_name":"Specagra","article_modified_time":"2025-01-17T10:33:22+00:00","og_image":[{"width":900,"height":900,"url":"https:\/\/www.specagra.ee\/wp-content\/uploads\/2024\/11\/Untitled-design6-1.png","type":"image\/png"}],"twitter_card":"summary_large_image","twitter_misc":{"Est. reading time":"1 minut"},"schema":{"@context":"https:\/\/schema.org","@graph":[{"@type":"WebPage","@id":"https:\/\/specagra.ee\/?product=mesmale-ts-22-inox-su-pjaustymo-sistema","url":"https:\/\/specagra.ee\/?product=mesmale-ts-22-inox-su-pjaustymo-sistema","name":"M\u0117smal\u0117 TS 22 Inox su pjaustymo sistema - Specagra","isPartOf":{"@id":"https:\/\/specagra.ee\/#website"},"primaryImageOfPage":{"@id":"https:\/\/specagra.ee\/?product=mesmale-ts-22-inox-su-pjaustymo-sistema#primaryimage"},"image":{"@id":"https:\/\/specagra.ee\/?product=mesmale-ts-22-inox-su-pjaustymo-sistema#primaryimage"},"thumbnailUrl":"https:\/\/specagra.ee\/wp-content\/uploads\/2024\/11\/Untitled-design6-1.png","datePublished":"2024-11-05T14:08:46+00:00","dateModified":"2025-01-17T10:33:22+00:00","breadcrumb":{"@id":"https:\/\/specagra.ee\/?product=mesmale-ts-22-inox-su-pjaustymo-sistema#breadcrumb"},"inLanguage":"et","potentialAction":[{"@type":"ReadAction","target":["https:\/\/specagra.ee\/?product=mesmale-ts-22-inox-su-pjaustymo-sistema"]}]},{"@type":"ImageObject","inLanguage":"et","@id":"https:\/\/specagra.ee\/?product=mesmale-ts-22-inox-su-pjaustymo-sistema#primaryimage","url":"https:\/\/specagra.ee\/wp-content\/uploads\/2024\/11\/Untitled-design6-1.png","contentUrl":"https:\/\/specagra.ee\/wp-content\/uploads\/2024\/11\/Untitled-design6-1.png","width":900,"height":900},{"@type":"BreadcrumbList","@id":"https:\/\/specagra.ee\/?product=mesmale-ts-22-inox-su-pjaustymo-sistema#breadcrumb","itemListElement":[{"@type":"ListItem","position":1,"name":"Home","item":"https:\/\/www.specagra.ee\/"},{"@type":"ListItem","position":2,"name":"P\u00f5llumajandustehnika ja loomakasvatus","item":"https:\/\/specagra.ee\/?page_id=18493"},{"@type":"ListItem","position":3,"name":"M\u0117smal\u0117 TS 22 Inox su pjaustymo sistema"}]},{"@type":"WebSite","@id":"https:\/\/specagra.ee\/#website","url":"https:\/\/specagra.ee\/","name":"Specagra","description":"P\u00f5llumajandustehnika ja varuosad","publisher":{"@id":"https:\/\/specagra.ee\/#organization"},"potentialAction":[{"@type":"SearchAction","target":{"@type":"EntryPoint","urlTemplate":"https:\/\/specagra.ee\/?s={search_term_string}"},"query-input":{"@type":"PropertyValueSpecification","valueRequired":true,"valueName":"search_term_string"}}],"inLanguage":"et"},{"@type":"Organization","@id":"https:\/\/specagra.ee\/#organization","name":"UAB Specagra","url":"https:\/\/specagra.ee\/","logo":{"@type":"ImageObject","inLanguage":"et","@id":"https:\/\/specagra.ee\/#\/schema\/logo\/image\/","url":"http:\/\/www.specagra.ee\/wp-content\/uploads\/2022\/02\/SP-logo_naujas-scaled.jpg","contentUrl":"http:\/\/www.specagra.ee\/wp-content\/uploads\/2022\/02\/SP-logo_naujas-scaled.jpg","width":2560,"height":326,"caption":"UAB Specagra"},"image":{"@id":"https:\/\/specagra.ee\/#\/schema\/logo\/image\/"}}]}},"_links":{"self":[{"href":"https:\/\/specagra.ee\/index.php?rest_route=\/wp\/v2\/product\/43167","targetHints":{"allow":["GET"]}}],"collection":[{"href":"https:\/\/specagra.ee\/index.php?rest_route=\/wp\/v2\/product"}],"about":[{"href":"https:\/\/specagra.ee\/index.php?rest_route=\/wp\/v2\/types\/product"}],"wp:featuredmedia":[{"embeddable":true,"href":"https:\/\/specagra.ee\/index.php?rest_route=\/wp\/v2\/media\/43959"}],"wp:attachment":[{"href":"https:\/\/specagra.ee\/index.php?rest_route=%2Fwp%2Fv2%2Fmedia&parent=43167"}],"wp:term":[{"taxonomy":"product_brand","embeddable":true,"href":"https:\/\/specagra.ee\/index.php?rest_route=%2Fwp%2Fv2%2Fproduct_brand&post=43167"},{"taxonomy":"product_cat","embeddable":true,"href":"https:\/\/specagra.ee\/index.php?rest_route=%2Fwp%2Fv2%2Fproduct_cat&post=43167"},{"taxonomy":"product_tag","embeddable":true,"href":"https:\/\/specagra.ee\/index.php?rest_route=%2Fwp%2Fv2%2Fproduct_tag&post=43167"}],"curies":[{"name":"wp","href":"https:\/\/api.w.org\/{rel}","templated":true}]}}