{"id":4257,"date":"2020-07-07T06:35:51","date_gmt":"2020-07-07T08:35:51","guid":{"rendered":"https:\/\/www.specagra.ee.nemokamossvetaines.hostingas.lt\/?post_type=product&#038;p=4257"},"modified":"2023-06-29T10:19:46","modified_gmt":"2023-06-29T12:19:46","slug":"pieno-separatorius-milky-fj-90-ap","status":"publish","type":"product","link":"https:\/\/specagra.ee\/?product=pieno-separatorius-milky-fj-90-ap","title":{"rendered":"Pieno separatorius MILKY FJ 90 AP"},"content":{"rendered":"<p>Bendrosios savyb\u0117s:<\/p>\n<ul>\n<li>Naujas, ma\u017eas elektra varomas pieno separatorius, skirtas asmeniniam, pusiau profesionaliam arba nam\u0173 \u016bki\u0173 naudojimui.<\/li>\n<li>Ekonomi\u0161kas separatorius su plastikiniu korpusu bei i\u0161 PVC pagamint\u0173 nugriebto pieno ir grietin\u0117s nuolyd\u017eiais, turintis plastikin\u012f rezervuar\u0105.<\/li>\n<li>12 l \u012fleid\u017eiama talpa, pagaminta i\u0161 plastiko tinkamo s\u0105ly\u010diui su maistu.<\/li>\n<li>Perdirbama 90 l\/h. Vir\u0161utinis separatoriaus dubuo yra pagamintas i\u0161 plastiko; stabilum\u0105 suteikian\u010dios gumin\u0117s kojel\u0117s; 230 V.<\/li>\n<\/ul>\n","protected":false},"excerpt":{"rendered":"<p>Bendrosios savyb\u0117s: Naujas, ma\u017eas elektra varomas pieno separatorius, skirtas asmeniniam, pusiau profesionaliam arba nam\u0173 \u016bki\u0173 naudojimui. Ekonomi\u0161kas separatorius su plastikiniu korpusu bei i\u0161 PVC pagamint\u0173 nugriebto pieno ir grietin\u0117s nuolyd\u017eiais, turintis plastikin\u012f rezervuar\u0105. 12 l \u012fleid\u017eiama talpa, pagaminta i\u0161 plastiko tinkamo s\u0105ly\u010diui su maistu. Perdirbama 90 l\/h. Vir\u0161utinis separatoriaus dubuo yra pagamintas i\u0161 plastiko; stabilum\u0105 [&hellip;]<\/p>\n","protected":false},"featured_media":21390,"template":"","meta":{"_et_pb_use_builder":"","_et_pb_old_content":"","_et_gb_content_width":""},"product_brand":[],"product_cat":[188],"product_tag":[],"class_list":{"0":"post-4257","1":"product","2":"type-product","3":"status-publish","4":"has-post-thumbnail","6":"product_cat-piima-separaatorid","8":"first","9":"instock","10":"shipping-taxable","11":"product-type-simple"},"yoast_head":"<!-- This site is optimized with the Yoast SEO plugin v26.4 - https:\/\/yoast.com\/wordpress\/plugins\/seo\/ -->\n<title>Pieno separatorius MILKY FJ 90 AP - Specagra<\/title>\n<meta name=\"robots\" content=\"index, follow, max-snippet:-1, max-image-preview:large, max-video-preview:-1\" \/>\n<link rel=\"canonical\" href=\"https:\/\/specagra.ee\/?product=pieno-separatorius-milky-fj-90-ap\" \/>\n<meta property=\"og:locale\" content=\"et_EE\" \/>\n<meta property=\"og:type\" content=\"article\" \/>\n<meta property=\"og:title\" content=\"Pieno separatorius MILKY FJ 90 AP - Specagra\" \/>\n<meta property=\"og:description\" content=\"Bendrosios savyb\u0117s: Naujas, ma\u017eas elektra varomas pieno separatorius, skirtas asmeniniam, pusiau profesionaliam arba nam\u0173 \u016bki\u0173 naudojimui. Ekonomi\u0161kas separatorius su plastikiniu korpusu bei i\u0161 PVC pagamint\u0173 nugriebto pieno ir grietin\u0117s nuolyd\u017eiais, turintis plastikin\u012f rezervuar\u0105. 12 l \u012fleid\u017eiama talpa, pagaminta i\u0161 plastiko tinkamo s\u0105ly\u010diui su maistu. Perdirbama 90 l\/h. Vir\u0161utinis separatoriaus dubuo yra pagamintas i\u0161 plastiko; stabilum\u0105 [&hellip;]\" \/>\n<meta property=\"og:url\" content=\"https:\/\/specagra.ee\/?product=pieno-separatorius-milky-fj-90-ap\" \/>\n<meta property=\"og:site_name\" content=\"Specagra\" \/>\n<meta property=\"article:modified_time\" content=\"2023-06-29T12:19:46+00:00\" \/>\n<meta property=\"og:image\" content=\"https:\/\/www.specagra.ee\/wp-content\/uploads\/2020\/07\/Untitled-design-5.jpg\" \/>\n\t<meta property=\"og:image:width\" content=\"800\" \/>\n\t<meta property=\"og:image:height\" content=\"800\" \/>\n\t<meta property=\"og:image:type\" content=\"image\/jpeg\" \/>\n<meta name=\"twitter:card\" content=\"summary_large_image\" \/>\n<meta name=\"twitter:label1\" content=\"Est. reading time\" \/>\n\t<meta name=\"twitter:data1\" content=\"1 minut\" \/>\n<script type=\"application\/ld+json\" class=\"yoast-schema-graph\">{\"@context\":\"https:\/\/schema.org\",\"@graph\":[{\"@type\":\"WebPage\",\"@id\":\"https:\/\/specagra.ee\/?product=pieno-separatorius-milky-fj-90-ap\",\"url\":\"https:\/\/specagra.ee\/?product=pieno-separatorius-milky-fj-90-ap\",\"name\":\"Pieno separatorius MILKY FJ 90 AP - Specagra\",\"isPartOf\":{\"@id\":\"https:\/\/specagra.ee\/#website\"},\"primaryImageOfPage\":{\"@id\":\"https:\/\/specagra.ee\/?product=pieno-separatorius-milky-fj-90-ap#primaryimage\"},\"image\":{\"@id\":\"https:\/\/specagra.ee\/?product=pieno-separatorius-milky-fj-90-ap#primaryimage\"},\"thumbnailUrl\":\"https:\/\/specagra.ee\/wp-content\/uploads\/2020\/07\/Untitled-design-5.jpg\",\"datePublished\":\"2020-07-07T08:35:51+00:00\",\"dateModified\":\"2023-06-29T12:19:46+00:00\",\"breadcrumb\":{\"@id\":\"https:\/\/specagra.ee\/?product=pieno-separatorius-milky-fj-90-ap#breadcrumb\"},\"inLanguage\":\"et\",\"potentialAction\":[{\"@type\":\"ReadAction\",\"target\":[\"https:\/\/specagra.ee\/?product=pieno-separatorius-milky-fj-90-ap\"]}]},{\"@type\":\"ImageObject\",\"inLanguage\":\"et\",\"@id\":\"https:\/\/specagra.ee\/?product=pieno-separatorius-milky-fj-90-ap#primaryimage\",\"url\":\"https:\/\/specagra.ee\/wp-content\/uploads\/2020\/07\/Untitled-design-5.jpg\",\"contentUrl\":\"https:\/\/specagra.ee\/wp-content\/uploads\/2020\/07\/Untitled-design-5.jpg\",\"width\":800,\"height\":800},{\"@type\":\"BreadcrumbList\",\"@id\":\"https:\/\/specagra.ee\/?product=pieno-separatorius-milky-fj-90-ap#breadcrumb\",\"itemListElement\":[{\"@type\":\"ListItem\",\"position\":1,\"name\":\"Home\",\"item\":\"https:\/\/www.specagra.ee\/\"},{\"@type\":\"ListItem\",\"position\":2,\"name\":\"P\u00f5llumajandustehnika ja loomakasvatus\",\"item\":\"https:\/\/specagra.ee\/?page_id=18493\"},{\"@type\":\"ListItem\",\"position\":3,\"name\":\"Pieno separatorius MILKY FJ 90 AP\"}]},{\"@type\":\"WebSite\",\"@id\":\"https:\/\/specagra.ee\/#website\",\"url\":\"https:\/\/specagra.ee\/\",\"name\":\"Specagra\",\"description\":\"P\u00f5llumajandustehnika ja varuosad\",\"publisher\":{\"@id\":\"https:\/\/specagra.ee\/#organization\"},\"potentialAction\":[{\"@type\":\"SearchAction\",\"target\":{\"@type\":\"EntryPoint\",\"urlTemplate\":\"https:\/\/specagra.ee\/?s={search_term_string}\"},\"query-input\":{\"@type\":\"PropertyValueSpecification\",\"valueRequired\":true,\"valueName\":\"search_term_string\"}}],\"inLanguage\":\"et\"},{\"@type\":\"Organization\",\"@id\":\"https:\/\/specagra.ee\/#organization\",\"name\":\"UAB Specagra\",\"url\":\"https:\/\/specagra.ee\/\",\"logo\":{\"@type\":\"ImageObject\",\"inLanguage\":\"et\",\"@id\":\"https:\/\/specagra.ee\/#\/schema\/logo\/image\/\",\"url\":\"http:\/\/www.specagra.ee\/wp-content\/uploads\/2022\/02\/SP-logo_naujas-scaled.jpg\",\"contentUrl\":\"http:\/\/www.specagra.ee\/wp-content\/uploads\/2022\/02\/SP-logo_naujas-scaled.jpg\",\"width\":2560,\"height\":326,\"caption\":\"UAB Specagra\"},\"image\":{\"@id\":\"https:\/\/specagra.ee\/#\/schema\/logo\/image\/\"}}]}<\/script>\n<!-- \/ Yoast SEO plugin. -->","yoast_head_json":{"title":"Pieno separatorius MILKY FJ 90 AP - Specagra","robots":{"index":"index","follow":"follow","max-snippet":"max-snippet:-1","max-image-preview":"max-image-preview:large","max-video-preview":"max-video-preview:-1"},"canonical":"https:\/\/specagra.ee\/?product=pieno-separatorius-milky-fj-90-ap","og_locale":"et_EE","og_type":"article","og_title":"Pieno separatorius MILKY FJ 90 AP - Specagra","og_description":"Bendrosios savyb\u0117s: Naujas, ma\u017eas elektra varomas pieno separatorius, skirtas asmeniniam, pusiau profesionaliam arba nam\u0173 \u016bki\u0173 naudojimui. Ekonomi\u0161kas separatorius su plastikiniu korpusu bei i\u0161 PVC pagamint\u0173 nugriebto pieno ir grietin\u0117s nuolyd\u017eiais, turintis plastikin\u012f rezervuar\u0105. 12 l \u012fleid\u017eiama talpa, pagaminta i\u0161 plastiko tinkamo s\u0105ly\u010diui su maistu. Perdirbama 90 l\/h. Vir\u0161utinis separatoriaus dubuo yra pagamintas i\u0161 plastiko; stabilum\u0105 [&hellip;]","og_url":"https:\/\/specagra.ee\/?product=pieno-separatorius-milky-fj-90-ap","og_site_name":"Specagra","article_modified_time":"2023-06-29T12:19:46+00:00","og_image":[{"width":800,"height":800,"url":"https:\/\/www.specagra.ee\/wp-content\/uploads\/2020\/07\/Untitled-design-5.jpg","type":"image\/jpeg"}],"twitter_card":"summary_large_image","twitter_misc":{"Est. reading time":"1 minut"},"schema":{"@context":"https:\/\/schema.org","@graph":[{"@type":"WebPage","@id":"https:\/\/specagra.ee\/?product=pieno-separatorius-milky-fj-90-ap","url":"https:\/\/specagra.ee\/?product=pieno-separatorius-milky-fj-90-ap","name":"Pieno separatorius MILKY FJ 90 AP - Specagra","isPartOf":{"@id":"https:\/\/specagra.ee\/#website"},"primaryImageOfPage":{"@id":"https:\/\/specagra.ee\/?product=pieno-separatorius-milky-fj-90-ap#primaryimage"},"image":{"@id":"https:\/\/specagra.ee\/?product=pieno-separatorius-milky-fj-90-ap#primaryimage"},"thumbnailUrl":"https:\/\/specagra.ee\/wp-content\/uploads\/2020\/07\/Untitled-design-5.jpg","datePublished":"2020-07-07T08:35:51+00:00","dateModified":"2023-06-29T12:19:46+00:00","breadcrumb":{"@id":"https:\/\/specagra.ee\/?product=pieno-separatorius-milky-fj-90-ap#breadcrumb"},"inLanguage":"et","potentialAction":[{"@type":"ReadAction","target":["https:\/\/specagra.ee\/?product=pieno-separatorius-milky-fj-90-ap"]}]},{"@type":"ImageObject","inLanguage":"et","@id":"https:\/\/specagra.ee\/?product=pieno-separatorius-milky-fj-90-ap#primaryimage","url":"https:\/\/specagra.ee\/wp-content\/uploads\/2020\/07\/Untitled-design-5.jpg","contentUrl":"https:\/\/specagra.ee\/wp-content\/uploads\/2020\/07\/Untitled-design-5.jpg","width":800,"height":800},{"@type":"BreadcrumbList","@id":"https:\/\/specagra.ee\/?product=pieno-separatorius-milky-fj-90-ap#breadcrumb","itemListElement":[{"@type":"ListItem","position":1,"name":"Home","item":"https:\/\/www.specagra.ee\/"},{"@type":"ListItem","position":2,"name":"P\u00f5llumajandustehnika ja loomakasvatus","item":"https:\/\/specagra.ee\/?page_id=18493"},{"@type":"ListItem","position":3,"name":"Pieno separatorius MILKY FJ 90 AP"}]},{"@type":"WebSite","@id":"https:\/\/specagra.ee\/#website","url":"https:\/\/specagra.ee\/","name":"Specagra","description":"P\u00f5llumajandustehnika ja varuosad","publisher":{"@id":"https:\/\/specagra.ee\/#organization"},"potentialAction":[{"@type":"SearchAction","target":{"@type":"EntryPoint","urlTemplate":"https:\/\/specagra.ee\/?s={search_term_string}"},"query-input":{"@type":"PropertyValueSpecification","valueRequired":true,"valueName":"search_term_string"}}],"inLanguage":"et"},{"@type":"Organization","@id":"https:\/\/specagra.ee\/#organization","name":"UAB Specagra","url":"https:\/\/specagra.ee\/","logo":{"@type":"ImageObject","inLanguage":"et","@id":"https:\/\/specagra.ee\/#\/schema\/logo\/image\/","url":"http:\/\/www.specagra.ee\/wp-content\/uploads\/2022\/02\/SP-logo_naujas-scaled.jpg","contentUrl":"http:\/\/www.specagra.ee\/wp-content\/uploads\/2022\/02\/SP-logo_naujas-scaled.jpg","width":2560,"height":326,"caption":"UAB Specagra"},"image":{"@id":"https:\/\/specagra.ee\/#\/schema\/logo\/image\/"}}]}},"_links":{"self":[{"href":"https:\/\/specagra.ee\/index.php?rest_route=\/wp\/v2\/product\/4257","targetHints":{"allow":["GET"]}}],"collection":[{"href":"https:\/\/specagra.ee\/index.php?rest_route=\/wp\/v2\/product"}],"about":[{"href":"https:\/\/specagra.ee\/index.php?rest_route=\/wp\/v2\/types\/product"}],"wp:featuredmedia":[{"embeddable":true,"href":"https:\/\/specagra.ee\/index.php?rest_route=\/wp\/v2\/media\/21390"}],"wp:attachment":[{"href":"https:\/\/specagra.ee\/index.php?rest_route=%2Fwp%2Fv2%2Fmedia&parent=4257"}],"wp:term":[{"taxonomy":"product_brand","embeddable":true,"href":"https:\/\/specagra.ee\/index.php?rest_route=%2Fwp%2Fv2%2Fproduct_brand&post=4257"},{"taxonomy":"product_cat","embeddable":true,"href":"https:\/\/specagra.ee\/index.php?rest_route=%2Fwp%2Fv2%2Fproduct_cat&post=4257"},{"taxonomy":"product_tag","embeddable":true,"href":"https:\/\/specagra.ee\/index.php?rest_route=%2Fwp%2Fv2%2Fproduct_tag&post=4257"}],"curies":[{"name":"wp","href":"https:\/\/api.w.org\/{rel}","templated":true}]}}