{"id":41390,"date":"2024-06-10T06:32:55","date_gmt":"2024-06-10T08:32:55","guid":{"rendered":"https:\/\/www.specagra.ee\/?post_type=product&#038;p=41390"},"modified":"2025-01-06T09:46:14","modified_gmt":"2025-01-06T11:46:14","slug":"apsaugine-danga-cukriniams-runkeliams-subtex-110","status":"publish","type":"product","link":"https:\/\/specagra.ee\/?product=apsaugine-danga-cukriniams-runkeliams-subtex-110","title":{"rendered":"Apsaugin\u0117 danga cukriniams runkeliams SUBTEX 110"},"content":{"rendered":"<p>SUBTEX\u00ae 110 yra 110 gr\/m\u00b2 neaustin\u0117 apsaugin\u0117 danga, leid\u017eianti cukriniams runkeliams kv\u0117puoti ir i\u0161vengti kondencato susidarymo viduje bei apsaugo nuo \u0161al\u010dio. Tai puikus sprendimas cukrini\u0173 runkeli\u0173 laikymui lauke. \u0160i danga labai tampri, puikiai tinkanti mechanizuotam dengimui.<\/p>\n","protected":false},"excerpt":{"rendered":"<p>SUBTEX\u00ae 110 yra 110 gr\/m\u00b2 neaustin\u0117 apsaugin\u0117 danga, leid\u017eianti cukriniams runkeliams kv\u0117puoti ir i\u0161vengti kondencato susidarymo viduje bei apsaugo nuo \u0161al\u010dio. Tai puikus sprendimas cukrini\u0173 runkeli\u0173 laikymui lauke. \u0160i danga labai tampri, puikiai tinkanti mechanizuotam dengimui.<\/p>\n","protected":false},"featured_media":43031,"template":"","meta":{"_et_pb_use_builder":"","_et_pb_old_content":"","_et_gb_content_width":""},"product_brand":[],"product_cat":[290,123],"product_tag":[],"class_list":{"0":"post-41390","1":"product","2":"type-product","3":"status-publish","4":"has-post-thumbnail","6":"product_cat-kaitsekatted","7":"product_cat-kaitsekatted-ja-tarvikud","9":"first","10":"instock","11":"shipping-taxable","12":"product-type-simple"},"yoast_head":"<!-- This site is optimized with the Yoast SEO plugin v26.4 - https:\/\/yoast.com\/wordpress\/plugins\/seo\/ -->\n<title>Apsaugin\u0117 danga cukriniams runkeliams SUBTEX 110 - Specagra<\/title>\n<meta name=\"robots\" content=\"index, follow, max-snippet:-1, max-image-preview:large, max-video-preview:-1\" \/>\n<link rel=\"canonical\" href=\"https:\/\/specagra.ee\/?product=apsaugine-danga-cukriniams-runkeliams-subtex-110\" \/>\n<meta property=\"og:locale\" content=\"et_EE\" \/>\n<meta property=\"og:type\" content=\"article\" \/>\n<meta property=\"og:title\" content=\"Apsaugin\u0117 danga cukriniams runkeliams SUBTEX 110 - Specagra\" \/>\n<meta property=\"og:description\" content=\"SUBTEX\u00ae 110 yra 110 gr\/m\u00b2 neaustin\u0117 apsaugin\u0117 danga, leid\u017eianti cukriniams runkeliams kv\u0117puoti ir i\u0161vengti kondencato susidarymo viduje bei apsaugo nuo \u0161al\u010dio. Tai puikus sprendimas cukrini\u0173 runkeli\u0173 laikymui lauke. \u0160i danga labai tampri, puikiai tinkanti mechanizuotam dengimui.\" \/>\n<meta property=\"og:url\" content=\"https:\/\/specagra.ee\/?product=apsaugine-danga-cukriniams-runkeliams-subtex-110\" \/>\n<meta property=\"og:site_name\" content=\"Specagra\" \/>\n<meta property=\"article:modified_time\" content=\"2025-01-06T11:46:14+00:00\" \/>\n<meta property=\"og:image\" content=\"https:\/\/specagra.ee\/wp-content\/uploads\/2024\/06\/Untitled-design.jpg\" \/>\n\t<meta property=\"og:image:width\" content=\"900\" \/>\n\t<meta property=\"og:image:height\" content=\"900\" \/>\n\t<meta property=\"og:image:type\" content=\"image\/jpeg\" \/>\n<meta name=\"twitter:card\" content=\"summary_large_image\" \/>\n<meta name=\"twitter:label1\" content=\"Est. reading time\" \/>\n\t<meta name=\"twitter:data1\" content=\"1 minut\" \/>\n<script type=\"application\/ld+json\" class=\"yoast-schema-graph\">{\"@context\":\"https:\/\/schema.org\",\"@graph\":[{\"@type\":\"WebPage\",\"@id\":\"https:\/\/specagra.ee\/?product=apsaugine-danga-cukriniams-runkeliams-subtex-110\",\"url\":\"https:\/\/specagra.ee\/?product=apsaugine-danga-cukriniams-runkeliams-subtex-110\",\"name\":\"Apsaugin\u0117 danga cukriniams runkeliams SUBTEX 110 - Specagra\",\"isPartOf\":{\"@id\":\"https:\/\/specagra.ee\/#website\"},\"primaryImageOfPage\":{\"@id\":\"https:\/\/specagra.ee\/?product=apsaugine-danga-cukriniams-runkeliams-subtex-110#primaryimage\"},\"image\":{\"@id\":\"https:\/\/specagra.ee\/?product=apsaugine-danga-cukriniams-runkeliams-subtex-110#primaryimage\"},\"thumbnailUrl\":\"https:\/\/specagra.ee\/wp-content\/uploads\/2024\/06\/Untitled-design.jpg\",\"datePublished\":\"2024-06-10T08:32:55+00:00\",\"dateModified\":\"2025-01-06T11:46:14+00:00\",\"breadcrumb\":{\"@id\":\"https:\/\/specagra.ee\/?product=apsaugine-danga-cukriniams-runkeliams-subtex-110#breadcrumb\"},\"inLanguage\":\"et\",\"potentialAction\":[{\"@type\":\"ReadAction\",\"target\":[\"https:\/\/specagra.ee\/?product=apsaugine-danga-cukriniams-runkeliams-subtex-110\"]}]},{\"@type\":\"ImageObject\",\"inLanguage\":\"et\",\"@id\":\"https:\/\/specagra.ee\/?product=apsaugine-danga-cukriniams-runkeliams-subtex-110#primaryimage\",\"url\":\"https:\/\/specagra.ee\/wp-content\/uploads\/2024\/06\/Untitled-design.jpg\",\"contentUrl\":\"https:\/\/specagra.ee\/wp-content\/uploads\/2024\/06\/Untitled-design.jpg\",\"width\":900,\"height\":900},{\"@type\":\"BreadcrumbList\",\"@id\":\"https:\/\/specagra.ee\/?product=apsaugine-danga-cukriniams-runkeliams-subtex-110#breadcrumb\",\"itemListElement\":[{\"@type\":\"ListItem\",\"position\":1,\"name\":\"Home\",\"item\":\"https:\/\/www.specagra.ee\/\"},{\"@type\":\"ListItem\",\"position\":2,\"name\":\"P\u00f5llumajandustehnika ja loomakasvatus\",\"item\":\"https:\/\/specagra.ee\/?page_id=18493\"},{\"@type\":\"ListItem\",\"position\":3,\"name\":\"Apsaugin\u0117 danga cukriniams runkeliams SUBTEX 110\"}]},{\"@type\":\"WebSite\",\"@id\":\"https:\/\/specagra.ee\/#website\",\"url\":\"https:\/\/specagra.ee\/\",\"name\":\"Specagra\",\"description\":\"P\u00f5llumajandustehnika ja varuosad\",\"publisher\":{\"@id\":\"https:\/\/specagra.ee\/#organization\"},\"potentialAction\":[{\"@type\":\"SearchAction\",\"target\":{\"@type\":\"EntryPoint\",\"urlTemplate\":\"https:\/\/specagra.ee\/?s={search_term_string}\"},\"query-input\":{\"@type\":\"PropertyValueSpecification\",\"valueRequired\":true,\"valueName\":\"search_term_string\"}}],\"inLanguage\":\"et\"},{\"@type\":\"Organization\",\"@id\":\"https:\/\/specagra.ee\/#organization\",\"name\":\"UAB Specagra\",\"url\":\"https:\/\/specagra.ee\/\",\"logo\":{\"@type\":\"ImageObject\",\"inLanguage\":\"et\",\"@id\":\"https:\/\/specagra.ee\/#\/schema\/logo\/image\/\",\"url\":\"http:\/\/www.specagra.ee\/wp-content\/uploads\/2022\/02\/SP-logo_naujas-scaled.jpg\",\"contentUrl\":\"http:\/\/www.specagra.ee\/wp-content\/uploads\/2022\/02\/SP-logo_naujas-scaled.jpg\",\"width\":2560,\"height\":326,\"caption\":\"UAB Specagra\"},\"image\":{\"@id\":\"https:\/\/specagra.ee\/#\/schema\/logo\/image\/\"}}]}<\/script>\n<!-- \/ Yoast SEO plugin. -->","yoast_head_json":{"title":"Apsaugin\u0117 danga cukriniams runkeliams SUBTEX 110 - Specagra","robots":{"index":"index","follow":"follow","max-snippet":"max-snippet:-1","max-image-preview":"max-image-preview:large","max-video-preview":"max-video-preview:-1"},"canonical":"https:\/\/specagra.ee\/?product=apsaugine-danga-cukriniams-runkeliams-subtex-110","og_locale":"et_EE","og_type":"article","og_title":"Apsaugin\u0117 danga cukriniams runkeliams SUBTEX 110 - Specagra","og_description":"SUBTEX\u00ae 110 yra 110 gr\/m\u00b2 neaustin\u0117 apsaugin\u0117 danga, leid\u017eianti cukriniams runkeliams kv\u0117puoti ir i\u0161vengti kondencato susidarymo viduje bei apsaugo nuo \u0161al\u010dio. Tai puikus sprendimas cukrini\u0173 runkeli\u0173 laikymui lauke. \u0160i danga labai tampri, puikiai tinkanti mechanizuotam dengimui.","og_url":"https:\/\/specagra.ee\/?product=apsaugine-danga-cukriniams-runkeliams-subtex-110","og_site_name":"Specagra","article_modified_time":"2025-01-06T11:46:14+00:00","og_image":[{"width":900,"height":900,"url":"https:\/\/specagra.ee\/wp-content\/uploads\/2024\/06\/Untitled-design.jpg","type":"image\/jpeg"}],"twitter_card":"summary_large_image","twitter_misc":{"Est. reading time":"1 minut"},"schema":{"@context":"https:\/\/schema.org","@graph":[{"@type":"WebPage","@id":"https:\/\/specagra.ee\/?product=apsaugine-danga-cukriniams-runkeliams-subtex-110","url":"https:\/\/specagra.ee\/?product=apsaugine-danga-cukriniams-runkeliams-subtex-110","name":"Apsaugin\u0117 danga cukriniams runkeliams SUBTEX 110 - Specagra","isPartOf":{"@id":"https:\/\/specagra.ee\/#website"},"primaryImageOfPage":{"@id":"https:\/\/specagra.ee\/?product=apsaugine-danga-cukriniams-runkeliams-subtex-110#primaryimage"},"image":{"@id":"https:\/\/specagra.ee\/?product=apsaugine-danga-cukriniams-runkeliams-subtex-110#primaryimage"},"thumbnailUrl":"https:\/\/specagra.ee\/wp-content\/uploads\/2024\/06\/Untitled-design.jpg","datePublished":"2024-06-10T08:32:55+00:00","dateModified":"2025-01-06T11:46:14+00:00","breadcrumb":{"@id":"https:\/\/specagra.ee\/?product=apsaugine-danga-cukriniams-runkeliams-subtex-110#breadcrumb"},"inLanguage":"et","potentialAction":[{"@type":"ReadAction","target":["https:\/\/specagra.ee\/?product=apsaugine-danga-cukriniams-runkeliams-subtex-110"]}]},{"@type":"ImageObject","inLanguage":"et","@id":"https:\/\/specagra.ee\/?product=apsaugine-danga-cukriniams-runkeliams-subtex-110#primaryimage","url":"https:\/\/specagra.ee\/wp-content\/uploads\/2024\/06\/Untitled-design.jpg","contentUrl":"https:\/\/specagra.ee\/wp-content\/uploads\/2024\/06\/Untitled-design.jpg","width":900,"height":900},{"@type":"BreadcrumbList","@id":"https:\/\/specagra.ee\/?product=apsaugine-danga-cukriniams-runkeliams-subtex-110#breadcrumb","itemListElement":[{"@type":"ListItem","position":1,"name":"Home","item":"https:\/\/www.specagra.ee\/"},{"@type":"ListItem","position":2,"name":"P\u00f5llumajandustehnika ja loomakasvatus","item":"https:\/\/specagra.ee\/?page_id=18493"},{"@type":"ListItem","position":3,"name":"Apsaugin\u0117 danga cukriniams runkeliams SUBTEX 110"}]},{"@type":"WebSite","@id":"https:\/\/specagra.ee\/#website","url":"https:\/\/specagra.ee\/","name":"Specagra","description":"P\u00f5llumajandustehnika ja varuosad","publisher":{"@id":"https:\/\/specagra.ee\/#organization"},"potentialAction":[{"@type":"SearchAction","target":{"@type":"EntryPoint","urlTemplate":"https:\/\/specagra.ee\/?s={search_term_string}"},"query-input":{"@type":"PropertyValueSpecification","valueRequired":true,"valueName":"search_term_string"}}],"inLanguage":"et"},{"@type":"Organization","@id":"https:\/\/specagra.ee\/#organization","name":"UAB Specagra","url":"https:\/\/specagra.ee\/","logo":{"@type":"ImageObject","inLanguage":"et","@id":"https:\/\/specagra.ee\/#\/schema\/logo\/image\/","url":"http:\/\/www.specagra.ee\/wp-content\/uploads\/2022\/02\/SP-logo_naujas-scaled.jpg","contentUrl":"http:\/\/www.specagra.ee\/wp-content\/uploads\/2022\/02\/SP-logo_naujas-scaled.jpg","width":2560,"height":326,"caption":"UAB Specagra"},"image":{"@id":"https:\/\/specagra.ee\/#\/schema\/logo\/image\/"}}]}},"_links":{"self":[{"href":"https:\/\/specagra.ee\/index.php?rest_route=\/wp\/v2\/product\/41390","targetHints":{"allow":["GET"]}}],"collection":[{"href":"https:\/\/specagra.ee\/index.php?rest_route=\/wp\/v2\/product"}],"about":[{"href":"https:\/\/specagra.ee\/index.php?rest_route=\/wp\/v2\/types\/product"}],"wp:featuredmedia":[{"embeddable":true,"href":"https:\/\/specagra.ee\/index.php?rest_route=\/wp\/v2\/media\/43031"}],"wp:attachment":[{"href":"https:\/\/specagra.ee\/index.php?rest_route=%2Fwp%2Fv2%2Fmedia&parent=41390"}],"wp:term":[{"taxonomy":"product_brand","embeddable":true,"href":"https:\/\/specagra.ee\/index.php?rest_route=%2Fwp%2Fv2%2Fproduct_brand&post=41390"},{"taxonomy":"product_cat","embeddable":true,"href":"https:\/\/specagra.ee\/index.php?rest_route=%2Fwp%2Fv2%2Fproduct_cat&post=41390"},{"taxonomy":"product_tag","embeddable":true,"href":"https:\/\/specagra.ee\/index.php?rest_route=%2Fwp%2Fv2%2Fproduct_tag&post=41390"}],"curies":[{"name":"wp","href":"https:\/\/api.w.org\/{rel}","templated":true}]}}