{"id":41383,"date":"2024-06-10T06:19:42","date_gmt":"2024-06-10T08:19:42","guid":{"rendered":"https:\/\/www.specagra.ee\/?post_type=product&#038;p=41383"},"modified":"2025-01-06T09:52:11","modified_gmt":"2025-01-06T11:52:11","slug":"apsaugine-danga-subtex-200","status":"publish","type":"product","link":"https:\/\/specagra.ee\/?product=apsaugine-danga-subtex-200","title":{"rendered":"Apsaugin\u0117 danga SUBTEX 200"},"content":{"rendered":"<h4>SUBTEX\u00ae 200 yra 200 g\/m\u00b2 neaustinio audinio apsaugin\u0117 danga. Puikus sprendimas, norint apsaugoti kompost\u0105, m\u0117\u0161l\u0105 ir medien\u0105 nuo maistini\u0173 med\u017eiag\u0173 i\u0161plovimo i\u0161 stirtos. Danga yra tampri, tod\u0117l reikia gerai \u012ftempti, kad vanduo lengvai nub\u0117gt\u0173 nuo jos<\/h4>\n<h4><\/h4>\n<h4>Palaiko optimalias dr\u0117gm\u0117s s\u0105lygas<br \/>\nApsaugo nuo lietaus, saul\u0117s ir v\u0117jo<br \/>\nU\u017etikrina b\u016btin\u0105 duj\u0173 apykait\u0105 ir pastovi\u0105 temperat\u016br\u0105<br \/>\nSuma\u017eina nemalonaus kvapo patekim\u0105 \u012f aplink\u0105<br \/>\nPadeda i\u0161vengti maistini\u0173 med\u017eiag\u0173 i\u0161plovimo ir aplinkos ter\u0161imo<br \/>\nSulaiko dulkes ir neleid\u017eia v\u0117jui i\u0161ne\u0161ioti komposto ar m\u0117\u0161lo<\/h4>\n","protected":false},"excerpt":{"rendered":"<p>SUBTEX\u00ae 200 yra 200 g\/m\u00b2 neaustinio audinio apsaugin\u0117 danga. Puikus sprendimas, norint apsaugoti kompost\u0105, m\u0117\u0161l\u0105 ir medien\u0105 nuo maistini\u0173 med\u017eiag\u0173 i\u0161plovimo i\u0161 stirtos. Danga yra tampri, tod\u0117l reikia gerai \u012ftempti, kad vanduo lengvai nub\u0117gt\u0173 nuo jos Palaiko optimalias dr\u0117gm\u0117s s\u0105lygas Apsaugo nuo lietaus, saul\u0117s ir v\u0117jo U\u017etikrina b\u016btin\u0105 duj\u0173 apykait\u0105 ir pastovi\u0105 temperat\u016br\u0105 Suma\u017eina nemalonaus [&hellip;]<\/p>\n","protected":false},"featured_media":43357,"template":"","meta":{"_et_pb_use_builder":"","_et_pb_old_content":"","_et_gb_content_width":""},"product_brand":[],"product_cat":[290,123],"product_tag":[],"class_list":{"0":"post-41383","1":"product","2":"type-product","3":"status-publish","4":"has-post-thumbnail","6":"product_cat-kaitsekatted","7":"product_cat-kaitsekatted-ja-tarvikud","9":"first","10":"instock","11":"shipping-taxable","12":"product-type-simple"},"yoast_head":"<!-- This site is optimized with the Yoast SEO plugin v26.4 - https:\/\/yoast.com\/wordpress\/plugins\/seo\/ -->\n<title>Apsaugin\u0117 danga SUBTEX 200 - Specagra<\/title>\n<meta name=\"robots\" content=\"index, follow, max-snippet:-1, max-image-preview:large, max-video-preview:-1\" \/>\n<link rel=\"canonical\" href=\"https:\/\/specagra.ee\/?product=apsaugine-danga-subtex-200\" \/>\n<meta property=\"og:locale\" content=\"et_EE\" \/>\n<meta property=\"og:type\" content=\"article\" \/>\n<meta property=\"og:title\" content=\"Apsaugin\u0117 danga SUBTEX 200 - Specagra\" \/>\n<meta property=\"og:description\" content=\"SUBTEX\u00ae 200 yra 200 g\/m\u00b2 neaustinio audinio apsaugin\u0117 danga. Puikus sprendimas, norint apsaugoti kompost\u0105, m\u0117\u0161l\u0105 ir medien\u0105 nuo maistini\u0173 med\u017eiag\u0173 i\u0161plovimo i\u0161 stirtos. Danga yra tampri, tod\u0117l reikia gerai \u012ftempti, kad vanduo lengvai nub\u0117gt\u0173 nuo jos Palaiko optimalias dr\u0117gm\u0117s s\u0105lygas Apsaugo nuo lietaus, saul\u0117s ir v\u0117jo U\u017etikrina b\u016btin\u0105 duj\u0173 apykait\u0105 ir pastovi\u0105 temperat\u016br\u0105 Suma\u017eina nemalonaus [&hellip;]\" \/>\n<meta property=\"og:url\" content=\"https:\/\/specagra.ee\/?product=apsaugine-danga-subtex-200\" \/>\n<meta property=\"og:site_name\" content=\"Specagra\" \/>\n<meta property=\"article:modified_time\" content=\"2025-01-06T11:52:11+00:00\" \/>\n<meta property=\"og:image\" content=\"https:\/\/specagra.ee\/wp-content\/uploads\/2024\/06\/Untitled-design.png\" \/>\n\t<meta property=\"og:image:width\" content=\"900\" \/>\n\t<meta property=\"og:image:height\" content=\"900\" \/>\n\t<meta property=\"og:image:type\" content=\"image\/png\" \/>\n<meta name=\"twitter:card\" content=\"summary_large_image\" \/>\n<meta name=\"twitter:label1\" content=\"Est. reading time\" \/>\n\t<meta name=\"twitter:data1\" content=\"1 minut\" \/>\n<script type=\"application\/ld+json\" class=\"yoast-schema-graph\">{\"@context\":\"https:\/\/schema.org\",\"@graph\":[{\"@type\":\"WebPage\",\"@id\":\"https:\/\/specagra.ee\/?product=apsaugine-danga-subtex-200\",\"url\":\"https:\/\/specagra.ee\/?product=apsaugine-danga-subtex-200\",\"name\":\"Apsaugin\u0117 danga SUBTEX 200 - Specagra\",\"isPartOf\":{\"@id\":\"https:\/\/specagra.ee\/#website\"},\"primaryImageOfPage\":{\"@id\":\"https:\/\/specagra.ee\/?product=apsaugine-danga-subtex-200#primaryimage\"},\"image\":{\"@id\":\"https:\/\/specagra.ee\/?product=apsaugine-danga-subtex-200#primaryimage\"},\"thumbnailUrl\":\"https:\/\/specagra.ee\/wp-content\/uploads\/2024\/06\/Untitled-design.png\",\"datePublished\":\"2024-06-10T08:19:42+00:00\",\"dateModified\":\"2025-01-06T11:52:11+00:00\",\"breadcrumb\":{\"@id\":\"https:\/\/specagra.ee\/?product=apsaugine-danga-subtex-200#breadcrumb\"},\"inLanguage\":\"et\",\"potentialAction\":[{\"@type\":\"ReadAction\",\"target\":[\"https:\/\/specagra.ee\/?product=apsaugine-danga-subtex-200\"]}]},{\"@type\":\"ImageObject\",\"inLanguage\":\"et\",\"@id\":\"https:\/\/specagra.ee\/?product=apsaugine-danga-subtex-200#primaryimage\",\"url\":\"https:\/\/specagra.ee\/wp-content\/uploads\/2024\/06\/Untitled-design.png\",\"contentUrl\":\"https:\/\/specagra.ee\/wp-content\/uploads\/2024\/06\/Untitled-design.png\",\"width\":900,\"height\":900},{\"@type\":\"BreadcrumbList\",\"@id\":\"https:\/\/specagra.ee\/?product=apsaugine-danga-subtex-200#breadcrumb\",\"itemListElement\":[{\"@type\":\"ListItem\",\"position\":1,\"name\":\"Home\",\"item\":\"https:\/\/www.specagra.ee\/\"},{\"@type\":\"ListItem\",\"position\":2,\"name\":\"P\u00f5llumajandustehnika ja loomakasvatus\",\"item\":\"https:\/\/specagra.ee\/?page_id=18493\"},{\"@type\":\"ListItem\",\"position\":3,\"name\":\"Apsaugin\u0117 danga SUBTEX 200\"}]},{\"@type\":\"WebSite\",\"@id\":\"https:\/\/specagra.ee\/#website\",\"url\":\"https:\/\/specagra.ee\/\",\"name\":\"Specagra\",\"description\":\"P\u00f5llumajandustehnika ja varuosad\",\"publisher\":{\"@id\":\"https:\/\/specagra.ee\/#organization\"},\"potentialAction\":[{\"@type\":\"SearchAction\",\"target\":{\"@type\":\"EntryPoint\",\"urlTemplate\":\"https:\/\/specagra.ee\/?s={search_term_string}\"},\"query-input\":{\"@type\":\"PropertyValueSpecification\",\"valueRequired\":true,\"valueName\":\"search_term_string\"}}],\"inLanguage\":\"et\"},{\"@type\":\"Organization\",\"@id\":\"https:\/\/specagra.ee\/#organization\",\"name\":\"UAB Specagra\",\"url\":\"https:\/\/specagra.ee\/\",\"logo\":{\"@type\":\"ImageObject\",\"inLanguage\":\"et\",\"@id\":\"https:\/\/specagra.ee\/#\/schema\/logo\/image\/\",\"url\":\"http:\/\/www.specagra.ee\/wp-content\/uploads\/2022\/02\/SP-logo_naujas-scaled.jpg\",\"contentUrl\":\"http:\/\/www.specagra.ee\/wp-content\/uploads\/2022\/02\/SP-logo_naujas-scaled.jpg\",\"width\":2560,\"height\":326,\"caption\":\"UAB Specagra\"},\"image\":{\"@id\":\"https:\/\/specagra.ee\/#\/schema\/logo\/image\/\"}}]}<\/script>\n<!-- \/ Yoast SEO plugin. -->","yoast_head_json":{"title":"Apsaugin\u0117 danga SUBTEX 200 - Specagra","robots":{"index":"index","follow":"follow","max-snippet":"max-snippet:-1","max-image-preview":"max-image-preview:large","max-video-preview":"max-video-preview:-1"},"canonical":"https:\/\/specagra.ee\/?product=apsaugine-danga-subtex-200","og_locale":"et_EE","og_type":"article","og_title":"Apsaugin\u0117 danga SUBTEX 200 - Specagra","og_description":"SUBTEX\u00ae 200 yra 200 g\/m\u00b2 neaustinio audinio apsaugin\u0117 danga. Puikus sprendimas, norint apsaugoti kompost\u0105, m\u0117\u0161l\u0105 ir medien\u0105 nuo maistini\u0173 med\u017eiag\u0173 i\u0161plovimo i\u0161 stirtos. Danga yra tampri, tod\u0117l reikia gerai \u012ftempti, kad vanduo lengvai nub\u0117gt\u0173 nuo jos Palaiko optimalias dr\u0117gm\u0117s s\u0105lygas Apsaugo nuo lietaus, saul\u0117s ir v\u0117jo U\u017etikrina b\u016btin\u0105 duj\u0173 apykait\u0105 ir pastovi\u0105 temperat\u016br\u0105 Suma\u017eina nemalonaus [&hellip;]","og_url":"https:\/\/specagra.ee\/?product=apsaugine-danga-subtex-200","og_site_name":"Specagra","article_modified_time":"2025-01-06T11:52:11+00:00","og_image":[{"width":900,"height":900,"url":"https:\/\/specagra.ee\/wp-content\/uploads\/2024\/06\/Untitled-design.png","type":"image\/png"}],"twitter_card":"summary_large_image","twitter_misc":{"Est. reading time":"1 minut"},"schema":{"@context":"https:\/\/schema.org","@graph":[{"@type":"WebPage","@id":"https:\/\/specagra.ee\/?product=apsaugine-danga-subtex-200","url":"https:\/\/specagra.ee\/?product=apsaugine-danga-subtex-200","name":"Apsaugin\u0117 danga SUBTEX 200 - Specagra","isPartOf":{"@id":"https:\/\/specagra.ee\/#website"},"primaryImageOfPage":{"@id":"https:\/\/specagra.ee\/?product=apsaugine-danga-subtex-200#primaryimage"},"image":{"@id":"https:\/\/specagra.ee\/?product=apsaugine-danga-subtex-200#primaryimage"},"thumbnailUrl":"https:\/\/specagra.ee\/wp-content\/uploads\/2024\/06\/Untitled-design.png","datePublished":"2024-06-10T08:19:42+00:00","dateModified":"2025-01-06T11:52:11+00:00","breadcrumb":{"@id":"https:\/\/specagra.ee\/?product=apsaugine-danga-subtex-200#breadcrumb"},"inLanguage":"et","potentialAction":[{"@type":"ReadAction","target":["https:\/\/specagra.ee\/?product=apsaugine-danga-subtex-200"]}]},{"@type":"ImageObject","inLanguage":"et","@id":"https:\/\/specagra.ee\/?product=apsaugine-danga-subtex-200#primaryimage","url":"https:\/\/specagra.ee\/wp-content\/uploads\/2024\/06\/Untitled-design.png","contentUrl":"https:\/\/specagra.ee\/wp-content\/uploads\/2024\/06\/Untitled-design.png","width":900,"height":900},{"@type":"BreadcrumbList","@id":"https:\/\/specagra.ee\/?product=apsaugine-danga-subtex-200#breadcrumb","itemListElement":[{"@type":"ListItem","position":1,"name":"Home","item":"https:\/\/www.specagra.ee\/"},{"@type":"ListItem","position":2,"name":"P\u00f5llumajandustehnika ja loomakasvatus","item":"https:\/\/specagra.ee\/?page_id=18493"},{"@type":"ListItem","position":3,"name":"Apsaugin\u0117 danga SUBTEX 200"}]},{"@type":"WebSite","@id":"https:\/\/specagra.ee\/#website","url":"https:\/\/specagra.ee\/","name":"Specagra","description":"P\u00f5llumajandustehnika ja varuosad","publisher":{"@id":"https:\/\/specagra.ee\/#organization"},"potentialAction":[{"@type":"SearchAction","target":{"@type":"EntryPoint","urlTemplate":"https:\/\/specagra.ee\/?s={search_term_string}"},"query-input":{"@type":"PropertyValueSpecification","valueRequired":true,"valueName":"search_term_string"}}],"inLanguage":"et"},{"@type":"Organization","@id":"https:\/\/specagra.ee\/#organization","name":"UAB Specagra","url":"https:\/\/specagra.ee\/","logo":{"@type":"ImageObject","inLanguage":"et","@id":"https:\/\/specagra.ee\/#\/schema\/logo\/image\/","url":"http:\/\/www.specagra.ee\/wp-content\/uploads\/2022\/02\/SP-logo_naujas-scaled.jpg","contentUrl":"http:\/\/www.specagra.ee\/wp-content\/uploads\/2022\/02\/SP-logo_naujas-scaled.jpg","width":2560,"height":326,"caption":"UAB Specagra"},"image":{"@id":"https:\/\/specagra.ee\/#\/schema\/logo\/image\/"}}]}},"_links":{"self":[{"href":"https:\/\/specagra.ee\/index.php?rest_route=\/wp\/v2\/product\/41383","targetHints":{"allow":["GET"]}}],"collection":[{"href":"https:\/\/specagra.ee\/index.php?rest_route=\/wp\/v2\/product"}],"about":[{"href":"https:\/\/specagra.ee\/index.php?rest_route=\/wp\/v2\/types\/product"}],"wp:featuredmedia":[{"embeddable":true,"href":"https:\/\/specagra.ee\/index.php?rest_route=\/wp\/v2\/media\/43357"}],"wp:attachment":[{"href":"https:\/\/specagra.ee\/index.php?rest_route=%2Fwp%2Fv2%2Fmedia&parent=41383"}],"wp:term":[{"taxonomy":"product_brand","embeddable":true,"href":"https:\/\/specagra.ee\/index.php?rest_route=%2Fwp%2Fv2%2Fproduct_brand&post=41383"},{"taxonomy":"product_cat","embeddable":true,"href":"https:\/\/specagra.ee\/index.php?rest_route=%2Fwp%2Fv2%2Fproduct_cat&post=41383"},{"taxonomy":"product_tag","embeddable":true,"href":"https:\/\/specagra.ee\/index.php?rest_route=%2Fwp%2Fv2%2Fproduct_tag&post=41383"}],"curies":[{"name":"wp","href":"https:\/\/api.w.org\/{rel}","templated":true}]}}