{"id":3647,"date":"2020-07-01T03:50:42","date_gmt":"2020-07-01T05:50:42","guid":{"rendered":"https:\/\/www.specagra.ee.nemokamossvetaines.hostingas.lt\/?post_type=product&#038;p=3647"},"modified":"2020-07-29T06:09:50","modified_gmt":"2020-07-29T08:09:50","slug":"unterfolija","status":"publish","type":"product","link":"https:\/\/specagra.ee\/?product=unterfolija","title":{"rendered":"Unterfolija &#8211; vakuumin\u0117 pl\u0117vel\u0117"},"content":{"rendered":"<p>Bendrosios savyb\u0117s:<\/p>\n<ul>\n<li>Pl\u0117vel\u0117 pirmam sluoksniui \u201cUNTERFOLIJA\u201d.<\/li>\n<li>Kitaip dar vadinama\u00a0vakuumine pl\u0117vele.<\/li>\n<li>Plo\u010diai skrintingi, bet\u00a0 ilgiai ir storiai vienodi.<\/li>\n<li>Naudojant pl\u0117vel\u0119 \u201eUNTERFOLIJA\u201d yra padidinamas barjeras tarp pa\u0161aro ir atmosferos.<\/li>\n<li>Deguonis yra prie\u017eastis, d\u0117l ko pa\u0161aras genda, tod\u0117l yra b\u016btina j\u012f maksimaliai apsaugoti.<\/li>\n<li>\u201eUnterfolija\u201c turi savyb\u0119 kopijuoti pavir\u0161i\u0173, tod\u0117l ji priglunda prie pa\u0161aro ir nepalieka oro ki\u0161eni\u0173, nuo kuri\u0173 dedasi puvinys ir pel\u0117sis.<\/li>\n<li>Panaudoj\u0119 tok\u012f dengimo b\u016bd\u0105, \u016bkininkai da\u017enai nustemba, kad nereikia nuo kaupo vir\u0161aus i\u0161mesti 10-15 cm supuvusio pa\u0161aro.<\/li>\n<\/ul>\n","protected":false},"excerpt":{"rendered":"<p>Bendrosios savyb\u0117s: Pl\u0117vel\u0117 pirmam sluoksniui \u201cUNTERFOLIJA\u201d. Kitaip dar vadinama\u00a0vakuumine pl\u0117vele. Plo\u010diai skrintingi, bet\u00a0 ilgiai ir storiai vienodi. Naudojant pl\u0117vel\u0119 \u201eUNTERFOLIJA\u201d yra padidinamas barjeras tarp pa\u0161aro ir atmosferos. Deguonis yra prie\u017eastis, d\u0117l ko pa\u0161aras genda, tod\u0117l yra b\u016btina j\u012f maksimaliai apsaugoti. \u201eUnterfolija\u201c turi savyb\u0119 kopijuoti pavir\u0161i\u0173, tod\u0117l ji priglunda prie pa\u0161aro ir nepalieka oro ki\u0161eni\u0173, nuo [&hellip;]<\/p>\n","protected":false},"featured_media":6040,"template":"","meta":{"_et_pb_use_builder":"","_et_pb_old_content":"","_et_gb_content_width":""},"product_brand":[],"product_cat":[120],"product_tag":[],"class_list":{"0":"post-3647","1":"product","2":"type-product","3":"status-publish","4":"has-post-thumbnail","6":"product_cat-vaakumkile","8":"first","9":"instock","10":"shipping-taxable","11":"product-type-simple"},"yoast_head":"<!-- This site is optimized with the Yoast SEO plugin v26.4 - https:\/\/yoast.com\/wordpress\/plugins\/seo\/ -->\n<title>Unterfolija - vakuumin\u0117 pl\u0117vel\u0117 - Specagra<\/title>\n<meta name=\"robots\" content=\"index, follow, max-snippet:-1, max-image-preview:large, max-video-preview:-1\" \/>\n<link rel=\"canonical\" href=\"https:\/\/specagra.ee\/?product=unterfolija\" \/>\n<meta property=\"og:locale\" content=\"et_EE\" \/>\n<meta property=\"og:type\" content=\"article\" \/>\n<meta property=\"og:title\" content=\"Unterfolija - vakuumin\u0117 pl\u0117vel\u0117 - Specagra\" \/>\n<meta property=\"og:description\" content=\"Bendrosios savyb\u0117s: Pl\u0117vel\u0117 pirmam sluoksniui \u201cUNTERFOLIJA\u201d. Kitaip dar vadinama\u00a0vakuumine pl\u0117vele. Plo\u010diai skrintingi, bet\u00a0 ilgiai ir storiai vienodi. Naudojant pl\u0117vel\u0119 \u201eUNTERFOLIJA\u201d yra padidinamas barjeras tarp pa\u0161aro ir atmosferos. Deguonis yra prie\u017eastis, d\u0117l ko pa\u0161aras genda, tod\u0117l yra b\u016btina j\u012f maksimaliai apsaugoti. \u201eUnterfolija\u201c turi savyb\u0119 kopijuoti pavir\u0161i\u0173, tod\u0117l ji priglunda prie pa\u0161aro ir nepalieka oro ki\u0161eni\u0173, nuo [&hellip;]\" \/>\n<meta property=\"og:url\" content=\"https:\/\/specagra.ee\/?product=unterfolija\" \/>\n<meta property=\"og:site_name\" content=\"Specagra\" \/>\n<meta property=\"article:modified_time\" content=\"2020-07-29T08:09:50+00:00\" \/>\n<meta property=\"og:image\" content=\"https:\/\/www.specagra.ee\/wp-content\/uploads\/2020\/07\/Polydress_SiloClassics_UZF_Closed_Clear-scaled.jpg\" \/>\n\t<meta property=\"og:image:width\" content=\"2560\" \/>\n\t<meta property=\"og:image:height\" content=\"2156\" \/>\n\t<meta property=\"og:image:type\" content=\"image\/jpeg\" \/>\n<meta name=\"twitter:card\" content=\"summary_large_image\" \/>\n<script type=\"application\/ld+json\" class=\"yoast-schema-graph\">{\"@context\":\"https:\/\/schema.org\",\"@graph\":[{\"@type\":\"WebPage\",\"@id\":\"https:\/\/specagra.ee\/?product=unterfolija\",\"url\":\"https:\/\/specagra.ee\/?product=unterfolija\",\"name\":\"Unterfolija - vakuumin\u0117 pl\u0117vel\u0117 - Specagra\",\"isPartOf\":{\"@id\":\"https:\/\/specagra.ee\/#website\"},\"primaryImageOfPage\":{\"@id\":\"https:\/\/specagra.ee\/?product=unterfolija#primaryimage\"},\"image\":{\"@id\":\"https:\/\/specagra.ee\/?product=unterfolija#primaryimage\"},\"thumbnailUrl\":\"https:\/\/specagra.ee\/wp-content\/uploads\/2020\/07\/Polydress_SiloClassics_UZF_Closed_Clear-scaled.jpg\",\"datePublished\":\"2020-07-01T05:50:42+00:00\",\"dateModified\":\"2020-07-29T08:09:50+00:00\",\"breadcrumb\":{\"@id\":\"https:\/\/specagra.ee\/?product=unterfolija#breadcrumb\"},\"inLanguage\":\"et\",\"potentialAction\":[{\"@type\":\"ReadAction\",\"target\":[\"https:\/\/specagra.ee\/?product=unterfolija\"]}]},{\"@type\":\"ImageObject\",\"inLanguage\":\"et\",\"@id\":\"https:\/\/specagra.ee\/?product=unterfolija#primaryimage\",\"url\":\"https:\/\/specagra.ee\/wp-content\/uploads\/2020\/07\/Polydress_SiloClassics_UZF_Closed_Clear-scaled.jpg\",\"contentUrl\":\"https:\/\/specagra.ee\/wp-content\/uploads\/2020\/07\/Polydress_SiloClassics_UZF_Closed_Clear-scaled.jpg\",\"width\":2560,\"height\":2156},{\"@type\":\"BreadcrumbList\",\"@id\":\"https:\/\/specagra.ee\/?product=unterfolija#breadcrumb\",\"itemListElement\":[{\"@type\":\"ListItem\",\"position\":1,\"name\":\"Home\",\"item\":\"https:\/\/www.specagra.ee\/\"},{\"@type\":\"ListItem\",\"position\":2,\"name\":\"P\u00f5llumajandustehnika ja loomakasvatus\",\"item\":\"https:\/\/specagra.ee\/?page_id=18493\"},{\"@type\":\"ListItem\",\"position\":3,\"name\":\"Unterfolija &#8211; vakuumin\u0117 pl\u0117vel\u0117\"}]},{\"@type\":\"WebSite\",\"@id\":\"https:\/\/specagra.ee\/#website\",\"url\":\"https:\/\/specagra.ee\/\",\"name\":\"Specagra\",\"description\":\"P\u00f5llumajandustehnika ja varuosad\",\"publisher\":{\"@id\":\"https:\/\/specagra.ee\/#organization\"},\"potentialAction\":[{\"@type\":\"SearchAction\",\"target\":{\"@type\":\"EntryPoint\",\"urlTemplate\":\"https:\/\/specagra.ee\/?s={search_term_string}\"},\"query-input\":{\"@type\":\"PropertyValueSpecification\",\"valueRequired\":true,\"valueName\":\"search_term_string\"}}],\"inLanguage\":\"et\"},{\"@type\":\"Organization\",\"@id\":\"https:\/\/specagra.ee\/#organization\",\"name\":\"UAB Specagra\",\"url\":\"https:\/\/specagra.ee\/\",\"logo\":{\"@type\":\"ImageObject\",\"inLanguage\":\"et\",\"@id\":\"https:\/\/specagra.ee\/#\/schema\/logo\/image\/\",\"url\":\"http:\/\/www.specagra.ee\/wp-content\/uploads\/2022\/02\/SP-logo_naujas-scaled.jpg\",\"contentUrl\":\"http:\/\/www.specagra.ee\/wp-content\/uploads\/2022\/02\/SP-logo_naujas-scaled.jpg\",\"width\":2560,\"height\":326,\"caption\":\"UAB Specagra\"},\"image\":{\"@id\":\"https:\/\/specagra.ee\/#\/schema\/logo\/image\/\"}}]}<\/script>\n<!-- \/ Yoast SEO plugin. -->","yoast_head_json":{"title":"Unterfolija - vakuumin\u0117 pl\u0117vel\u0117 - Specagra","robots":{"index":"index","follow":"follow","max-snippet":"max-snippet:-1","max-image-preview":"max-image-preview:large","max-video-preview":"max-video-preview:-1"},"canonical":"https:\/\/specagra.ee\/?product=unterfolija","og_locale":"et_EE","og_type":"article","og_title":"Unterfolija - vakuumin\u0117 pl\u0117vel\u0117 - Specagra","og_description":"Bendrosios savyb\u0117s: Pl\u0117vel\u0117 pirmam sluoksniui \u201cUNTERFOLIJA\u201d. Kitaip dar vadinama\u00a0vakuumine pl\u0117vele. Plo\u010diai skrintingi, bet\u00a0 ilgiai ir storiai vienodi. Naudojant pl\u0117vel\u0119 \u201eUNTERFOLIJA\u201d yra padidinamas barjeras tarp pa\u0161aro ir atmosferos. Deguonis yra prie\u017eastis, d\u0117l ko pa\u0161aras genda, tod\u0117l yra b\u016btina j\u012f maksimaliai apsaugoti. \u201eUnterfolija\u201c turi savyb\u0119 kopijuoti pavir\u0161i\u0173, tod\u0117l ji priglunda prie pa\u0161aro ir nepalieka oro ki\u0161eni\u0173, nuo [&hellip;]","og_url":"https:\/\/specagra.ee\/?product=unterfolija","og_site_name":"Specagra","article_modified_time":"2020-07-29T08:09:50+00:00","og_image":[{"width":2560,"height":2156,"url":"https:\/\/www.specagra.ee\/wp-content\/uploads\/2020\/07\/Polydress_SiloClassics_UZF_Closed_Clear-scaled.jpg","type":"image\/jpeg"}],"twitter_card":"summary_large_image","schema":{"@context":"https:\/\/schema.org","@graph":[{"@type":"WebPage","@id":"https:\/\/specagra.ee\/?product=unterfolija","url":"https:\/\/specagra.ee\/?product=unterfolija","name":"Unterfolija - vakuumin\u0117 pl\u0117vel\u0117 - Specagra","isPartOf":{"@id":"https:\/\/specagra.ee\/#website"},"primaryImageOfPage":{"@id":"https:\/\/specagra.ee\/?product=unterfolija#primaryimage"},"image":{"@id":"https:\/\/specagra.ee\/?product=unterfolija#primaryimage"},"thumbnailUrl":"https:\/\/specagra.ee\/wp-content\/uploads\/2020\/07\/Polydress_SiloClassics_UZF_Closed_Clear-scaled.jpg","datePublished":"2020-07-01T05:50:42+00:00","dateModified":"2020-07-29T08:09:50+00:00","breadcrumb":{"@id":"https:\/\/specagra.ee\/?product=unterfolija#breadcrumb"},"inLanguage":"et","potentialAction":[{"@type":"ReadAction","target":["https:\/\/specagra.ee\/?product=unterfolija"]}]},{"@type":"ImageObject","inLanguage":"et","@id":"https:\/\/specagra.ee\/?product=unterfolija#primaryimage","url":"https:\/\/specagra.ee\/wp-content\/uploads\/2020\/07\/Polydress_SiloClassics_UZF_Closed_Clear-scaled.jpg","contentUrl":"https:\/\/specagra.ee\/wp-content\/uploads\/2020\/07\/Polydress_SiloClassics_UZF_Closed_Clear-scaled.jpg","width":2560,"height":2156},{"@type":"BreadcrumbList","@id":"https:\/\/specagra.ee\/?product=unterfolija#breadcrumb","itemListElement":[{"@type":"ListItem","position":1,"name":"Home","item":"https:\/\/www.specagra.ee\/"},{"@type":"ListItem","position":2,"name":"P\u00f5llumajandustehnika ja loomakasvatus","item":"https:\/\/specagra.ee\/?page_id=18493"},{"@type":"ListItem","position":3,"name":"Unterfolija &#8211; vakuumin\u0117 pl\u0117vel\u0117"}]},{"@type":"WebSite","@id":"https:\/\/specagra.ee\/#website","url":"https:\/\/specagra.ee\/","name":"Specagra","description":"P\u00f5llumajandustehnika ja varuosad","publisher":{"@id":"https:\/\/specagra.ee\/#organization"},"potentialAction":[{"@type":"SearchAction","target":{"@type":"EntryPoint","urlTemplate":"https:\/\/specagra.ee\/?s={search_term_string}"},"query-input":{"@type":"PropertyValueSpecification","valueRequired":true,"valueName":"search_term_string"}}],"inLanguage":"et"},{"@type":"Organization","@id":"https:\/\/specagra.ee\/#organization","name":"UAB Specagra","url":"https:\/\/specagra.ee\/","logo":{"@type":"ImageObject","inLanguage":"et","@id":"https:\/\/specagra.ee\/#\/schema\/logo\/image\/","url":"http:\/\/www.specagra.ee\/wp-content\/uploads\/2022\/02\/SP-logo_naujas-scaled.jpg","contentUrl":"http:\/\/www.specagra.ee\/wp-content\/uploads\/2022\/02\/SP-logo_naujas-scaled.jpg","width":2560,"height":326,"caption":"UAB Specagra"},"image":{"@id":"https:\/\/specagra.ee\/#\/schema\/logo\/image\/"}}]}},"_links":{"self":[{"href":"https:\/\/specagra.ee\/index.php?rest_route=\/wp\/v2\/product\/3647","targetHints":{"allow":["GET"]}}],"collection":[{"href":"https:\/\/specagra.ee\/index.php?rest_route=\/wp\/v2\/product"}],"about":[{"href":"https:\/\/specagra.ee\/index.php?rest_route=\/wp\/v2\/types\/product"}],"wp:featuredmedia":[{"embeddable":true,"href":"https:\/\/specagra.ee\/index.php?rest_route=\/wp\/v2\/media\/6040"}],"wp:attachment":[{"href":"https:\/\/specagra.ee\/index.php?rest_route=%2Fwp%2Fv2%2Fmedia&parent=3647"}],"wp:term":[{"taxonomy":"product_brand","embeddable":true,"href":"https:\/\/specagra.ee\/index.php?rest_route=%2Fwp%2Fv2%2Fproduct_brand&post=3647"},{"taxonomy":"product_cat","embeddable":true,"href":"https:\/\/specagra.ee\/index.php?rest_route=%2Fwp%2Fv2%2Fproduct_cat&post=3647"},{"taxonomy":"product_tag","embeddable":true,"href":"https:\/\/specagra.ee\/index.php?rest_route=%2Fwp%2Fv2%2Fproduct_tag&post=3647"}],"curies":[{"name":"wp","href":"https:\/\/api.w.org\/{rel}","templated":true}]}}