{"id":31080,"date":"2023-07-13T10:28:53","date_gmt":"2023-07-13T12:28:53","guid":{"rendered":"https:\/\/www.specagra.ee\/?post_type=product&#038;p=31080"},"modified":"2024-04-23T05:14:29","modified_gmt":"2024-04-23T07:14:29","slug":"serimo-loviai-maziems-gyvunams","status":"publish","type":"product","link":"https:\/\/specagra.ee\/?product=serimo-loviai-maziems-gyvunams","title":{"rendered":"\u0160\u0117rimo loviai smulkiems gyv\u016bnams"},"content":{"rendered":"<p>Cinkuoti loveliai smulkiems gyv\u016bnams yra labai tvirti, nes yra suvirinti i\u0161 kar\u0161tai cinkuotos konstrukcijos. Jie yra universalios paskirties ir gali b\u016bti naudojami vis\u0173 tip\u0173 gyv\u016bnams.<br \/>\nJie turi 60 mm kvadratines suvirintas kojeles.<\/p>\n<p>Bendras auk\u0161tis: 0,22 m, plotis: 0,33 m , gylis: 0,16 m.<\/p>\n","protected":false},"excerpt":{"rendered":"<p>Cinkuoti loveliai smulkiems gyv\u016bnams yra labai tvirti, nes yra suvirinti i\u0161 kar\u0161tai cinkuotos konstrukcijos. Jie yra universalios paskirties ir gali b\u016bti naudojami vis\u0173 tip\u0173 gyv\u016bnams. Jie turi 60 mm kvadratines suvirintas kojeles. Bendras auk\u0161tis: 0,22 m, plotis: 0,33 m , gylis: 0,16 m.<\/p>\n","protected":false},"featured_media":31081,"template":"","meta":{"_et_pb_use_builder":"","_et_pb_old_content":"","_et_gb_content_width":""},"product_brand":[],"product_cat":[114],"product_tag":[],"class_list":{"0":"post-31080","1":"product","2":"type-product","3":"status-publish","4":"has-post-thumbnail","6":"product_cat-soodakunad","8":"first","9":"instock","10":"shipping-taxable","11":"product-type-simple"},"yoast_head":"<!-- This site is optimized with the Yoast SEO plugin v26.4 - https:\/\/yoast.com\/wordpress\/plugins\/seo\/ -->\n<title>\u0160\u0117rimo loviai smulkiems gyv\u016bnams - Specagra<\/title>\n<meta name=\"robots\" content=\"index, follow, max-snippet:-1, max-image-preview:large, max-video-preview:-1\" \/>\n<link rel=\"canonical\" href=\"https:\/\/specagra.ee\/?product=serimo-loviai-maziems-gyvunams\" \/>\n<meta property=\"og:locale\" content=\"et_EE\" \/>\n<meta property=\"og:type\" content=\"article\" \/>\n<meta property=\"og:title\" content=\"\u0160\u0117rimo loviai smulkiems gyv\u016bnams - Specagra\" \/>\n<meta property=\"og:description\" content=\"Cinkuoti loveliai smulkiems gyv\u016bnams yra labai tvirti, nes yra suvirinti i\u0161 kar\u0161tai cinkuotos konstrukcijos. Jie yra universalios paskirties ir gali b\u016bti naudojami vis\u0173 tip\u0173 gyv\u016bnams. Jie turi 60 mm kvadratines suvirintas kojeles. Bendras auk\u0161tis: 0,22 m, plotis: 0,33 m , gylis: 0,16 m.\" \/>\n<meta property=\"og:url\" content=\"https:\/\/specagra.ee\/?product=serimo-loviai-maziems-gyvunams\" \/>\n<meta property=\"og:site_name\" content=\"Specagra\" \/>\n<meta property=\"article:modified_time\" content=\"2024-04-23T07:14:29+00:00\" \/>\n<meta property=\"og:image\" content=\"https:\/\/www.specagra.ee\/wp-content\/uploads\/2023\/07\/Untitled-design-2023-07-13T153216.584.jpg\" \/>\n\t<meta property=\"og:image:width\" content=\"800\" \/>\n\t<meta property=\"og:image:height\" content=\"800\" \/>\n\t<meta property=\"og:image:type\" content=\"image\/jpeg\" \/>\n<meta name=\"twitter:card\" content=\"summary_large_image\" \/>\n<meta name=\"twitter:label1\" content=\"Est. reading time\" \/>\n\t<meta name=\"twitter:data1\" content=\"1 minut\" \/>\n<script type=\"application\/ld+json\" class=\"yoast-schema-graph\">{\"@context\":\"https:\/\/schema.org\",\"@graph\":[{\"@type\":\"WebPage\",\"@id\":\"https:\/\/specagra.ee\/?product=serimo-loviai-maziems-gyvunams\",\"url\":\"https:\/\/specagra.ee\/?product=serimo-loviai-maziems-gyvunams\",\"name\":\"\u0160\u0117rimo loviai smulkiems gyv\u016bnams - Specagra\",\"isPartOf\":{\"@id\":\"https:\/\/specagra.ee\/#website\"},\"primaryImageOfPage\":{\"@id\":\"https:\/\/specagra.ee\/?product=serimo-loviai-maziems-gyvunams#primaryimage\"},\"image\":{\"@id\":\"https:\/\/specagra.ee\/?product=serimo-loviai-maziems-gyvunams#primaryimage\"},\"thumbnailUrl\":\"https:\/\/www.specagra.ee\/wp-content\/uploads\/2023\/07\/Untitled-design-2023-07-13T153216.584.jpg\",\"datePublished\":\"2023-07-13T12:28:53+00:00\",\"dateModified\":\"2024-04-23T07:14:29+00:00\",\"breadcrumb\":{\"@id\":\"https:\/\/specagra.ee\/?product=serimo-loviai-maziems-gyvunams#breadcrumb\"},\"inLanguage\":\"et\",\"potentialAction\":[{\"@type\":\"ReadAction\",\"target\":[\"https:\/\/specagra.ee\/?product=serimo-loviai-maziems-gyvunams\"]}]},{\"@type\":\"ImageObject\",\"inLanguage\":\"et\",\"@id\":\"https:\/\/specagra.ee\/?product=serimo-loviai-maziems-gyvunams#primaryimage\",\"url\":\"https:\/\/www.specagra.ee\/wp-content\/uploads\/2023\/07\/Untitled-design-2023-07-13T153216.584.jpg\",\"contentUrl\":\"https:\/\/www.specagra.ee\/wp-content\/uploads\/2023\/07\/Untitled-design-2023-07-13T153216.584.jpg\",\"width\":800,\"height\":800},{\"@type\":\"BreadcrumbList\",\"@id\":\"https:\/\/specagra.ee\/?product=serimo-loviai-maziems-gyvunams#breadcrumb\",\"itemListElement\":[{\"@type\":\"ListItem\",\"position\":1,\"name\":\"Home\",\"item\":\"https:\/\/www.specagra.ee\/\"},{\"@type\":\"ListItem\",\"position\":2,\"name\":\"P\u00f5llumajandustehnika ja loomakasvatus\",\"item\":\"https:\/\/specagra.ee\/?page_id=18493\"},{\"@type\":\"ListItem\",\"position\":3,\"name\":\"\u0160\u0117rimo loviai smulkiems gyv\u016bnams\"}]},{\"@type\":\"WebSite\",\"@id\":\"https:\/\/specagra.ee\/#website\",\"url\":\"https:\/\/specagra.ee\/\",\"name\":\"Specagra\",\"description\":\"P\u00f5llumajandustehnika ja varuosad\",\"publisher\":{\"@id\":\"https:\/\/specagra.ee\/#organization\"},\"potentialAction\":[{\"@type\":\"SearchAction\",\"target\":{\"@type\":\"EntryPoint\",\"urlTemplate\":\"https:\/\/specagra.ee\/?s={search_term_string}\"},\"query-input\":{\"@type\":\"PropertyValueSpecification\",\"valueRequired\":true,\"valueName\":\"search_term_string\"}}],\"inLanguage\":\"et\"},{\"@type\":\"Organization\",\"@id\":\"https:\/\/specagra.ee\/#organization\",\"name\":\"UAB Specagra\",\"url\":\"https:\/\/specagra.ee\/\",\"logo\":{\"@type\":\"ImageObject\",\"inLanguage\":\"et\",\"@id\":\"https:\/\/specagra.ee\/#\/schema\/logo\/image\/\",\"url\":\"http:\/\/www.specagra.ee\/wp-content\/uploads\/2022\/02\/SP-logo_naujas-scaled.jpg\",\"contentUrl\":\"http:\/\/www.specagra.ee\/wp-content\/uploads\/2022\/02\/SP-logo_naujas-scaled.jpg\",\"width\":2560,\"height\":326,\"caption\":\"UAB Specagra\"},\"image\":{\"@id\":\"https:\/\/specagra.ee\/#\/schema\/logo\/image\/\"}}]}<\/script>\n<!-- \/ Yoast SEO plugin. -->","yoast_head_json":{"title":"\u0160\u0117rimo loviai smulkiems gyv\u016bnams - Specagra","robots":{"index":"index","follow":"follow","max-snippet":"max-snippet:-1","max-image-preview":"max-image-preview:large","max-video-preview":"max-video-preview:-1"},"canonical":"https:\/\/specagra.ee\/?product=serimo-loviai-maziems-gyvunams","og_locale":"et_EE","og_type":"article","og_title":"\u0160\u0117rimo loviai smulkiems gyv\u016bnams - Specagra","og_description":"Cinkuoti loveliai smulkiems gyv\u016bnams yra labai tvirti, nes yra suvirinti i\u0161 kar\u0161tai cinkuotos konstrukcijos. Jie yra universalios paskirties ir gali b\u016bti naudojami vis\u0173 tip\u0173 gyv\u016bnams. Jie turi 60 mm kvadratines suvirintas kojeles. Bendras auk\u0161tis: 0,22 m, plotis: 0,33 m , gylis: 0,16 m.","og_url":"https:\/\/specagra.ee\/?product=serimo-loviai-maziems-gyvunams","og_site_name":"Specagra","article_modified_time":"2024-04-23T07:14:29+00:00","og_image":[{"width":800,"height":800,"url":"https:\/\/www.specagra.ee\/wp-content\/uploads\/2023\/07\/Untitled-design-2023-07-13T153216.584.jpg","type":"image\/jpeg"}],"twitter_card":"summary_large_image","twitter_misc":{"Est. reading time":"1 minut"},"schema":{"@context":"https:\/\/schema.org","@graph":[{"@type":"WebPage","@id":"https:\/\/specagra.ee\/?product=serimo-loviai-maziems-gyvunams","url":"https:\/\/specagra.ee\/?product=serimo-loviai-maziems-gyvunams","name":"\u0160\u0117rimo loviai smulkiems gyv\u016bnams - Specagra","isPartOf":{"@id":"https:\/\/specagra.ee\/#website"},"primaryImageOfPage":{"@id":"https:\/\/specagra.ee\/?product=serimo-loviai-maziems-gyvunams#primaryimage"},"image":{"@id":"https:\/\/specagra.ee\/?product=serimo-loviai-maziems-gyvunams#primaryimage"},"thumbnailUrl":"https:\/\/www.specagra.ee\/wp-content\/uploads\/2023\/07\/Untitled-design-2023-07-13T153216.584.jpg","datePublished":"2023-07-13T12:28:53+00:00","dateModified":"2024-04-23T07:14:29+00:00","breadcrumb":{"@id":"https:\/\/specagra.ee\/?product=serimo-loviai-maziems-gyvunams#breadcrumb"},"inLanguage":"et","potentialAction":[{"@type":"ReadAction","target":["https:\/\/specagra.ee\/?product=serimo-loviai-maziems-gyvunams"]}]},{"@type":"ImageObject","inLanguage":"et","@id":"https:\/\/specagra.ee\/?product=serimo-loviai-maziems-gyvunams#primaryimage","url":"https:\/\/www.specagra.ee\/wp-content\/uploads\/2023\/07\/Untitled-design-2023-07-13T153216.584.jpg","contentUrl":"https:\/\/www.specagra.ee\/wp-content\/uploads\/2023\/07\/Untitled-design-2023-07-13T153216.584.jpg","width":800,"height":800},{"@type":"BreadcrumbList","@id":"https:\/\/specagra.ee\/?product=serimo-loviai-maziems-gyvunams#breadcrumb","itemListElement":[{"@type":"ListItem","position":1,"name":"Home","item":"https:\/\/www.specagra.ee\/"},{"@type":"ListItem","position":2,"name":"P\u00f5llumajandustehnika ja loomakasvatus","item":"https:\/\/specagra.ee\/?page_id=18493"},{"@type":"ListItem","position":3,"name":"\u0160\u0117rimo loviai smulkiems gyv\u016bnams"}]},{"@type":"WebSite","@id":"https:\/\/specagra.ee\/#website","url":"https:\/\/specagra.ee\/","name":"Specagra","description":"P\u00f5llumajandustehnika ja varuosad","publisher":{"@id":"https:\/\/specagra.ee\/#organization"},"potentialAction":[{"@type":"SearchAction","target":{"@type":"EntryPoint","urlTemplate":"https:\/\/specagra.ee\/?s={search_term_string}"},"query-input":{"@type":"PropertyValueSpecification","valueRequired":true,"valueName":"search_term_string"}}],"inLanguage":"et"},{"@type":"Organization","@id":"https:\/\/specagra.ee\/#organization","name":"UAB Specagra","url":"https:\/\/specagra.ee\/","logo":{"@type":"ImageObject","inLanguage":"et","@id":"https:\/\/specagra.ee\/#\/schema\/logo\/image\/","url":"http:\/\/www.specagra.ee\/wp-content\/uploads\/2022\/02\/SP-logo_naujas-scaled.jpg","contentUrl":"http:\/\/www.specagra.ee\/wp-content\/uploads\/2022\/02\/SP-logo_naujas-scaled.jpg","width":2560,"height":326,"caption":"UAB Specagra"},"image":{"@id":"https:\/\/specagra.ee\/#\/schema\/logo\/image\/"}}]}},"_links":{"self":[{"href":"https:\/\/specagra.ee\/index.php?rest_route=\/wp\/v2\/product\/31080","targetHints":{"allow":["GET"]}}],"collection":[{"href":"https:\/\/specagra.ee\/index.php?rest_route=\/wp\/v2\/product"}],"about":[{"href":"https:\/\/specagra.ee\/index.php?rest_route=\/wp\/v2\/types\/product"}],"wp:featuredmedia":[{"embeddable":true,"href":"https:\/\/specagra.ee\/index.php?rest_route=\/wp\/v2\/media\/31081"}],"wp:attachment":[{"href":"https:\/\/specagra.ee\/index.php?rest_route=%2Fwp%2Fv2%2Fmedia&parent=31080"}],"wp:term":[{"taxonomy":"product_brand","embeddable":true,"href":"https:\/\/specagra.ee\/index.php?rest_route=%2Fwp%2Fv2%2Fproduct_brand&post=31080"},{"taxonomy":"product_cat","embeddable":true,"href":"https:\/\/specagra.ee\/index.php?rest_route=%2Fwp%2Fv2%2Fproduct_cat&post=31080"},{"taxonomy":"product_tag","embeddable":true,"href":"https:\/\/specagra.ee\/index.php?rest_route=%2Fwp%2Fv2%2Fproduct_tag&post=31080"}],"curies":[{"name":"wp","href":"https:\/\/api.w.org\/{rel}","templated":true}]}}