{"id":30176,"date":"2023-06-09T04:45:47","date_gmt":"2023-06-09T06:45:47","guid":{"rendered":"https:\/\/www.specagra.ee\/?post_type=product&#038;p=30176"},"modified":"2023-06-09T05:12:25","modified_gmt":"2023-06-09T07:12:25","slug":"atviro-tipo-pieno-ausintuvas-plevnik","status":"publish","type":"product","link":"https:\/\/specagra.ee\/?product=atviro-tipo-pieno-ausintuvas-plevnik","title":{"rendered":"Atviro tipo pieno au\u0161intuvas Plevnik"},"content":{"rendered":"<p>Visi Plevnik pieno au\u0161intuvai veikia su ekologi\u0161kais au\u0161inimo skys\u010diais, sunaudoja ma\u017eai energijos ir yra efektyv\u016bs.<\/p>\n<p>Modern\u016bs PLEVNIK pieno au\u0161intuvai yra b\u016btini norint i\u0161laikyti auk\u0161tos kokyb\u0117s ir bakteriologi\u0161kai saug\u0173 pien\u0105.<br \/>\nPLEVNIK pieno \u0161aldymo talpyklos priskiriamos I ir II klasei pagal ISO 5708, DIN 5708 ir EN 13732 standartus (konstrukcija, talpa, au\u0161inimas&#8230;).<\/p>\n<p><strong>TALPA:<\/strong><\/p>\n<ul>\n<li>\u00a0pagaminta i\u0161 auk\u0161tos kokyb\u0117s ner\u016bdijan\u010dio plieno W.Nr.1.4301 (AISI 304).<\/li>\n<li>integruotas ta\u0161kiniu b\u016bdu suvirintas korpusas.<\/li>\n<li>pasvir\u0119s dugnas leid\u017eia visi\u0161kai i\u0161tu\u0161tinti talpykl\u0105.<\/li>\n<li>izoliuotas ekologi\u0161kai saugiomis poliuretano (PUR) putomis be CFC.<\/li>\n<li>dangtis su spyruokl\u0117mis, kad b\u016bt\u0173 lengva atidaryti.<\/li>\n<li>reguliuojamo auk\u0161\u010dio kojel\u0117s.<\/li>\n<li>mai\u0161ytuvas su 28 aps\/min.<\/li>\n<\/ul>\n<p><strong>ELEKTRIN\u0116 DALIS:<\/strong><\/p>\n<p>Valdymo skydelis su elektroniniu programatoriumi, kuris leid\u017eia atlikti \u0161ias funkcijas:<\/p>\n<ul>\n<li>valdo \u0161aldymo \u012frenginio veikim\u0105.<\/li>\n<li>valdo mai\u0161ytuvo veikim\u0105 (periodi\u0161kas mai\u0161ytuvo \u012fjungimas, kai palaikoma temperat\u016bra).<\/li>\n<li>stebi pieno temperat\u016br\u0105 ir rodo j\u0105 ekrane.<\/li>\n<li>norimos pieno temperat\u016bros nustatymas ir automatinis jos palaikymas.<\/li>\n<li>elektros tiekimas; vienfazis 230 V 50 Hz arba trifazis 400 V 3N 50 Hz<\/li>\n<\/ul>\n<p><strong>AU\u0160INIMO \u012eRENGINYS:<\/strong><\/p>\n<ul>\n<li>kompakti\u0161kai \u012fmontuotas au\u0161inimo \u012frenginys.<\/li>\n<li>veikia tiesioginio au\u0161inimo principu.<\/li>\n<li>ekologi\u0161kas au\u0161inimo skystis (R404 A).<\/li>\n<li>\u012fmontuota sl\u0117gin\u0117 ir \u0161ilumin\u0117 apsauga.<\/li>\n<li>SCROLL kompresorius (pasirinktinai vir\u0161 2 kW).<\/li>\n<li>au\u0161inimo proceso \u0161ilumin\u0117s energijos panaudojimas sanitarinio vandens pa\u0161ildymui &#8211; \u0161ilumos rekuperacija<\/li>\n<\/ul>\n<p>Galima talpa : nuo 100 L iki 1000 L<\/p>\n","protected":false},"excerpt":{"rendered":"<p>Visi Plevnik pieno au\u0161intuvai veikia su ekologi\u0161kais au\u0161inimo skys\u010diais, sunaudoja ma\u017eai energijos ir yra efektyv\u016bs. Modern\u016bs PLEVNIK pieno au\u0161intuvai yra b\u016btini norint i\u0161laikyti auk\u0161tos kokyb\u0117s ir bakteriologi\u0161kai saug\u0173 pien\u0105. PLEVNIK pieno \u0161aldymo talpyklos priskiriamos I ir II klasei pagal ISO 5708, DIN 5708 ir EN 13732 standartus (konstrukcija, talpa, au\u0161inimas&#8230;). TALPA: \u00a0pagaminta i\u0161 auk\u0161tos kokyb\u0117s [&hellip;]<\/p>\n","protected":false},"featured_media":30177,"template":"","meta":{"_et_pb_use_builder":"","_et_pb_old_content":"","_et_gb_content_width":""},"product_brand":[],"product_cat":[258],"product_tag":[],"class_list":{"0":"post-30176","1":"product","2":"type-product","3":"status-publish","4":"has-post-thumbnail","6":"product_cat-piimajahutid","8":"first","9":"instock","10":"shipping-taxable","11":"product-type-simple"},"yoast_head":"<!-- This site is optimized with the Yoast SEO plugin v26.4 - https:\/\/yoast.com\/wordpress\/plugins\/seo\/ -->\n<title>Atviro tipo pieno au\u0161intuvas Plevnik - Specagra<\/title>\n<meta name=\"robots\" content=\"index, follow, max-snippet:-1, max-image-preview:large, max-video-preview:-1\" \/>\n<link rel=\"canonical\" href=\"https:\/\/specagra.ee\/?product=atviro-tipo-pieno-ausintuvas-plevnik\" \/>\n<meta property=\"og:locale\" content=\"et_EE\" \/>\n<meta property=\"og:type\" content=\"article\" \/>\n<meta property=\"og:title\" content=\"Atviro tipo pieno au\u0161intuvas Plevnik - Specagra\" \/>\n<meta property=\"og:description\" content=\"Visi Plevnik pieno au\u0161intuvai veikia su ekologi\u0161kais au\u0161inimo skys\u010diais, sunaudoja ma\u017eai energijos ir yra efektyv\u016bs. Modern\u016bs PLEVNIK pieno au\u0161intuvai yra b\u016btini norint i\u0161laikyti auk\u0161tos kokyb\u0117s ir bakteriologi\u0161kai saug\u0173 pien\u0105. PLEVNIK pieno \u0161aldymo talpyklos priskiriamos I ir II klasei pagal ISO 5708, DIN 5708 ir EN 13732 standartus (konstrukcija, talpa, au\u0161inimas&#8230;). TALPA: \u00a0pagaminta i\u0161 auk\u0161tos kokyb\u0117s [&hellip;]\" \/>\n<meta property=\"og:url\" content=\"https:\/\/specagra.ee\/?product=atviro-tipo-pieno-ausintuvas-plevnik\" \/>\n<meta property=\"og:site_name\" content=\"Specagra\" \/>\n<meta property=\"article:modified_time\" content=\"2023-06-09T07:12:25+00:00\" \/>\n<meta property=\"og:image\" content=\"https:\/\/specagra.ee\/wp-content\/uploads\/2023\/06\/Untitled-design-80-1.jpg\" \/>\n\t<meta property=\"og:image:width\" content=\"800\" \/>\n\t<meta property=\"og:image:height\" content=\"800\" \/>\n\t<meta property=\"og:image:type\" content=\"image\/jpeg\" \/>\n<meta name=\"twitter:card\" content=\"summary_large_image\" \/>\n<meta name=\"twitter:label1\" content=\"Est. reading time\" \/>\n\t<meta name=\"twitter:data1\" content=\"2 minutit\" \/>\n<script type=\"application\/ld+json\" class=\"yoast-schema-graph\">{\"@context\":\"https:\/\/schema.org\",\"@graph\":[{\"@type\":\"WebPage\",\"@id\":\"https:\/\/specagra.ee\/?product=atviro-tipo-pieno-ausintuvas-plevnik\",\"url\":\"https:\/\/specagra.ee\/?product=atviro-tipo-pieno-ausintuvas-plevnik\",\"name\":\"Atviro tipo pieno au\u0161intuvas Plevnik - Specagra\",\"isPartOf\":{\"@id\":\"https:\/\/specagra.ee\/#website\"},\"primaryImageOfPage\":{\"@id\":\"https:\/\/specagra.ee\/?product=atviro-tipo-pieno-ausintuvas-plevnik#primaryimage\"},\"image\":{\"@id\":\"https:\/\/specagra.ee\/?product=atviro-tipo-pieno-ausintuvas-plevnik#primaryimage\"},\"thumbnailUrl\":\"https:\/\/specagra.ee\/wp-content\/uploads\/2023\/06\/Untitled-design-80-1.jpg\",\"datePublished\":\"2023-06-09T06:45:47+00:00\",\"dateModified\":\"2023-06-09T07:12:25+00:00\",\"breadcrumb\":{\"@id\":\"https:\/\/specagra.ee\/?product=atviro-tipo-pieno-ausintuvas-plevnik#breadcrumb\"},\"inLanguage\":\"et\",\"potentialAction\":[{\"@type\":\"ReadAction\",\"target\":[\"https:\/\/specagra.ee\/?product=atviro-tipo-pieno-ausintuvas-plevnik\"]}]},{\"@type\":\"ImageObject\",\"inLanguage\":\"et\",\"@id\":\"https:\/\/specagra.ee\/?product=atviro-tipo-pieno-ausintuvas-plevnik#primaryimage\",\"url\":\"https:\/\/specagra.ee\/wp-content\/uploads\/2023\/06\/Untitled-design-80-1.jpg\",\"contentUrl\":\"https:\/\/specagra.ee\/wp-content\/uploads\/2023\/06\/Untitled-design-80-1.jpg\",\"width\":800,\"height\":800},{\"@type\":\"BreadcrumbList\",\"@id\":\"https:\/\/specagra.ee\/?product=atviro-tipo-pieno-ausintuvas-plevnik#breadcrumb\",\"itemListElement\":[{\"@type\":\"ListItem\",\"position\":1,\"name\":\"Home\",\"item\":\"https:\/\/www.specagra.ee\/\"},{\"@type\":\"ListItem\",\"position\":2,\"name\":\"P\u00f5llumajandustehnika ja loomakasvatus\",\"item\":\"https:\/\/specagra.ee\/?page_id=18493\"},{\"@type\":\"ListItem\",\"position\":3,\"name\":\"Atviro tipo pieno au\u0161intuvas Plevnik\"}]},{\"@type\":\"WebSite\",\"@id\":\"https:\/\/specagra.ee\/#website\",\"url\":\"https:\/\/specagra.ee\/\",\"name\":\"Specagra\",\"description\":\"P\u00f5llumajandustehnika ja varuosad\",\"publisher\":{\"@id\":\"https:\/\/specagra.ee\/#organization\"},\"potentialAction\":[{\"@type\":\"SearchAction\",\"target\":{\"@type\":\"EntryPoint\",\"urlTemplate\":\"https:\/\/specagra.ee\/?s={search_term_string}\"},\"query-input\":{\"@type\":\"PropertyValueSpecification\",\"valueRequired\":true,\"valueName\":\"search_term_string\"}}],\"inLanguage\":\"et\"},{\"@type\":\"Organization\",\"@id\":\"https:\/\/specagra.ee\/#organization\",\"name\":\"UAB Specagra\",\"url\":\"https:\/\/specagra.ee\/\",\"logo\":{\"@type\":\"ImageObject\",\"inLanguage\":\"et\",\"@id\":\"https:\/\/specagra.ee\/#\/schema\/logo\/image\/\",\"url\":\"http:\/\/www.specagra.ee\/wp-content\/uploads\/2022\/02\/SP-logo_naujas-scaled.jpg\",\"contentUrl\":\"http:\/\/www.specagra.ee\/wp-content\/uploads\/2022\/02\/SP-logo_naujas-scaled.jpg\",\"width\":2560,\"height\":326,\"caption\":\"UAB Specagra\"},\"image\":{\"@id\":\"https:\/\/specagra.ee\/#\/schema\/logo\/image\/\"}}]}<\/script>\n<!-- \/ Yoast SEO plugin. -->","yoast_head_json":{"title":"Atviro tipo pieno au\u0161intuvas Plevnik - Specagra","robots":{"index":"index","follow":"follow","max-snippet":"max-snippet:-1","max-image-preview":"max-image-preview:large","max-video-preview":"max-video-preview:-1"},"canonical":"https:\/\/specagra.ee\/?product=atviro-tipo-pieno-ausintuvas-plevnik","og_locale":"et_EE","og_type":"article","og_title":"Atviro tipo pieno au\u0161intuvas Plevnik - Specagra","og_description":"Visi Plevnik pieno au\u0161intuvai veikia su ekologi\u0161kais au\u0161inimo skys\u010diais, sunaudoja ma\u017eai energijos ir yra efektyv\u016bs. Modern\u016bs PLEVNIK pieno au\u0161intuvai yra b\u016btini norint i\u0161laikyti auk\u0161tos kokyb\u0117s ir bakteriologi\u0161kai saug\u0173 pien\u0105. PLEVNIK pieno \u0161aldymo talpyklos priskiriamos I ir II klasei pagal ISO 5708, DIN 5708 ir EN 13732 standartus (konstrukcija, talpa, au\u0161inimas&#8230;). TALPA: \u00a0pagaminta i\u0161 auk\u0161tos kokyb\u0117s [&hellip;]","og_url":"https:\/\/specagra.ee\/?product=atviro-tipo-pieno-ausintuvas-plevnik","og_site_name":"Specagra","article_modified_time":"2023-06-09T07:12:25+00:00","og_image":[{"width":800,"height":800,"url":"https:\/\/specagra.ee\/wp-content\/uploads\/2023\/06\/Untitled-design-80-1.jpg","type":"image\/jpeg"}],"twitter_card":"summary_large_image","twitter_misc":{"Est. reading time":"2 minutit"},"schema":{"@context":"https:\/\/schema.org","@graph":[{"@type":"WebPage","@id":"https:\/\/specagra.ee\/?product=atviro-tipo-pieno-ausintuvas-plevnik","url":"https:\/\/specagra.ee\/?product=atviro-tipo-pieno-ausintuvas-plevnik","name":"Atviro tipo pieno au\u0161intuvas Plevnik - Specagra","isPartOf":{"@id":"https:\/\/specagra.ee\/#website"},"primaryImageOfPage":{"@id":"https:\/\/specagra.ee\/?product=atviro-tipo-pieno-ausintuvas-plevnik#primaryimage"},"image":{"@id":"https:\/\/specagra.ee\/?product=atviro-tipo-pieno-ausintuvas-plevnik#primaryimage"},"thumbnailUrl":"https:\/\/specagra.ee\/wp-content\/uploads\/2023\/06\/Untitled-design-80-1.jpg","datePublished":"2023-06-09T06:45:47+00:00","dateModified":"2023-06-09T07:12:25+00:00","breadcrumb":{"@id":"https:\/\/specagra.ee\/?product=atviro-tipo-pieno-ausintuvas-plevnik#breadcrumb"},"inLanguage":"et","potentialAction":[{"@type":"ReadAction","target":["https:\/\/specagra.ee\/?product=atviro-tipo-pieno-ausintuvas-plevnik"]}]},{"@type":"ImageObject","inLanguage":"et","@id":"https:\/\/specagra.ee\/?product=atviro-tipo-pieno-ausintuvas-plevnik#primaryimage","url":"https:\/\/specagra.ee\/wp-content\/uploads\/2023\/06\/Untitled-design-80-1.jpg","contentUrl":"https:\/\/specagra.ee\/wp-content\/uploads\/2023\/06\/Untitled-design-80-1.jpg","width":800,"height":800},{"@type":"BreadcrumbList","@id":"https:\/\/specagra.ee\/?product=atviro-tipo-pieno-ausintuvas-plevnik#breadcrumb","itemListElement":[{"@type":"ListItem","position":1,"name":"Home","item":"https:\/\/www.specagra.ee\/"},{"@type":"ListItem","position":2,"name":"P\u00f5llumajandustehnika ja loomakasvatus","item":"https:\/\/specagra.ee\/?page_id=18493"},{"@type":"ListItem","position":3,"name":"Atviro tipo pieno au\u0161intuvas Plevnik"}]},{"@type":"WebSite","@id":"https:\/\/specagra.ee\/#website","url":"https:\/\/specagra.ee\/","name":"Specagra","description":"P\u00f5llumajandustehnika ja varuosad","publisher":{"@id":"https:\/\/specagra.ee\/#organization"},"potentialAction":[{"@type":"SearchAction","target":{"@type":"EntryPoint","urlTemplate":"https:\/\/specagra.ee\/?s={search_term_string}"},"query-input":{"@type":"PropertyValueSpecification","valueRequired":true,"valueName":"search_term_string"}}],"inLanguage":"et"},{"@type":"Organization","@id":"https:\/\/specagra.ee\/#organization","name":"UAB Specagra","url":"https:\/\/specagra.ee\/","logo":{"@type":"ImageObject","inLanguage":"et","@id":"https:\/\/specagra.ee\/#\/schema\/logo\/image\/","url":"http:\/\/www.specagra.ee\/wp-content\/uploads\/2022\/02\/SP-logo_naujas-scaled.jpg","contentUrl":"http:\/\/www.specagra.ee\/wp-content\/uploads\/2022\/02\/SP-logo_naujas-scaled.jpg","width":2560,"height":326,"caption":"UAB Specagra"},"image":{"@id":"https:\/\/specagra.ee\/#\/schema\/logo\/image\/"}}]}},"_links":{"self":[{"href":"https:\/\/specagra.ee\/index.php?rest_route=\/wp\/v2\/product\/30176","targetHints":{"allow":["GET"]}}],"collection":[{"href":"https:\/\/specagra.ee\/index.php?rest_route=\/wp\/v2\/product"}],"about":[{"href":"https:\/\/specagra.ee\/index.php?rest_route=\/wp\/v2\/types\/product"}],"wp:featuredmedia":[{"embeddable":true,"href":"https:\/\/specagra.ee\/index.php?rest_route=\/wp\/v2\/media\/30177"}],"wp:attachment":[{"href":"https:\/\/specagra.ee\/index.php?rest_route=%2Fwp%2Fv2%2Fmedia&parent=30176"}],"wp:term":[{"taxonomy":"product_brand","embeddable":true,"href":"https:\/\/specagra.ee\/index.php?rest_route=%2Fwp%2Fv2%2Fproduct_brand&post=30176"},{"taxonomy":"product_cat","embeddable":true,"href":"https:\/\/specagra.ee\/index.php?rest_route=%2Fwp%2Fv2%2Fproduct_cat&post=30176"},{"taxonomy":"product_tag","embeddable":true,"href":"https:\/\/specagra.ee\/index.php?rest_route=%2Fwp%2Fv2%2Fproduct_tag&post=30176"}],"curies":[{"name":"wp","href":"https:\/\/api.w.org\/{rel}","templated":true}]}}