{"id":25232,"date":"2023-03-06T06:17:48","date_gmt":"2023-03-06T08:17:48","guid":{"rendered":"https:\/\/www.specagra.ee\/?post_type=product&#038;p=25232"},"modified":"2023-08-30T11:09:22","modified_gmt":"2023-08-30T13:09:22","slug":"uzdaras-pieno-ausintuvas","status":"publish","type":"product","link":"https:\/\/specagra.ee\/?product=uzdaras-pieno-ausintuvas","title":{"rendered":"U\u017edaro tipo pieno au\u0161intuvas"},"content":{"rendered":"<p>Tipas: horizontalus<br \/>\nAu\u0161inimo klas\u0117: 2B II<br \/>\nTuri automatin\u0119 plovimo sistem\u0105<br \/>\nSvarstykl\u0117s: taip<br \/>\nMed\u017eiaga: AISI 304 ner\u016bdijantis plienas<br \/>\nIzoliacin\u0117 med\u017eiaga: 60 mm poliuretanas<br \/>\nSien\u0173 skai\u010dius: 2<\/p>\n<p>Galima talpa: nuo 2000 L iki 16000 L<\/p>\n","protected":false},"excerpt":{"rendered":"<p>Tipas: horizontalus Au\u0161inimo klas\u0117: 2B II Turi automatin\u0119 plovimo sistem\u0105 Svarstykl\u0117s: taip Med\u017eiaga: AISI 304 ner\u016bdijantis plienas Izoliacin\u0117 med\u017eiaga: 60 mm poliuretanas Sien\u0173 skai\u010dius: 2 Galima talpa: nuo 2000 L iki 16000 L<\/p>\n","protected":false},"featured_media":25227,"template":"","meta":{"_et_pb_use_builder":"","_et_pb_old_content":"","_et_gb_content_width":""},"product_brand":[],"product_cat":[258],"product_tag":[],"class_list":{"0":"post-25232","1":"product","2":"type-product","3":"status-publish","4":"has-post-thumbnail","6":"product_cat-piimajahutid","8":"first","9":"instock","10":"shipping-taxable","11":"product-type-simple"},"yoast_head":"<!-- This site is optimized with the Yoast SEO plugin v26.4 - https:\/\/yoast.com\/wordpress\/plugins\/seo\/ -->\n<title>U\u017edaro tipo pieno au\u0161intuvas - Specagra<\/title>\n<meta name=\"robots\" content=\"index, follow, max-snippet:-1, max-image-preview:large, max-video-preview:-1\" \/>\n<link rel=\"canonical\" href=\"https:\/\/specagra.ee\/?product=uzdaras-pieno-ausintuvas\" \/>\n<meta property=\"og:locale\" content=\"et_EE\" \/>\n<meta property=\"og:type\" content=\"article\" \/>\n<meta property=\"og:title\" content=\"U\u017edaro tipo pieno au\u0161intuvas - Specagra\" \/>\n<meta property=\"og:description\" content=\"Tipas: horizontalus Au\u0161inimo klas\u0117: 2B II Turi automatin\u0119 plovimo sistem\u0105 Svarstykl\u0117s: taip Med\u017eiaga: AISI 304 ner\u016bdijantis plienas Izoliacin\u0117 med\u017eiaga: 60 mm poliuretanas Sien\u0173 skai\u010dius: 2 Galima talpa: nuo 2000 L iki 16000 L\" \/>\n<meta property=\"og:url\" content=\"https:\/\/specagra.ee\/?product=uzdaras-pieno-ausintuvas\" \/>\n<meta property=\"og:site_name\" content=\"Specagra\" \/>\n<meta property=\"article:modified_time\" content=\"2023-08-30T13:09:22+00:00\" \/>\n<meta property=\"og:image\" content=\"https:\/\/www.specagra.ee\/wp-content\/uploads\/2023\/03\/Untitled-design-6.jpg\" \/>\n\t<meta property=\"og:image:width\" content=\"800\" \/>\n\t<meta property=\"og:image:height\" content=\"800\" \/>\n\t<meta property=\"og:image:type\" content=\"image\/jpeg\" \/>\n<meta name=\"twitter:card\" content=\"summary_large_image\" \/>\n<meta name=\"twitter:label1\" content=\"Est. reading time\" \/>\n\t<meta name=\"twitter:data1\" content=\"1 minut\" \/>\n<script type=\"application\/ld+json\" class=\"yoast-schema-graph\">{\"@context\":\"https:\/\/schema.org\",\"@graph\":[{\"@type\":\"WebPage\",\"@id\":\"https:\/\/specagra.ee\/?product=uzdaras-pieno-ausintuvas\",\"url\":\"https:\/\/specagra.ee\/?product=uzdaras-pieno-ausintuvas\",\"name\":\"U\u017edaro tipo pieno au\u0161intuvas - Specagra\",\"isPartOf\":{\"@id\":\"https:\/\/specagra.ee\/#website\"},\"primaryImageOfPage\":{\"@id\":\"https:\/\/specagra.ee\/?product=uzdaras-pieno-ausintuvas#primaryimage\"},\"image\":{\"@id\":\"https:\/\/specagra.ee\/?product=uzdaras-pieno-ausintuvas#primaryimage\"},\"thumbnailUrl\":\"https:\/\/specagra.ee\/wp-content\/uploads\/2023\/03\/Untitled-design-6.jpg\",\"datePublished\":\"2023-03-06T08:17:48+00:00\",\"dateModified\":\"2023-08-30T13:09:22+00:00\",\"breadcrumb\":{\"@id\":\"https:\/\/specagra.ee\/?product=uzdaras-pieno-ausintuvas#breadcrumb\"},\"inLanguage\":\"et\",\"potentialAction\":[{\"@type\":\"ReadAction\",\"target\":[\"https:\/\/specagra.ee\/?product=uzdaras-pieno-ausintuvas\"]}]},{\"@type\":\"ImageObject\",\"inLanguage\":\"et\",\"@id\":\"https:\/\/specagra.ee\/?product=uzdaras-pieno-ausintuvas#primaryimage\",\"url\":\"https:\/\/specagra.ee\/wp-content\/uploads\/2023\/03\/Untitled-design-6.jpg\",\"contentUrl\":\"https:\/\/specagra.ee\/wp-content\/uploads\/2023\/03\/Untitled-design-6.jpg\",\"width\":800,\"height\":800},{\"@type\":\"BreadcrumbList\",\"@id\":\"https:\/\/specagra.ee\/?product=uzdaras-pieno-ausintuvas#breadcrumb\",\"itemListElement\":[{\"@type\":\"ListItem\",\"position\":1,\"name\":\"Home\",\"item\":\"https:\/\/www.specagra.ee\/\"},{\"@type\":\"ListItem\",\"position\":2,\"name\":\"P\u00f5llumajandustehnika ja loomakasvatus\",\"item\":\"https:\/\/specagra.ee\/?page_id=18493\"},{\"@type\":\"ListItem\",\"position\":3,\"name\":\"U\u017edaro tipo pieno au\u0161intuvas\"}]},{\"@type\":\"WebSite\",\"@id\":\"https:\/\/specagra.ee\/#website\",\"url\":\"https:\/\/specagra.ee\/\",\"name\":\"Specagra\",\"description\":\"P\u00f5llumajandustehnika ja varuosad\",\"publisher\":{\"@id\":\"https:\/\/specagra.ee\/#organization\"},\"potentialAction\":[{\"@type\":\"SearchAction\",\"target\":{\"@type\":\"EntryPoint\",\"urlTemplate\":\"https:\/\/specagra.ee\/?s={search_term_string}\"},\"query-input\":{\"@type\":\"PropertyValueSpecification\",\"valueRequired\":true,\"valueName\":\"search_term_string\"}}],\"inLanguage\":\"et\"},{\"@type\":\"Organization\",\"@id\":\"https:\/\/specagra.ee\/#organization\",\"name\":\"UAB Specagra\",\"url\":\"https:\/\/specagra.ee\/\",\"logo\":{\"@type\":\"ImageObject\",\"inLanguage\":\"et\",\"@id\":\"https:\/\/specagra.ee\/#\/schema\/logo\/image\/\",\"url\":\"http:\/\/www.specagra.ee\/wp-content\/uploads\/2022\/02\/SP-logo_naujas-scaled.jpg\",\"contentUrl\":\"http:\/\/www.specagra.ee\/wp-content\/uploads\/2022\/02\/SP-logo_naujas-scaled.jpg\",\"width\":2560,\"height\":326,\"caption\":\"UAB Specagra\"},\"image\":{\"@id\":\"https:\/\/specagra.ee\/#\/schema\/logo\/image\/\"}}]}<\/script>\n<!-- \/ Yoast SEO plugin. -->","yoast_head_json":{"title":"U\u017edaro tipo pieno au\u0161intuvas - Specagra","robots":{"index":"index","follow":"follow","max-snippet":"max-snippet:-1","max-image-preview":"max-image-preview:large","max-video-preview":"max-video-preview:-1"},"canonical":"https:\/\/specagra.ee\/?product=uzdaras-pieno-ausintuvas","og_locale":"et_EE","og_type":"article","og_title":"U\u017edaro tipo pieno au\u0161intuvas - Specagra","og_description":"Tipas: horizontalus Au\u0161inimo klas\u0117: 2B II Turi automatin\u0119 plovimo sistem\u0105 Svarstykl\u0117s: taip Med\u017eiaga: AISI 304 ner\u016bdijantis plienas Izoliacin\u0117 med\u017eiaga: 60 mm poliuretanas Sien\u0173 skai\u010dius: 2 Galima talpa: nuo 2000 L iki 16000 L","og_url":"https:\/\/specagra.ee\/?product=uzdaras-pieno-ausintuvas","og_site_name":"Specagra","article_modified_time":"2023-08-30T13:09:22+00:00","og_image":[{"width":800,"height":800,"url":"https:\/\/www.specagra.ee\/wp-content\/uploads\/2023\/03\/Untitled-design-6.jpg","type":"image\/jpeg"}],"twitter_card":"summary_large_image","twitter_misc":{"Est. reading time":"1 minut"},"schema":{"@context":"https:\/\/schema.org","@graph":[{"@type":"WebPage","@id":"https:\/\/specagra.ee\/?product=uzdaras-pieno-ausintuvas","url":"https:\/\/specagra.ee\/?product=uzdaras-pieno-ausintuvas","name":"U\u017edaro tipo pieno au\u0161intuvas - Specagra","isPartOf":{"@id":"https:\/\/specagra.ee\/#website"},"primaryImageOfPage":{"@id":"https:\/\/specagra.ee\/?product=uzdaras-pieno-ausintuvas#primaryimage"},"image":{"@id":"https:\/\/specagra.ee\/?product=uzdaras-pieno-ausintuvas#primaryimage"},"thumbnailUrl":"https:\/\/specagra.ee\/wp-content\/uploads\/2023\/03\/Untitled-design-6.jpg","datePublished":"2023-03-06T08:17:48+00:00","dateModified":"2023-08-30T13:09:22+00:00","breadcrumb":{"@id":"https:\/\/specagra.ee\/?product=uzdaras-pieno-ausintuvas#breadcrumb"},"inLanguage":"et","potentialAction":[{"@type":"ReadAction","target":["https:\/\/specagra.ee\/?product=uzdaras-pieno-ausintuvas"]}]},{"@type":"ImageObject","inLanguage":"et","@id":"https:\/\/specagra.ee\/?product=uzdaras-pieno-ausintuvas#primaryimage","url":"https:\/\/specagra.ee\/wp-content\/uploads\/2023\/03\/Untitled-design-6.jpg","contentUrl":"https:\/\/specagra.ee\/wp-content\/uploads\/2023\/03\/Untitled-design-6.jpg","width":800,"height":800},{"@type":"BreadcrumbList","@id":"https:\/\/specagra.ee\/?product=uzdaras-pieno-ausintuvas#breadcrumb","itemListElement":[{"@type":"ListItem","position":1,"name":"Home","item":"https:\/\/www.specagra.ee\/"},{"@type":"ListItem","position":2,"name":"P\u00f5llumajandustehnika ja loomakasvatus","item":"https:\/\/specagra.ee\/?page_id=18493"},{"@type":"ListItem","position":3,"name":"U\u017edaro tipo pieno au\u0161intuvas"}]},{"@type":"WebSite","@id":"https:\/\/specagra.ee\/#website","url":"https:\/\/specagra.ee\/","name":"Specagra","description":"P\u00f5llumajandustehnika ja varuosad","publisher":{"@id":"https:\/\/specagra.ee\/#organization"},"potentialAction":[{"@type":"SearchAction","target":{"@type":"EntryPoint","urlTemplate":"https:\/\/specagra.ee\/?s={search_term_string}"},"query-input":{"@type":"PropertyValueSpecification","valueRequired":true,"valueName":"search_term_string"}}],"inLanguage":"et"},{"@type":"Organization","@id":"https:\/\/specagra.ee\/#organization","name":"UAB Specagra","url":"https:\/\/specagra.ee\/","logo":{"@type":"ImageObject","inLanguage":"et","@id":"https:\/\/specagra.ee\/#\/schema\/logo\/image\/","url":"http:\/\/www.specagra.ee\/wp-content\/uploads\/2022\/02\/SP-logo_naujas-scaled.jpg","contentUrl":"http:\/\/www.specagra.ee\/wp-content\/uploads\/2022\/02\/SP-logo_naujas-scaled.jpg","width":2560,"height":326,"caption":"UAB Specagra"},"image":{"@id":"https:\/\/specagra.ee\/#\/schema\/logo\/image\/"}}]}},"_links":{"self":[{"href":"https:\/\/specagra.ee\/index.php?rest_route=\/wp\/v2\/product\/25232","targetHints":{"allow":["GET"]}}],"collection":[{"href":"https:\/\/specagra.ee\/index.php?rest_route=\/wp\/v2\/product"}],"about":[{"href":"https:\/\/specagra.ee\/index.php?rest_route=\/wp\/v2\/types\/product"}],"wp:featuredmedia":[{"embeddable":true,"href":"https:\/\/specagra.ee\/index.php?rest_route=\/wp\/v2\/media\/25227"}],"wp:attachment":[{"href":"https:\/\/specagra.ee\/index.php?rest_route=%2Fwp%2Fv2%2Fmedia&parent=25232"}],"wp:term":[{"taxonomy":"product_brand","embeddable":true,"href":"https:\/\/specagra.ee\/index.php?rest_route=%2Fwp%2Fv2%2Fproduct_brand&post=25232"},{"taxonomy":"product_cat","embeddable":true,"href":"https:\/\/specagra.ee\/index.php?rest_route=%2Fwp%2Fv2%2Fproduct_cat&post=25232"},{"taxonomy":"product_tag","embeddable":true,"href":"https:\/\/specagra.ee\/index.php?rest_route=%2Fwp%2Fv2%2Fproduct_tag&post=25232"}],"curies":[{"name":"wp","href":"https:\/\/api.w.org\/{rel}","templated":true}]}}