{"id":2430,"date":"2020-06-26T03:14:44","date_gmt":"2020-06-26T05:14:44","guid":{"rendered":"https:\/\/www.specagra.ee.nemokamossvetaines.hostingas.lt\/?post_type=product&#038;p=2430"},"modified":"2022-06-22T11:02:31","modified_gmt":"2022-06-22T13:02:31","slug":"presai-df-17-z-zd-19-d-zd","status":"publish","type":"product","link":"https:\/\/specagra.ee\/?product=presai-df-17-z-zd-19-d-zd","title":{"rendered":"Presas dir\u017einis DF 1,7 Z-ZD"},"content":{"rendered":"<p>Standartin\u0117 komplektacija:<\/p>\n<ul>\n<li>Valdymo kompiuteris PILOT ROTO;<\/li>\n<li>Rotorius;<\/li>\n<li>Smulkintuvas : individuali kiekvieno peilio apsauga, hidrauli\u0161kai jungin\u0117jami smulkinimo peiliai;<\/li>\n<li>Hidrauli\u0161kai nuleid\u017eiamos po surink\u0117ju grindys;<\/li>\n<li>Ri\u0161imas tinkleliu;<\/li>\n<li>I\u0161krovimo rampa;<\/li>\n<li>Rulono dyd\u017eio nuoseklus reguliavimas nuo 0,8 iki 1,65 m.(DF 1,7 Z \/ DF 1,7 Zd) ir nuo 0,8 iki 1,85 m.(DF 1,9 Z \/ DF 1,9 Zd);<\/li>\n<li>Maksimalus suspaudimo sl\u0117gis :200Bar;<\/li>\n<li>Galima reguliuoti rulono suspaudim\u0105 : atskirai vidur\u012f ir atskirai i\u0161orinius sluoksnius;<\/li>\n<li>Galinis rakinamas dangtis;<\/li>\n<li>5- eil\u0117s surink\u0117jo;<\/li>\n<li>Priekiniai guminiai kopijuojantys ratai;<\/li>\n<li>Pradalg\u0117s suspaudimo volelis;<\/li>\n<li>Reversas;<\/li>\n<li>Automatinis grandini\u0173 sutepimas;<\/li>\n<li>Galios perdavimo velenas;<\/li>\n<li>Padangos : 400\/60-15,5;<\/li>\n<li>Oriniai stabd\u017eiai : DF 1,9 Z \/ 1,9 Zd.<\/li>\n<\/ul>\n<p><sup>\u00a0\u00a0<\/sup>Papildoma komplektacija:<\/p>\n<ul>\n<li>Hidrauliniai stabd\u017eiai;<\/li>\n<li>Oriniai stabd\u017eiai;<\/li>\n<li>Padangos : 480\/45-17;<\/li>\n<li>Padangos : 550\/45-22,5;<\/li>\n<li>3 -\u017evaig\u017edis rotorius;<\/li>\n<li>Kompiuteris SUPERIOR;<\/li>\n<li>Ri\u0161imas dvigubu \u0161pagatu;<\/li>\n<li>Vientisi dir\u017eai.<\/li>\n<\/ul>\n","protected":false},"excerpt":{"rendered":"<p>Standartin\u0117 komplektacija: Valdymo kompiuteris PILOT ROTO; Rotorius; Smulkintuvas : individuali kiekvieno peilio apsauga, hidrauli\u0161kai jungin\u0117jami smulkinimo peiliai; Hidrauli\u0161kai nuleid\u017eiamos po surink\u0117ju grindys; Ri\u0161imas tinkleliu; I\u0161krovimo rampa; Rulono dyd\u017eio nuoseklus reguliavimas nuo 0,8 iki 1,65 m.(DF 1,7 Z \/ DF 1,7 Zd) ir nuo 0,8 iki 1,85 m.(DF 1,9 Z \/ DF 1,9 Zd); Maksimalus suspaudimo [&hellip;]<\/p>\n","protected":false},"featured_media":17736,"template":"","meta":{"_et_pb_use_builder":"","_et_pb_old_content":"","_et_gb_content_width":""},"product_brand":[],"product_cat":[82],"product_tag":[],"class_list":{"0":"post-2430","1":"product","2":"type-product","3":"status-publish","4":"has-post-thumbnail","6":"product_cat-pakkijad","8":"first","9":"instock","10":"shipping-taxable","11":"product-type-simple"},"yoast_head":"<!-- This site is optimized with the Yoast SEO plugin v26.4 - https:\/\/yoast.com\/wordpress\/plugins\/seo\/ -->\n<title>Presas dir\u017einis DF 1,7 Z-ZD - Specagra<\/title>\n<meta name=\"robots\" content=\"index, follow, max-snippet:-1, max-image-preview:large, max-video-preview:-1\" \/>\n<link rel=\"canonical\" href=\"https:\/\/specagra.ee\/?product=presai-df-17-z-zd-19-d-zd\" \/>\n<meta property=\"og:locale\" content=\"et_EE\" \/>\n<meta property=\"og:type\" content=\"article\" \/>\n<meta property=\"og:title\" content=\"Presas dir\u017einis DF 1,7 Z-ZD - Specagra\" \/>\n<meta property=\"og:description\" content=\"Standartin\u0117 komplektacija: Valdymo kompiuteris PILOT ROTO; Rotorius; Smulkintuvas : individuali kiekvieno peilio apsauga, hidrauli\u0161kai jungin\u0117jami smulkinimo peiliai; Hidrauli\u0161kai nuleid\u017eiamos po surink\u0117ju grindys; Ri\u0161imas tinkleliu; I\u0161krovimo rampa; Rulono dyd\u017eio nuoseklus reguliavimas nuo 0,8 iki 1,65 m.(DF 1,7 Z \/ DF 1,7 Zd) ir nuo 0,8 iki 1,85 m.(DF 1,9 Z \/ DF 1,9 Zd); Maksimalus suspaudimo [&hellip;]\" \/>\n<meta property=\"og:url\" content=\"https:\/\/specagra.ee\/?product=presai-df-17-z-zd-19-d-zd\" \/>\n<meta property=\"og:site_name\" content=\"Specagra\" \/>\n<meta property=\"article:modified_time\" content=\"2022-06-22T13:02:31+00:00\" \/>\n<meta property=\"og:image\" content=\"https:\/\/www.specagra.ee\/wp-content\/uploads\/2020\/06\/17.png\" \/>\n\t<meta property=\"og:image:width\" content=\"1280\" \/>\n\t<meta property=\"og:image:height\" content=\"720\" \/>\n\t<meta property=\"og:image:type\" content=\"image\/jpeg\" \/>\n<meta name=\"twitter:card\" content=\"summary_large_image\" \/>\n<meta name=\"twitter:label1\" content=\"Est. reading time\" \/>\n\t<meta name=\"twitter:data1\" content=\"1 minut\" \/>\n<script type=\"application\/ld+json\" class=\"yoast-schema-graph\">{\"@context\":\"https:\/\/schema.org\",\"@graph\":[{\"@type\":\"WebPage\",\"@id\":\"https:\/\/specagra.ee\/?product=presai-df-17-z-zd-19-d-zd\",\"url\":\"https:\/\/specagra.ee\/?product=presai-df-17-z-zd-19-d-zd\",\"name\":\"Presas dir\u017einis DF 1,7 Z-ZD - Specagra\",\"isPartOf\":{\"@id\":\"https:\/\/specagra.ee\/#website\"},\"primaryImageOfPage\":{\"@id\":\"https:\/\/specagra.ee\/?product=presai-df-17-z-zd-19-d-zd#primaryimage\"},\"image\":{\"@id\":\"https:\/\/specagra.ee\/?product=presai-df-17-z-zd-19-d-zd#primaryimage\"},\"thumbnailUrl\":\"https:\/\/specagra.ee\/wp-content\/uploads\/2020\/06\/17.png\",\"datePublished\":\"2020-06-26T05:14:44+00:00\",\"dateModified\":\"2022-06-22T13:02:31+00:00\",\"breadcrumb\":{\"@id\":\"https:\/\/specagra.ee\/?product=presai-df-17-z-zd-19-d-zd#breadcrumb\"},\"inLanguage\":\"et\",\"potentialAction\":[{\"@type\":\"ReadAction\",\"target\":[\"https:\/\/specagra.ee\/?product=presai-df-17-z-zd-19-d-zd\"]}]},{\"@type\":\"ImageObject\",\"inLanguage\":\"et\",\"@id\":\"https:\/\/specagra.ee\/?product=presai-df-17-z-zd-19-d-zd#primaryimage\",\"url\":\"https:\/\/specagra.ee\/wp-content\/uploads\/2020\/06\/17.png\",\"contentUrl\":\"https:\/\/specagra.ee\/wp-content\/uploads\/2020\/06\/17.png\",\"width\":1280,\"height\":720,\"caption\":\"Presas dir\u017einis DF 1,7 Z-ZD\"},{\"@type\":\"BreadcrumbList\",\"@id\":\"https:\/\/specagra.ee\/?product=presai-df-17-z-zd-19-d-zd#breadcrumb\",\"itemListElement\":[{\"@type\":\"ListItem\",\"position\":1,\"name\":\"Home\",\"item\":\"https:\/\/www.specagra.ee\/\"},{\"@type\":\"ListItem\",\"position\":2,\"name\":\"P\u00f5llumajandustehnika ja loomakasvatus\",\"item\":\"https:\/\/specagra.ee\/?page_id=18493\"},{\"@type\":\"ListItem\",\"position\":3,\"name\":\"Presas dir\u017einis DF 1,7 Z-ZD\"}]},{\"@type\":\"WebSite\",\"@id\":\"https:\/\/specagra.ee\/#website\",\"url\":\"https:\/\/specagra.ee\/\",\"name\":\"Specagra\",\"description\":\"P\u00f5llumajandustehnika ja varuosad\",\"publisher\":{\"@id\":\"https:\/\/specagra.ee\/#organization\"},\"potentialAction\":[{\"@type\":\"SearchAction\",\"target\":{\"@type\":\"EntryPoint\",\"urlTemplate\":\"https:\/\/specagra.ee\/?s={search_term_string}\"},\"query-input\":{\"@type\":\"PropertyValueSpecification\",\"valueRequired\":true,\"valueName\":\"search_term_string\"}}],\"inLanguage\":\"et\"},{\"@type\":\"Organization\",\"@id\":\"https:\/\/specagra.ee\/#organization\",\"name\":\"UAB Specagra\",\"url\":\"https:\/\/specagra.ee\/\",\"logo\":{\"@type\":\"ImageObject\",\"inLanguage\":\"et\",\"@id\":\"https:\/\/specagra.ee\/#\/schema\/logo\/image\/\",\"url\":\"http:\/\/www.specagra.ee\/wp-content\/uploads\/2022\/02\/SP-logo_naujas-scaled.jpg\",\"contentUrl\":\"http:\/\/www.specagra.ee\/wp-content\/uploads\/2022\/02\/SP-logo_naujas-scaled.jpg\",\"width\":2560,\"height\":326,\"caption\":\"UAB Specagra\"},\"image\":{\"@id\":\"https:\/\/specagra.ee\/#\/schema\/logo\/image\/\"}}]}<\/script>\n<!-- \/ Yoast SEO plugin. -->","yoast_head_json":{"title":"Presas dir\u017einis DF 1,7 Z-ZD - Specagra","robots":{"index":"index","follow":"follow","max-snippet":"max-snippet:-1","max-image-preview":"max-image-preview:large","max-video-preview":"max-video-preview:-1"},"canonical":"https:\/\/specagra.ee\/?product=presai-df-17-z-zd-19-d-zd","og_locale":"et_EE","og_type":"article","og_title":"Presas dir\u017einis DF 1,7 Z-ZD - Specagra","og_description":"Standartin\u0117 komplektacija: Valdymo kompiuteris PILOT ROTO; Rotorius; Smulkintuvas : individuali kiekvieno peilio apsauga, hidrauli\u0161kai jungin\u0117jami smulkinimo peiliai; Hidrauli\u0161kai nuleid\u017eiamos po surink\u0117ju grindys; Ri\u0161imas tinkleliu; I\u0161krovimo rampa; Rulono dyd\u017eio nuoseklus reguliavimas nuo 0,8 iki 1,65 m.(DF 1,7 Z \/ DF 1,7 Zd) ir nuo 0,8 iki 1,85 m.(DF 1,9 Z \/ DF 1,9 Zd); Maksimalus suspaudimo [&hellip;]","og_url":"https:\/\/specagra.ee\/?product=presai-df-17-z-zd-19-d-zd","og_site_name":"Specagra","article_modified_time":"2022-06-22T13:02:31+00:00","og_image":[{"width":1280,"height":720,"url":"https:\/\/www.specagra.ee\/wp-content\/uploads\/2020\/06\/17.png","type":"image\/jpeg"}],"twitter_card":"summary_large_image","twitter_misc":{"Est. reading time":"1 minut"},"schema":{"@context":"https:\/\/schema.org","@graph":[{"@type":"WebPage","@id":"https:\/\/specagra.ee\/?product=presai-df-17-z-zd-19-d-zd","url":"https:\/\/specagra.ee\/?product=presai-df-17-z-zd-19-d-zd","name":"Presas dir\u017einis DF 1,7 Z-ZD - Specagra","isPartOf":{"@id":"https:\/\/specagra.ee\/#website"},"primaryImageOfPage":{"@id":"https:\/\/specagra.ee\/?product=presai-df-17-z-zd-19-d-zd#primaryimage"},"image":{"@id":"https:\/\/specagra.ee\/?product=presai-df-17-z-zd-19-d-zd#primaryimage"},"thumbnailUrl":"https:\/\/specagra.ee\/wp-content\/uploads\/2020\/06\/17.png","datePublished":"2020-06-26T05:14:44+00:00","dateModified":"2022-06-22T13:02:31+00:00","breadcrumb":{"@id":"https:\/\/specagra.ee\/?product=presai-df-17-z-zd-19-d-zd#breadcrumb"},"inLanguage":"et","potentialAction":[{"@type":"ReadAction","target":["https:\/\/specagra.ee\/?product=presai-df-17-z-zd-19-d-zd"]}]},{"@type":"ImageObject","inLanguage":"et","@id":"https:\/\/specagra.ee\/?product=presai-df-17-z-zd-19-d-zd#primaryimage","url":"https:\/\/specagra.ee\/wp-content\/uploads\/2020\/06\/17.png","contentUrl":"https:\/\/specagra.ee\/wp-content\/uploads\/2020\/06\/17.png","width":1280,"height":720,"caption":"Presas dir\u017einis DF 1,7 Z-ZD"},{"@type":"BreadcrumbList","@id":"https:\/\/specagra.ee\/?product=presai-df-17-z-zd-19-d-zd#breadcrumb","itemListElement":[{"@type":"ListItem","position":1,"name":"Home","item":"https:\/\/www.specagra.ee\/"},{"@type":"ListItem","position":2,"name":"P\u00f5llumajandustehnika ja loomakasvatus","item":"https:\/\/specagra.ee\/?page_id=18493"},{"@type":"ListItem","position":3,"name":"Presas dir\u017einis DF 1,7 Z-ZD"}]},{"@type":"WebSite","@id":"https:\/\/specagra.ee\/#website","url":"https:\/\/specagra.ee\/","name":"Specagra","description":"P\u00f5llumajandustehnika ja varuosad","publisher":{"@id":"https:\/\/specagra.ee\/#organization"},"potentialAction":[{"@type":"SearchAction","target":{"@type":"EntryPoint","urlTemplate":"https:\/\/specagra.ee\/?s={search_term_string}"},"query-input":{"@type":"PropertyValueSpecification","valueRequired":true,"valueName":"search_term_string"}}],"inLanguage":"et"},{"@type":"Organization","@id":"https:\/\/specagra.ee\/#organization","name":"UAB Specagra","url":"https:\/\/specagra.ee\/","logo":{"@type":"ImageObject","inLanguage":"et","@id":"https:\/\/specagra.ee\/#\/schema\/logo\/image\/","url":"http:\/\/www.specagra.ee\/wp-content\/uploads\/2022\/02\/SP-logo_naujas-scaled.jpg","contentUrl":"http:\/\/www.specagra.ee\/wp-content\/uploads\/2022\/02\/SP-logo_naujas-scaled.jpg","width":2560,"height":326,"caption":"UAB Specagra"},"image":{"@id":"https:\/\/specagra.ee\/#\/schema\/logo\/image\/"}}]}},"_links":{"self":[{"href":"https:\/\/specagra.ee\/index.php?rest_route=\/wp\/v2\/product\/2430","targetHints":{"allow":["GET"]}}],"collection":[{"href":"https:\/\/specagra.ee\/index.php?rest_route=\/wp\/v2\/product"}],"about":[{"href":"https:\/\/specagra.ee\/index.php?rest_route=\/wp\/v2\/types\/product"}],"wp:featuredmedia":[{"embeddable":true,"href":"https:\/\/specagra.ee\/index.php?rest_route=\/wp\/v2\/media\/17736"}],"wp:attachment":[{"href":"https:\/\/specagra.ee\/index.php?rest_route=%2Fwp%2Fv2%2Fmedia&parent=2430"}],"wp:term":[{"taxonomy":"product_brand","embeddable":true,"href":"https:\/\/specagra.ee\/index.php?rest_route=%2Fwp%2Fv2%2Fproduct_brand&post=2430"},{"taxonomy":"product_cat","embeddable":true,"href":"https:\/\/specagra.ee\/index.php?rest_route=%2Fwp%2Fv2%2Fproduct_cat&post=2430"},{"taxonomy":"product_tag","embeddable":true,"href":"https:\/\/specagra.ee\/index.php?rest_route=%2Fwp%2Fv2%2Fproduct_tag&post=2430"}],"curies":[{"name":"wp","href":"https:\/\/api.w.org\/{rel}","templated":true}]}}