{"id":22885,"date":"2023-01-30T12:43:07","date_gmt":"2023-01-30T14:43:07","guid":{"rendered":"https:\/\/www.specagra.ee\/?post_type=product&#038;p=22885"},"modified":"2023-02-03T05:51:49","modified_gmt":"2023-02-03T07:51:49","slug":"sanitariniai-moduliniai-pastatai","status":"publish","type":"product","link":"https:\/\/specagra.ee\/?product=sanitariniai-moduliniai-pastatai","title":{"rendered":"Sanitariniai moduliniai pastatai"},"content":{"rendered":"<div class=\"et_d4_element et_pb_section et_pb_section_0  et_pb_css_mix_blend_mode et_section_regular et_block_section\" >\n\t\t\t\t\n\t\t\t\t\n\t\t\t\t\n\t\t\t\t\n\t\t\t\t\n\t\t\t\t\n\t\t\t\t<div class=\"et_d4_element et_pb_row et_pb_row_0  et_pb_css_mix_blend_mode et_block_row\">\n\t\t\t\t<div class=\"et_d4_element et_pb_column_4_4 et_pb_column et_pb_column_0  et_pb_css_mix_blend_mode et-last-child et_block_column\">\n\t\t\t\t\n\t\t\t\t\n\t\t\t\t\n\t\t\t\t\n\t\t\t\t<div class=\"et_pb_module et_d4_element et_pb_wc_breadcrumb et_pb_wc_breadcrumb_0 et_pb_bg_layout_  et_pb_text_align_left\">\n\t\t\t\t\n\t\t\t\t\n\t\t\t\t\n\t\t\t\t\n\t\t\t\t\n\t\t\t\t\n\t\t\t\t<div class=\"et_pb_module_inner\">\n\t\t\t\t\t<nav class=\"woocommerce-breadcrumb\" aria-label=\"Breadcrumb\"><a href=\"https:\/\/specagra.ee\">Home<\/a>  \/  <a href=\"https:\/\/specagra.ee\/?product_cat=loomakasvatus\">Loomakasvatus<\/a>  \/  <a href=\"https:\/\/specagra.ee\/?product_cat=valjas-kasutatav-ja-muu-mobiilne-tehnika\">V\u00e4ljas kasutatav ja muu mobiilne tehnika<\/a>  \/  <a href=\"https:\/\/specagra.ee\/?product_cat=seadmed-hobustele\">Seadmed hobustele<\/a>  \/  Mobiilne katusega v\u00e4lisvari<\/nav>\n\t\t\t\t<\/div>\n\t\t\t<\/div>\n\t\t\t<\/div>\n\t\t\t\t\n\t\t\t\t\n\t\t\t\t\n\t\t\t\t\n\t\t\t<\/div><div class=\"et_d4_element et_pb_row et_pb_row_1  et_pb_css_mix_blend_mode et_block_row\">\n\t\t\t\t<div class=\"et_d4_element et_pb_column_1_2 et_pb_column et_pb_column_1  et_pb_css_mix_blend_mode et_block_column\">\n\t\t\t\t\n\t\t\t\t\n\t\t\t\t\n\t\t\t\t\n\t\t\t\t<div class=\"et_pb_module et_d4_element et_pb_wc_images et_pb_wc_images_0 et_pb_bg_layout_\">\n\t\t\t\t\n\t\t\t\t\n\t\t\t\t\n\t\t\t\t\n\t\t\t\t\n\t\t\t\t\n\t\t\t\t<div class=\"et_pb_module_inner\">\n\t\t\t\t\t<div class=\"woocommerce-product-gallery woocommerce-product-gallery--with-images woocommerce-product-gallery--columns-4 images\" data-columns=\"4\" style=\"opacity: 0; transition: opacity .25s ease-in-out;\">\n\t<div class=\"woocommerce-product-gallery__wrapper\">\n\t\t<div data-thumb=\"https:\/\/specagra.ee\/wp-content\/uploads\/2025\/04\/Untitled-design2-1-100x100.png\" data-thumb-alt=\"Mobiilne katusega v\u00e4lisvari\" data-thumb-srcset=\"\"  data-thumb-sizes=\"\" class=\"woocommerce-product-gallery__image\"><a href=\"https:\/\/specagra.ee\/wp-content\/uploads\/2025\/04\/Untitled-design2-1.png\"><img loading=\"lazy\" decoding=\"async\" width=\"600\" height=\"600\" src=\"https:\/\/specagra.ee\/wp-content\/uploads\/2025\/04\/Untitled-design2-1-600x600.png\" class=\"wp-post-image\" alt=\"Mobiilne katusega v\u00e4lisvari\" data-caption=\"\" data-src=\"https:\/\/specagra.ee\/wp-content\/uploads\/2025\/04\/Untitled-design2-1.png\" data-large_image=\"https:\/\/specagra.ee\/wp-content\/uploads\/2025\/04\/Untitled-design2-1.png\" data-large_image_width=\"900\" data-large_image_height=\"900\" srcset=\"https:\/\/specagra.ee\/wp-content\/uploads\/2025\/04\/Untitled-design2-1-600x600.png 600w, https:\/\/specagra.ee\/wp-content\/uploads\/2025\/04\/Untitled-design2-1-480x480.png 480w\" sizes=\"(min-width: 0px) and (max-width: 480px) 480px, (min-width: 481px) 600px, 100vw\" \/><\/a><\/div><div data-thumb=\"https:\/\/specagra.ee\/wp-content\/uploads\/2025\/04\/2-100x100.webp\" data-thumb-alt=\"Mobiilne katusega v\u00e4lisvari - Image 2\" data-thumb-srcset=\"\"  data-thumb-sizes=\"\" class=\"woocommerce-product-gallery__image\"><a href=\"https:\/\/specagra.ee\/wp-content\/uploads\/2025\/04\/2.webp\"><img loading=\"lazy\" decoding=\"async\" width=\"600\" height=\"401\" src=\"https:\/\/specagra.ee\/wp-content\/uploads\/2025\/04\/2-600x401.webp\" class=\"\" alt=\"Mobiilne katusega v\u00e4lisvari - Image 2\" data-caption=\"\" data-src=\"https:\/\/specagra.ee\/wp-content\/uploads\/2025\/04\/2.webp\" data-large_image=\"https:\/\/specagra.ee\/wp-content\/uploads\/2025\/04\/2.webp\" data-large_image_width=\"1198\" data-large_image_height=\"800\" \/><\/a><\/div><div data-thumb=\"https:\/\/specagra.ee\/wp-content\/uploads\/2025\/04\/3-100x100.webp\" data-thumb-alt=\"Mobiilne katusega v\u00e4lisvari - Image 3\" data-thumb-srcset=\"\"  data-thumb-sizes=\"\" class=\"woocommerce-product-gallery__image\"><a href=\"https:\/\/specagra.ee\/wp-content\/uploads\/2025\/04\/3.webp\"><img loading=\"lazy\" decoding=\"async\" width=\"600\" height=\"401\" src=\"https:\/\/specagra.ee\/wp-content\/uploads\/2025\/04\/3-600x401.webp\" class=\"\" alt=\"Mobiilne katusega v\u00e4lisvari - Image 3\" data-caption=\"\" data-src=\"https:\/\/specagra.ee\/wp-content\/uploads\/2025\/04\/3.webp\" data-large_image=\"https:\/\/specagra.ee\/wp-content\/uploads\/2025\/04\/3.webp\" data-large_image_width=\"1198\" data-large_image_height=\"800\" \/><\/a><\/div><div data-thumb=\"https:\/\/specagra.ee\/wp-content\/uploads\/2025\/04\/4-100x100.webp\" data-thumb-alt=\"Mobiilne katusega v\u00e4lisvari - Image 4\" data-thumb-srcset=\"\"  data-thumb-sizes=\"\" class=\"woocommerce-product-gallery__image\"><a href=\"https:\/\/specagra.ee\/wp-content\/uploads\/2025\/04\/4.webp\"><img loading=\"lazy\" decoding=\"async\" width=\"600\" height=\"401\" src=\"https:\/\/specagra.ee\/wp-content\/uploads\/2025\/04\/4-600x401.webp\" class=\"\" alt=\"Mobiilne katusega v\u00e4lisvari - Image 4\" data-caption=\"\" data-src=\"https:\/\/specagra.ee\/wp-content\/uploads\/2025\/04\/4.webp\" data-large_image=\"https:\/\/specagra.ee\/wp-content\/uploads\/2025\/04\/4.webp\" data-large_image_width=\"1198\" data-large_image_height=\"800\" \/><\/a><\/div><div data-thumb=\"https:\/\/specagra.ee\/wp-content\/uploads\/2025\/04\/5-100x100.webp\" data-thumb-alt=\"Mobiilne katusega v\u00e4lisvari - Image 5\" data-thumb-srcset=\"\"  data-thumb-sizes=\"\" class=\"woocommerce-product-gallery__image\"><a href=\"https:\/\/specagra.ee\/wp-content\/uploads\/2025\/04\/5.webp\"><img loading=\"lazy\" decoding=\"async\" width=\"600\" height=\"401\" src=\"https:\/\/specagra.ee\/wp-content\/uploads\/2025\/04\/5-600x401.webp\" class=\"\" alt=\"Mobiilne katusega v\u00e4lisvari - Image 5\" data-caption=\"\" data-src=\"https:\/\/specagra.ee\/wp-content\/uploads\/2025\/04\/5.webp\" data-large_image=\"https:\/\/specagra.ee\/wp-content\/uploads\/2025\/04\/5.webp\" data-large_image_width=\"1198\" data-large_image_height=\"800\" \/><\/a><\/div><div data-thumb=\"https:\/\/specagra.ee\/wp-content\/uploads\/2025\/04\/6-100x100.webp\" data-thumb-alt=\"Mobiilne katusega v\u00e4lisvari - Image 6\" data-thumb-srcset=\"\"  data-thumb-sizes=\"\" class=\"woocommerce-product-gallery__image\"><a href=\"https:\/\/specagra.ee\/wp-content\/uploads\/2025\/04\/6.webp\"><img loading=\"lazy\" decoding=\"async\" width=\"600\" height=\"401\" src=\"https:\/\/specagra.ee\/wp-content\/uploads\/2025\/04\/6-600x401.webp\" class=\"\" alt=\"Mobiilne katusega v\u00e4lisvari - Image 6\" data-caption=\"\" data-src=\"https:\/\/specagra.ee\/wp-content\/uploads\/2025\/04\/6.webp\" data-large_image=\"https:\/\/specagra.ee\/wp-content\/uploads\/2025\/04\/6.webp\" data-large_image_width=\"1198\" data-large_image_height=\"800\" \/><\/a><\/div><div data-thumb=\"https:\/\/specagra.ee\/wp-content\/uploads\/2025\/04\/7-100x100.webp\" data-thumb-alt=\"Mobiilne katusega v\u00e4lisvari - Image 7\" data-thumb-srcset=\"\"  data-thumb-sizes=\"\" class=\"woocommerce-product-gallery__image\"><a href=\"https:\/\/specagra.ee\/wp-content\/uploads\/2025\/04\/7.webp\"><img loading=\"lazy\" decoding=\"async\" width=\"600\" height=\"401\" src=\"https:\/\/specagra.ee\/wp-content\/uploads\/2025\/04\/7-600x401.webp\" class=\"\" alt=\"Mobiilne katusega v\u00e4lisvari - Image 7\" data-caption=\"\" data-src=\"https:\/\/specagra.ee\/wp-content\/uploads\/2025\/04\/7.webp\" data-large_image=\"https:\/\/specagra.ee\/wp-content\/uploads\/2025\/04\/7.webp\" data-large_image_width=\"1198\" data-large_image_height=\"800\" \/><\/a><\/div><div data-thumb=\"https:\/\/specagra.ee\/wp-content\/uploads\/2025\/04\/8-100x100.webp\" data-thumb-alt=\"Mobiilne katusega v\u00e4lisvari - Image 8\" data-thumb-srcset=\"\"  data-thumb-sizes=\"\" class=\"woocommerce-product-gallery__image\"><a href=\"https:\/\/specagra.ee\/wp-content\/uploads\/2025\/04\/8.webp\"><img loading=\"lazy\" decoding=\"async\" width=\"600\" height=\"401\" src=\"https:\/\/specagra.ee\/wp-content\/uploads\/2025\/04\/8-600x401.webp\" class=\"\" alt=\"Mobiilne katusega v\u00e4lisvari - Image 8\" data-caption=\"\" data-src=\"https:\/\/specagra.ee\/wp-content\/uploads\/2025\/04\/8.webp\" data-large_image=\"https:\/\/specagra.ee\/wp-content\/uploads\/2025\/04\/8.webp\" data-large_image_width=\"1198\" data-large_image_height=\"800\" \/><\/a><\/div><div data-thumb=\"https:\/\/specagra.ee\/wp-content\/uploads\/2025\/04\/9-100x100.webp\" data-thumb-alt=\"Mobiilne katusega v\u00e4lisvari - Image 9\" data-thumb-srcset=\"\"  data-thumb-sizes=\"\" class=\"woocommerce-product-gallery__image\"><a href=\"https:\/\/specagra.ee\/wp-content\/uploads\/2025\/04\/9.webp\"><img loading=\"lazy\" decoding=\"async\" width=\"600\" height=\"401\" src=\"https:\/\/specagra.ee\/wp-content\/uploads\/2025\/04\/9-600x401.webp\" class=\"\" alt=\"Mobiilne katusega v\u00e4lisvari - Image 9\" data-caption=\"\" data-src=\"https:\/\/specagra.ee\/wp-content\/uploads\/2025\/04\/9.webp\" data-large_image=\"https:\/\/specagra.ee\/wp-content\/uploads\/2025\/04\/9.webp\" data-large_image_width=\"1198\" data-large_image_height=\"800\" \/><\/a><\/div>\t<\/div>\n<\/div>\n\n\t\t\t\t<\/div>\n\t\t\t<\/div>\n\t\t\t<\/div><div class=\"et_d4_element et_pb_column_1_2 et_pb_column et_pb_column_2  et_pb_css_mix_blend_mode et-last-child et_block_column\">\n\t\t\t\t\n\t\t\t\t\n\t\t\t\t\n\t\t\t\t\n\t\t\t\t<div class=\"et_pb_module et_d4_element et_pb_wc_title et_pb_wc_title_0 et_pb_bg_layout_light\">\n\t\t\t\t\n\t\t\t\t\n\t\t\t\t\n\t\t\t\t\n\t\t\t\t\n\t\t\t\t\n\t\t\t\t<div class=\"et_pb_module_inner\">\n\t\t\t\t\t\n\t\t<h1>Mobiilne katusega v\u00e4lisvari<\/h1>\n\t\t\t\t<\/div>\n\t\t\t<\/div><div class=\"et_pb_module et_d4_element et_pb_wc_description et_pb_wc_description_0 et_pb_bg_layout_light  et_pb_text_align_left\">\n\t\t\t\t\n\t\t\t\t\n\t\t\t\t\n\t\t\t\t\n\t\t\t\t\n\t\t\t\t\n\t\t\t\t<div class=\"et_pb_module_inner\">\n\t\t\t\t\t<p data-start=\"0\" data-end=\"341\">Mitmeaastase kasutuskogemusega mobiilsest vaheseinadest valmistatud v\u00e4lisvarjud on t\u00f5estanud oma praktilisust. Kattetaolised katused laiendavad nende kasutusv\u00f5imalusi ning pakuvad v\u00e4litingimustes hoitavatele loomadele kaitset vihma ja p\u00e4ikese eest. T\u00e4nu sellele on v\u00f5imalik luua avatud v\u00e4liala aedikuid ja mobiilseid varjendeid karjamaadele.<\/p>\n<p data-start=\"343\" data-end=\"362\">Varjualune koosneb:<\/p>\n<p data-start=\"364\" data-end=\"399\" data-is-last-node=\"\" data-is-only-node=\"\">6 m \u00d7 3,6 m suurusest varjualusest:<\/p>\n<p>&nbsp;<\/p>\n<p data-start=\"0\" data-end=\"96\">4 tk mobiilseid vaheseinu m\u00f5\u00f5tmetega 3 m pikk ja 1,7 m k\u00f5rge (kood 310400) varjualuse k\u00fclgedele.<\/p>\n<p data-start=\"98\" data-end=\"135\">3 m \u00d7 3,6 m suuruse varjualuse jaoks:<\/p>\n<p data-start=\"137\" data-end=\"233\" data-is-last-node=\"\" data-is-only-node=\"\">2 tk mobiilseid vaheseinu m\u00f5\u00f5tmetega 3 m pikk ja 1,7 m k\u00f5rge (kood 310400) varjualuse k\u00fclgedele.<\/p>\n<p>&nbsp;<\/p>\n<p><img loading=\"lazy\" decoding=\"async\" class=\"\" title=\"Panel Compact, height 1.70 m\" src=\"https:\/\/www.patura.com\/PIM\/Artikelgruppen\/Artikelbilder\/9456\/image-thumb__9456__productBigNoWatermark-02\/310400_Panel-Compact_IMG_0767.de70f728.webp\" alt=\"Panel Compact 3.00 m Height 1.70 m, galv. (1 central brace)\" width=\"502\" height=\"282\" \/><\/p>\n<p data-start=\"0\" data-end=\"54\">6 m \u00d7 3,6 m ja 3 m \u00d7 3,6 m suuruste varjualuste jaoks:<\/p>\n<p data-start=\"56\" data-end=\"206\" data-is-last-node=\"\" data-is-only-node=\"\">1 tk mobiilne vahesein m\u00f5\u00f5tmetega 3,6 m pikk ja 1,7 m k\u00f5rge (v\u00e4ravate juures 2,2 m k\u00f5rge), varustatud v\u00e4ravatega (kood 310408), varjualuse esik\u00fcljele.<\/p>\n<p>&nbsp;<\/p>\n<p><img loading=\"lazy\" decoding=\"async\" class=\"\" title=\"Panel Compact with gate, height 2.20 m\" src=\"https:\/\/www.patura.com\/PIM\/Artikelgruppen\/Artikelbilder\/5766\/image-thumb__5766__productBigNoWatermark-02\/310408_Panel-Compact-Tor_FW_00087.a6d9e582.webp\" alt=\"Panel with Gate, Compact 3.60 m Width 3.60 m, H = 2.20 m, galv.\" width=\"524\" height=\"322\" \/><\/p>\n<div class=\"flex max-w-full flex-col grow\">\n<div class=\"min-h-8 text-message relative flex w-full flex-col items-end gap-2 text-start break-words whitespace-normal [.text-message+&amp;]:mt-5\" dir=\"auto\" data-message-author-role=\"assistant\" data-message-id=\"a943462c-53d5-427e-be1e-6fa1aa03b188\" data-message-model-slug=\"gpt-4-1-mini\">\n<div class=\"flex w-full flex-col gap-1 empty:hidden first:pt-[3px]\">\n<div class=\"markdown prose dark:prose-invert w-full break-words light\">\n<p data-start=\"0\" data-end=\"54\">6 m \u00d7 3,6 m ja 3 m \u00d7 3,6 m suuruste varjualuste jaoks:<\/p>\n<p data-start=\"56\" data-end=\"154\" data-is-last-node=\"\" data-is-only-node=\"\">1 tk mobiilne vahesein m\u00f5\u00f5tmetega 3,6 m pikk ja 1,7 m k\u00f5rge (kood 310401), varjualuse tagak\u00fcljele.<\/p>\n<\/div>\n<\/div>\n<\/div>\n<\/div>\n<div class=\"flex justify-start\"><\/div>\n<p>&nbsp;<\/p>\n<p><span class=\"fw-bold\"><img loading=\"lazy\" decoding=\"async\" class=\"\" title=\"Panel Compact, height 1.70 m\" src=\"https:\/\/www.patura.com\/PIM\/Artikelgruppen\/Artikelbilder\/5764\/image-thumb__5764__productBigNoWatermark-02\/310401_Panel-Compact_FW_00088.fb059b4c.webp\" alt=\"Panel Compact 3.60 m Height 1.70 m, galv. (2 central braces)\" width=\"556\" height=\"264\" \/><\/span><\/p>\n<p>Katuse konstruktsioon ja brezent (kangas)<\/p>\n<p><img loading=\"lazy\" decoding=\"async\" class=\"\" title=\"Mobile Panel Shelters\" src=\"https:\/\/www.patura.com\/PIM\/Artikelgruppen\/Anwendungsbilder\/7901\/image-thumb__7901__productBigNoWatermark-02\/3130X2_Panel-Dach_1196-4333.7b4adab3.webp\" alt=\"Covered Mobile Panel Stall 3.0 x 3.6 m w\/o panels\" width=\"558\" height=\"373\" \/><\/p>\n\n\t\t\t\t<\/div>\n\t\t\t<\/div><div class=\"et_pb_module et_d4_element et_pb_wc_meta et_pb_wc_meta_0 et_pb_bg_layout_ et_pb_wc_meta_layout_inline\">\n\t\t\t\t\n\t\t\t\t\n\t\t\t\t\n\t\t\t\t\n\t\t\t\t\n\t\t\t\t\n\t\t\t\t<div class=\"et_pb_module_inner\">\n\t\t\t\t\t<div class=\"product_meta\">\n\n\t\n\t\n\t<span class=\"posted_in\">Kategooria: <a href=\"https:\/\/specagra.ee\/?product_cat=seadmed-hobustele\" rel=\"tag\">Seadmed hobustele<\/a><\/span>\n\t\n\t\n<\/div>\n\n\t\t\t\t<\/div>\n\t\t\t<\/div>\n\t\t\t<\/div>\n\t\t\t\t\n\t\t\t\t\n\t\t\t\t\n\t\t\t\t\n\t\t\t<\/div><div class=\"et_d4_element et_pb_row et_pb_row_2  et_pb_css_mix_blend_mode et_block_row\">\n\t\t\t\t<div class=\"et_d4_element et_pb_column_4_4 et_pb_column et_pb_column_3  et_pb_css_mix_blend_mode et-last-child et_block_column\">\n\t\t\t\t\n\t\t\t\t\n\t\t\t\t\n\t\t\t\t\n\t\t\t\t<div class=\"et_pb_module et_d4_element et_pb_wc_tabs et_pb_wc_tabs_0 et_pb_tabs \" >\n\t\t\t\t\n\t\t\t\t\n\t\t\t\t\n\t\t\t\t\n\t\t\t\t<ul class=\"et_pb_tabs_controls clearfix\">\n\t\t\t\t\t<li class=\"description_tab et_pb_tab_active\"><a href=\"#tab-description\">Kirjeldus<\/a><\/li>\n\t\t\t\t<\/ul>\n\t\t\t\t<div class=\"et_pb_all_tabs\">\n\t\t\t\t\t<div class=\"et_pb_tab clearfix et_pb_active_content\">\n\t\t\t\t\t<div class=\"et_pb_tab_content\">\n\t\t\t\t\t\t\n\t\t\t\t\t<\/div>\n\t\t\t\t<\/div>\n\t\t\t\t<\/div>\n\t\t\t<\/div>\n\t\t\t<\/div>\n\t\t\t\t\n\t\t\t\t\n\t\t\t\t\n\t\t\t\t\n\t\t\t<\/div>\n\t\t\t\t\n\t\t\t\t\n\t\t\t<\/div>\n","protected":false},"excerpt":{"rendered":"<p>Sanitariniuose pastatuose pagal J\u016bs\u0173 poreik\u012f galime sukomplektuoti \u012fvairius sanitarinius mazgus, tokius kaip : pisuarai, kriaukl\u0117s, vandens \u0161ildytuvai, klozetai ir t.t.<\/p>\n","protected":false},"featured_media":23108,"template":"","meta":{"_et_pb_use_builder":"on","_et_pb_old_content":"Modulini\u0173 pastat\u0173 privalumai:\r\n\u2022 Moduliniai pastatai tinkami alergi\u0161kiems \u017emon\u0117ms - naudojant kokybi\u0161kas med\u017eiagas atskiruose kambariuose u\u017etikrinamas idealus klimatas.\r\n\u2022 Minimalus poveikis aplinkai - dauguma nameliuose naudojam\u0173 med\u017eiag\u0173 yra perdirbamos.\r\n\u2022 Esant poreikiui, vis\u0105 objekt\u0105 galima perkelti \u012f kit\u0105 viet\u0105.\r\n\u2022 Lyginant su m\u016briniu namu, gyvenamasis namo plotas yra didesnis, esant tiems patiems plano matmenims.\r\n\u2022 Visi\u0161kas klasikini\u0173 m\u016brini\u0173, skydini\u0173 ar plytini\u0173 nam\u0173 pakeitimas.\r\n\u2022 Modulini\u0173 pastat\u0173 statyba yra daug greitesn\u0117, pastebimi akivaizd\u016bs s\u0105naud\u0173 skirtumai, palyginti su m\u016brin\u0117mis konstrukcijomis, juos galima integruoti \u012f jau pastatyt\u0105 gyvenviet\u0117s infrastrukt\u016br\u0105, naudojant tuos pa\u010dius projektus ir i\u0161or\u0117s med\u017eiagas.\r\n\u2022 Modulini\u0173 pastat\u0173 statyba galima ir \u017eiem\u0105 - moduliai gaminami \u0161ildomose gamykl\u0173 patalpose, tod\u0117l juos paruo\u0161ti ir statyti galima nepriklausomai nuo oro s\u0105lyg\u0173.\r\n\u2022 Netipinis namo dizainas - moduliniai pastatai, pagaminti i\u0161 plienini\u0173 karkas\u0173, leid\u017eia \u012fgyvendinti netipines formas, kuri\u0173, pavyzd\u017eiui, plytos ar medis papras\u010diausiai nepaj\u0117gios \u012fgyvendinti.","_et_gb_content_width":""},"product_brand":[],"product_cat":[232],"product_tag":[],"class_list":{"0":"post-22885","1":"product","2":"type-product","3":"status-publish","4":"has-post-thumbnail","6":"product_cat-moodulhooned","8":"first","9":"instock","10":"shipping-taxable","11":"product-type-simple"},"yoast_head":"<!-- This site is optimized with the Yoast SEO plugin v27.3 - https:\/\/yoast.com\/product\/yoast-seo-wordpress\/ -->\n<title>Sanitariniai moduliniai pastatai - Specagra<\/title>\n<meta name=\"robots\" content=\"index, follow, max-snippet:-1, max-image-preview:large, max-video-preview:-1\" \/>\n<link rel=\"canonical\" href=\"https:\/\/specagra.ee\/?product=sanitariniai-moduliniai-pastatai\" \/>\n<meta property=\"og:locale\" content=\"et_EE\" \/>\n<meta property=\"og:type\" content=\"article\" \/>\n<meta property=\"og:title\" content=\"Sanitariniai moduliniai pastatai - Specagra\" \/>\n<meta property=\"og:description\" content=\"Sanitariniuose pastatuose pagal J\u016bs\u0173 poreik\u012f galime sukomplektuoti \u012fvairius sanitarinius mazgus, tokius kaip : pisuarai, kriaukl\u0117s, vandens \u0161ildytuvai, klozetai ir t.t.\" \/>\n<meta property=\"og:url\" content=\"https:\/\/specagra.ee\/?product=sanitariniai-moduliniai-pastatai\" \/>\n<meta property=\"og:site_name\" content=\"Specagra\" \/>\n<meta property=\"article:modified_time\" content=\"2023-02-03T07:51:49+00:00\" \/>\n<meta property=\"og:image\" content=\"https:\/\/specagra.ee\/wp-content\/uploads\/2023\/01\/rozmital-SP4-5-2.jpg\" \/>\n\t<meta property=\"og:image:width\" content=\"896\" \/>\n\t<meta property=\"og:image:height\" content=\"503\" \/>\n\t<meta property=\"og:image:type\" content=\"image\/jpeg\" \/>\n<meta name=\"twitter:card\" content=\"summary_large_image\" \/>\n<meta name=\"twitter:label1\" content=\"Est. reading time\" \/>\n\t<meta name=\"twitter:data1\" content=\"1 minut\" \/>\n<script type=\"application\/ld+json\" class=\"yoast-schema-graph\">{\"@context\":\"https:\\\/\\\/schema.org\",\"@graph\":[{\"@type\":\"WebPage\",\"@id\":\"https:\\\/\\\/specagra.ee\\\/?product=sanitariniai-moduliniai-pastatai\",\"url\":\"https:\\\/\\\/specagra.ee\\\/?product=sanitariniai-moduliniai-pastatai\",\"name\":\"Sanitariniai moduliniai pastatai - Specagra\",\"isPartOf\":{\"@id\":\"https:\\\/\\\/specagra.ee\\\/#website\"},\"primaryImageOfPage\":{\"@id\":\"https:\\\/\\\/specagra.ee\\\/?product=sanitariniai-moduliniai-pastatai#primaryimage\"},\"image\":{\"@id\":\"https:\\\/\\\/specagra.ee\\\/?product=sanitariniai-moduliniai-pastatai#primaryimage\"},\"thumbnailUrl\":\"https:\\\/\\\/specagra.ee\\\/wp-content\\\/uploads\\\/2023\\\/01\\\/rozmital-SP4-5-2.jpg\",\"datePublished\":\"2023-01-30T14:43:07+00:00\",\"dateModified\":\"2023-02-03T07:51:49+00:00\",\"breadcrumb\":{\"@id\":\"https:\\\/\\\/specagra.ee\\\/?product=sanitariniai-moduliniai-pastatai#breadcrumb\"},\"inLanguage\":\"et\",\"potentialAction\":[{\"@type\":\"ReadAction\",\"target\":[\"https:\\\/\\\/specagra.ee\\\/?product=sanitariniai-moduliniai-pastatai\"]}]},{\"@type\":\"ImageObject\",\"inLanguage\":\"et\",\"@id\":\"https:\\\/\\\/specagra.ee\\\/?product=sanitariniai-moduliniai-pastatai#primaryimage\",\"url\":\"https:\\\/\\\/specagra.ee\\\/wp-content\\\/uploads\\\/2023\\\/01\\\/rozmital-SP4-5-2.jpg\",\"contentUrl\":\"https:\\\/\\\/specagra.ee\\\/wp-content\\\/uploads\\\/2023\\\/01\\\/rozmital-SP4-5-2.jpg\",\"width\":896,\"height\":503},{\"@type\":\"BreadcrumbList\",\"@id\":\"https:\\\/\\\/specagra.ee\\\/?product=sanitariniai-moduliniai-pastatai#breadcrumb\",\"itemListElement\":[{\"@type\":\"ListItem\",\"position\":1,\"name\":\"Home\",\"item\":\"https:\\\/\\\/specagra.ee\\\/\"},{\"@type\":\"ListItem\",\"position\":2,\"name\":\"P\u00f5llumajandustehnika ja loomakasvatus\",\"item\":\"https:\\\/\\\/specagra.ee\\\/?page_id=18493\"},{\"@type\":\"ListItem\",\"position\":3,\"name\":\"Sanitariniai moduliniai pastatai\"}]},{\"@type\":\"WebSite\",\"@id\":\"https:\\\/\\\/specagra.ee\\\/#website\",\"url\":\"https:\\\/\\\/specagra.ee\\\/\",\"name\":\"Specagra\",\"description\":\"P\u00f5llumajandustehnika ja varuosad\",\"publisher\":{\"@id\":\"https:\\\/\\\/specagra.ee\\\/#organization\"},\"potentialAction\":[{\"@type\":\"SearchAction\",\"target\":{\"@type\":\"EntryPoint\",\"urlTemplate\":\"https:\\\/\\\/specagra.ee\\\/?s={search_term_string}\"},\"query-input\":{\"@type\":\"PropertyValueSpecification\",\"valueRequired\":true,\"valueName\":\"search_term_string\"}}],\"inLanguage\":\"et\"},{\"@type\":\"Organization\",\"@id\":\"https:\\\/\\\/specagra.ee\\\/#organization\",\"name\":\"UAB Specagra\",\"url\":\"https:\\\/\\\/specagra.ee\\\/\",\"logo\":{\"@type\":\"ImageObject\",\"inLanguage\":\"et\",\"@id\":\"https:\\\/\\\/specagra.ee\\\/#\\\/schema\\\/logo\\\/image\\\/\",\"url\":\"http:\\\/\\\/www.specagra.ee\\\/wp-content\\\/uploads\\\/2022\\\/02\\\/SP-logo_naujas-scaled.jpg\",\"contentUrl\":\"http:\\\/\\\/www.specagra.ee\\\/wp-content\\\/uploads\\\/2022\\\/02\\\/SP-logo_naujas-scaled.jpg\",\"width\":2560,\"height\":326,\"caption\":\"UAB Specagra\"},\"image\":{\"@id\":\"https:\\\/\\\/specagra.ee\\\/#\\\/schema\\\/logo\\\/image\\\/\"}}]}<\/script>\n<!-- \/ Yoast SEO plugin. -->","yoast_head_json":{"title":"Sanitariniai moduliniai pastatai - Specagra","robots":{"index":"index","follow":"follow","max-snippet":"max-snippet:-1","max-image-preview":"max-image-preview:large","max-video-preview":"max-video-preview:-1"},"canonical":"https:\/\/specagra.ee\/?product=sanitariniai-moduliniai-pastatai","og_locale":"et_EE","og_type":"article","og_title":"Sanitariniai moduliniai pastatai - Specagra","og_description":"Sanitariniuose pastatuose pagal J\u016bs\u0173 poreik\u012f galime sukomplektuoti \u012fvairius sanitarinius mazgus, tokius kaip : pisuarai, kriaukl\u0117s, vandens \u0161ildytuvai, klozetai ir t.t.","og_url":"https:\/\/specagra.ee\/?product=sanitariniai-moduliniai-pastatai","og_site_name":"Specagra","article_modified_time":"2023-02-03T07:51:49+00:00","og_image":[{"width":896,"height":503,"url":"https:\/\/specagra.ee\/wp-content\/uploads\/2023\/01\/rozmital-SP4-5-2.jpg","type":"image\/jpeg"}],"twitter_card":"summary_large_image","twitter_misc":{"Est. reading time":"1 minut"},"schema":{"@context":"https:\/\/schema.org","@graph":[{"@type":"WebPage","@id":"https:\/\/specagra.ee\/?product=sanitariniai-moduliniai-pastatai","url":"https:\/\/specagra.ee\/?product=sanitariniai-moduliniai-pastatai","name":"Sanitariniai moduliniai pastatai - Specagra","isPartOf":{"@id":"https:\/\/specagra.ee\/#website"},"primaryImageOfPage":{"@id":"https:\/\/specagra.ee\/?product=sanitariniai-moduliniai-pastatai#primaryimage"},"image":{"@id":"https:\/\/specagra.ee\/?product=sanitariniai-moduliniai-pastatai#primaryimage"},"thumbnailUrl":"https:\/\/specagra.ee\/wp-content\/uploads\/2023\/01\/rozmital-SP4-5-2.jpg","datePublished":"2023-01-30T14:43:07+00:00","dateModified":"2023-02-03T07:51:49+00:00","breadcrumb":{"@id":"https:\/\/specagra.ee\/?product=sanitariniai-moduliniai-pastatai#breadcrumb"},"inLanguage":"et","potentialAction":[{"@type":"ReadAction","target":["https:\/\/specagra.ee\/?product=sanitariniai-moduliniai-pastatai"]}]},{"@type":"ImageObject","inLanguage":"et","@id":"https:\/\/specagra.ee\/?product=sanitariniai-moduliniai-pastatai#primaryimage","url":"https:\/\/specagra.ee\/wp-content\/uploads\/2023\/01\/rozmital-SP4-5-2.jpg","contentUrl":"https:\/\/specagra.ee\/wp-content\/uploads\/2023\/01\/rozmital-SP4-5-2.jpg","width":896,"height":503},{"@type":"BreadcrumbList","@id":"https:\/\/specagra.ee\/?product=sanitariniai-moduliniai-pastatai#breadcrumb","itemListElement":[{"@type":"ListItem","position":1,"name":"Home","item":"https:\/\/specagra.ee\/"},{"@type":"ListItem","position":2,"name":"P\u00f5llumajandustehnika ja loomakasvatus","item":"https:\/\/specagra.ee\/?page_id=18493"},{"@type":"ListItem","position":3,"name":"Sanitariniai moduliniai pastatai"}]},{"@type":"WebSite","@id":"https:\/\/specagra.ee\/#website","url":"https:\/\/specagra.ee\/","name":"Specagra","description":"P\u00f5llumajandustehnika ja varuosad","publisher":{"@id":"https:\/\/specagra.ee\/#organization"},"potentialAction":[{"@type":"SearchAction","target":{"@type":"EntryPoint","urlTemplate":"https:\/\/specagra.ee\/?s={search_term_string}"},"query-input":{"@type":"PropertyValueSpecification","valueRequired":true,"valueName":"search_term_string"}}],"inLanguage":"et"},{"@type":"Organization","@id":"https:\/\/specagra.ee\/#organization","name":"UAB Specagra","url":"https:\/\/specagra.ee\/","logo":{"@type":"ImageObject","inLanguage":"et","@id":"https:\/\/specagra.ee\/#\/schema\/logo\/image\/","url":"http:\/\/www.specagra.ee\/wp-content\/uploads\/2022\/02\/SP-logo_naujas-scaled.jpg","contentUrl":"http:\/\/www.specagra.ee\/wp-content\/uploads\/2022\/02\/SP-logo_naujas-scaled.jpg","width":2560,"height":326,"caption":"UAB Specagra"},"image":{"@id":"https:\/\/specagra.ee\/#\/schema\/logo\/image\/"}}]}},"_links":{"self":[{"href":"https:\/\/specagra.ee\/index.php?rest_route=\/wp\/v2\/product\/22885","targetHints":{"allow":["GET"]}}],"collection":[{"href":"https:\/\/specagra.ee\/index.php?rest_route=\/wp\/v2\/product"}],"about":[{"href":"https:\/\/specagra.ee\/index.php?rest_route=\/wp\/v2\/types\/product"}],"wp:featuredmedia":[{"embeddable":true,"href":"https:\/\/specagra.ee\/index.php?rest_route=\/wp\/v2\/media\/23108"}],"wp:attachment":[{"href":"https:\/\/specagra.ee\/index.php?rest_route=%2Fwp%2Fv2%2Fmedia&parent=22885"}],"wp:term":[{"taxonomy":"product_brand","embeddable":true,"href":"https:\/\/specagra.ee\/index.php?rest_route=%2Fwp%2Fv2%2Fproduct_brand&post=22885"},{"taxonomy":"product_cat","embeddable":true,"href":"https:\/\/specagra.ee\/index.php?rest_route=%2Fwp%2Fv2%2Fproduct_cat&post=22885"},{"taxonomy":"product_tag","embeddable":true,"href":"https:\/\/specagra.ee\/index.php?rest_route=%2Fwp%2Fv2%2Fproduct_tag&post=22885"}],"curies":[{"name":"wp","href":"https:\/\/api.w.org\/{rel}","templated":true}]}}