{"id":21278,"date":"2023-01-23T07:32:10","date_gmt":"2023-01-23T09:32:10","guid":{"rendered":"https:\/\/www.specagra.ee\/?post_type=product&#038;p=21278"},"modified":"2023-04-14T06:02:03","modified_gmt":"2023-04-14T08:02:03","slug":"pieno-separatorius-milky-fj-600-ear-longlife-2","status":"publish","type":"product","link":"https:\/\/specagra.ee\/?product=pieno-separatorius-milky-fj-600-ear-longlife-2","title":{"rendered":"Pieno separatorius MILKY LONGLIFE"},"content":{"rendered":"<p>Bendrosios savyb\u0117s:<\/p>\n<ul>\n<li>Pienas tiekiamas tiesiai i\u0161 mel\u017eimo \u012frenginio arba siurbliu i\u0161 pieno rezervuaro per pieno vamzdel\u012f tiesiogiai \u00a0\u012f separatori\u0173.<\/li>\n<li>Unikalus stovo modelis su korpusu, tiesiogin\u0117 jungtis, konteinerio laikikliu ir pieno bei grietin\u0117l\u0117s i\u0161leidimo anga.<\/li>\n<li>I\u0161orinis grei\u010dio reguliavimas su tolygiu grei\u010dio keitimu, s\u016bki\u0173 skai\u010dius per minut\u0119, kad b\u016bt\u0173 galima subalansuoti elektros energijos svyravimus ir pagreitinti arba sul\u0117tinti proces\u0105.<\/li>\n<li>Speciali 0 ta\u0161k\u0173 subalansuota vir\u0161utin\u0117 l\u0117k\u0161t\u0117, pagaminta i\u0161 anoduoto aliuminio (14 mikrometr\u0173 pl\u0117vel\u0117 ant aliuminio).<\/li>\n<li>Puikiai tinka pusiau profesionaliems ir profesionaliems naudotojams.<\/li>\n<li>Patogus aptarnavimas, tylus, be \u0161epet\u0117li\u0173 ir u\u017edaras 150W stiprus &#8220;LONGLIFE&#8221; variklis (be angli\u0173), kuris gali apdoroti apie 600 litr\u0173<br \/>\npieno per valand\u0105.<\/li>\n<li>Stabil\u016bs tvirtinimo kabliukai, apsaugantys nuo atsitiktinio pieno i\u0161siliejimo.<\/li>\n<li>Stabilios gumin\u0117s kojel\u0117s u\u017etikrina geriausi\u0105 stabilum\u0105.<\/li>\n<li>Visos svarbios dalys pagamintos i\u0161 maistui tinkamos med\u017eiagos.<\/li>\n<\/ul>\n","protected":false},"excerpt":{"rendered":"<p>Bendrosios savyb\u0117s: Pienas tiekiamas tiesiai i\u0161 mel\u017eimo \u012frenginio arba siurbliu i\u0161 pieno rezervuaro per pieno vamzdel\u012f tiesiogiai \u00a0\u012f separatori\u0173. Unikalus stovo modelis su korpusu, tiesiogin\u0117 jungtis, konteinerio laikikliu ir pieno bei grietin\u0117l\u0117s i\u0161leidimo anga. I\u0161orinis grei\u010dio reguliavimas su tolygiu grei\u010dio keitimu, s\u016bki\u0173 skai\u010dius per minut\u0119, kad b\u016bt\u0173 galima subalansuoti elektros energijos svyravimus ir pagreitinti arba [&hellip;]<\/p>\n","protected":false},"featured_media":21394,"template":"","meta":{"_et_pb_use_builder":"","_et_pb_old_content":"","_et_gb_content_width":""},"product_brand":[],"product_cat":[188],"product_tag":[],"class_list":{"0":"post-21278","1":"product","2":"type-product","3":"status-publish","4":"has-post-thumbnail","6":"product_cat-piima-separaatorid","8":"first","9":"instock","10":"shipping-taxable","11":"product-type-simple"},"yoast_head":"<!-- This site is optimized with the Yoast SEO plugin v26.4 - https:\/\/yoast.com\/wordpress\/plugins\/seo\/ -->\n<title>Pieno separatorius MILKY LONGLIFE - Specagra<\/title>\n<meta name=\"robots\" content=\"index, follow, max-snippet:-1, max-image-preview:large, max-video-preview:-1\" \/>\n<link rel=\"canonical\" href=\"https:\/\/specagra.ee\/?product=pieno-separatorius-milky-fj-600-ear-longlife-2\" \/>\n<meta property=\"og:locale\" content=\"et_EE\" \/>\n<meta property=\"og:type\" content=\"article\" \/>\n<meta property=\"og:title\" content=\"Pieno separatorius MILKY LONGLIFE - Specagra\" \/>\n<meta property=\"og:description\" content=\"Bendrosios savyb\u0117s: Pienas tiekiamas tiesiai i\u0161 mel\u017eimo \u012frenginio arba siurbliu i\u0161 pieno rezervuaro per pieno vamzdel\u012f tiesiogiai \u00a0\u012f separatori\u0173. Unikalus stovo modelis su korpusu, tiesiogin\u0117 jungtis, konteinerio laikikliu ir pieno bei grietin\u0117l\u0117s i\u0161leidimo anga. I\u0161orinis grei\u010dio reguliavimas su tolygiu grei\u010dio keitimu, s\u016bki\u0173 skai\u010dius per minut\u0119, kad b\u016bt\u0173 galima subalansuoti elektros energijos svyravimus ir pagreitinti arba [&hellip;]\" \/>\n<meta property=\"og:url\" content=\"https:\/\/specagra.ee\/?product=pieno-separatorius-milky-fj-600-ear-longlife-2\" \/>\n<meta property=\"og:site_name\" content=\"Specagra\" \/>\n<meta property=\"article:modified_time\" content=\"2023-04-14T08:02:03+00:00\" \/>\n<meta property=\"og:image\" content=\"https:\/\/specagra.ee\/wp-content\/uploads\/2023\/01\/Untitled-design-8.jpg\" \/>\n\t<meta property=\"og:image:width\" content=\"800\" \/>\n\t<meta property=\"og:image:height\" content=\"800\" \/>\n\t<meta property=\"og:image:type\" content=\"image\/jpeg\" \/>\n<meta name=\"twitter:card\" content=\"summary_large_image\" \/>\n<meta name=\"twitter:label1\" content=\"Est. reading time\" \/>\n\t<meta name=\"twitter:data1\" content=\"1 minut\" \/>\n<script type=\"application\/ld+json\" class=\"yoast-schema-graph\">{\"@context\":\"https:\/\/schema.org\",\"@graph\":[{\"@type\":\"WebPage\",\"@id\":\"https:\/\/specagra.ee\/?product=pieno-separatorius-milky-fj-600-ear-longlife-2\",\"url\":\"https:\/\/specagra.ee\/?product=pieno-separatorius-milky-fj-600-ear-longlife-2\",\"name\":\"Pieno separatorius MILKY LONGLIFE - Specagra\",\"isPartOf\":{\"@id\":\"https:\/\/specagra.ee\/#website\"},\"primaryImageOfPage\":{\"@id\":\"https:\/\/specagra.ee\/?product=pieno-separatorius-milky-fj-600-ear-longlife-2#primaryimage\"},\"image\":{\"@id\":\"https:\/\/specagra.ee\/?product=pieno-separatorius-milky-fj-600-ear-longlife-2#primaryimage\"},\"thumbnailUrl\":\"https:\/\/specagra.ee\/wp-content\/uploads\/2023\/01\/Untitled-design-8.jpg\",\"datePublished\":\"2023-01-23T09:32:10+00:00\",\"dateModified\":\"2023-04-14T08:02:03+00:00\",\"breadcrumb\":{\"@id\":\"https:\/\/specagra.ee\/?product=pieno-separatorius-milky-fj-600-ear-longlife-2#breadcrumb\"},\"inLanguage\":\"et\",\"potentialAction\":[{\"@type\":\"ReadAction\",\"target\":[\"https:\/\/specagra.ee\/?product=pieno-separatorius-milky-fj-600-ear-longlife-2\"]}]},{\"@type\":\"ImageObject\",\"inLanguage\":\"et\",\"@id\":\"https:\/\/specagra.ee\/?product=pieno-separatorius-milky-fj-600-ear-longlife-2#primaryimage\",\"url\":\"https:\/\/specagra.ee\/wp-content\/uploads\/2023\/01\/Untitled-design-8.jpg\",\"contentUrl\":\"https:\/\/specagra.ee\/wp-content\/uploads\/2023\/01\/Untitled-design-8.jpg\",\"width\":800,\"height\":800},{\"@type\":\"BreadcrumbList\",\"@id\":\"https:\/\/specagra.ee\/?product=pieno-separatorius-milky-fj-600-ear-longlife-2#breadcrumb\",\"itemListElement\":[{\"@type\":\"ListItem\",\"position\":1,\"name\":\"Home\",\"item\":\"https:\/\/www.specagra.ee\/\"},{\"@type\":\"ListItem\",\"position\":2,\"name\":\"P\u00f5llumajandustehnika ja loomakasvatus\",\"item\":\"https:\/\/specagra.ee\/?page_id=18493\"},{\"@type\":\"ListItem\",\"position\":3,\"name\":\"Pieno separatorius MILKY LONGLIFE\"}]},{\"@type\":\"WebSite\",\"@id\":\"https:\/\/specagra.ee\/#website\",\"url\":\"https:\/\/specagra.ee\/\",\"name\":\"Specagra\",\"description\":\"P\u00f5llumajandustehnika ja varuosad\",\"publisher\":{\"@id\":\"https:\/\/specagra.ee\/#organization\"},\"potentialAction\":[{\"@type\":\"SearchAction\",\"target\":{\"@type\":\"EntryPoint\",\"urlTemplate\":\"https:\/\/specagra.ee\/?s={search_term_string}\"},\"query-input\":{\"@type\":\"PropertyValueSpecification\",\"valueRequired\":true,\"valueName\":\"search_term_string\"}}],\"inLanguage\":\"et\"},{\"@type\":\"Organization\",\"@id\":\"https:\/\/specagra.ee\/#organization\",\"name\":\"UAB Specagra\",\"url\":\"https:\/\/specagra.ee\/\",\"logo\":{\"@type\":\"ImageObject\",\"inLanguage\":\"et\",\"@id\":\"https:\/\/specagra.ee\/#\/schema\/logo\/image\/\",\"url\":\"http:\/\/www.specagra.ee\/wp-content\/uploads\/2022\/02\/SP-logo_naujas-scaled.jpg\",\"contentUrl\":\"http:\/\/www.specagra.ee\/wp-content\/uploads\/2022\/02\/SP-logo_naujas-scaled.jpg\",\"width\":2560,\"height\":326,\"caption\":\"UAB Specagra\"},\"image\":{\"@id\":\"https:\/\/specagra.ee\/#\/schema\/logo\/image\/\"}}]}<\/script>\n<!-- \/ Yoast SEO plugin. -->","yoast_head_json":{"title":"Pieno separatorius MILKY LONGLIFE - Specagra","robots":{"index":"index","follow":"follow","max-snippet":"max-snippet:-1","max-image-preview":"max-image-preview:large","max-video-preview":"max-video-preview:-1"},"canonical":"https:\/\/specagra.ee\/?product=pieno-separatorius-milky-fj-600-ear-longlife-2","og_locale":"et_EE","og_type":"article","og_title":"Pieno separatorius MILKY LONGLIFE - Specagra","og_description":"Bendrosios savyb\u0117s: Pienas tiekiamas tiesiai i\u0161 mel\u017eimo \u012frenginio arba siurbliu i\u0161 pieno rezervuaro per pieno vamzdel\u012f tiesiogiai \u00a0\u012f separatori\u0173. Unikalus stovo modelis su korpusu, tiesiogin\u0117 jungtis, konteinerio laikikliu ir pieno bei grietin\u0117l\u0117s i\u0161leidimo anga. I\u0161orinis grei\u010dio reguliavimas su tolygiu grei\u010dio keitimu, s\u016bki\u0173 skai\u010dius per minut\u0119, kad b\u016bt\u0173 galima subalansuoti elektros energijos svyravimus ir pagreitinti arba [&hellip;]","og_url":"https:\/\/specagra.ee\/?product=pieno-separatorius-milky-fj-600-ear-longlife-2","og_site_name":"Specagra","article_modified_time":"2023-04-14T08:02:03+00:00","og_image":[{"width":800,"height":800,"url":"https:\/\/specagra.ee\/wp-content\/uploads\/2023\/01\/Untitled-design-8.jpg","type":"image\/jpeg"}],"twitter_card":"summary_large_image","twitter_misc":{"Est. reading time":"1 minut"},"schema":{"@context":"https:\/\/schema.org","@graph":[{"@type":"WebPage","@id":"https:\/\/specagra.ee\/?product=pieno-separatorius-milky-fj-600-ear-longlife-2","url":"https:\/\/specagra.ee\/?product=pieno-separatorius-milky-fj-600-ear-longlife-2","name":"Pieno separatorius MILKY LONGLIFE - Specagra","isPartOf":{"@id":"https:\/\/specagra.ee\/#website"},"primaryImageOfPage":{"@id":"https:\/\/specagra.ee\/?product=pieno-separatorius-milky-fj-600-ear-longlife-2#primaryimage"},"image":{"@id":"https:\/\/specagra.ee\/?product=pieno-separatorius-milky-fj-600-ear-longlife-2#primaryimage"},"thumbnailUrl":"https:\/\/specagra.ee\/wp-content\/uploads\/2023\/01\/Untitled-design-8.jpg","datePublished":"2023-01-23T09:32:10+00:00","dateModified":"2023-04-14T08:02:03+00:00","breadcrumb":{"@id":"https:\/\/specagra.ee\/?product=pieno-separatorius-milky-fj-600-ear-longlife-2#breadcrumb"},"inLanguage":"et","potentialAction":[{"@type":"ReadAction","target":["https:\/\/specagra.ee\/?product=pieno-separatorius-milky-fj-600-ear-longlife-2"]}]},{"@type":"ImageObject","inLanguage":"et","@id":"https:\/\/specagra.ee\/?product=pieno-separatorius-milky-fj-600-ear-longlife-2#primaryimage","url":"https:\/\/specagra.ee\/wp-content\/uploads\/2023\/01\/Untitled-design-8.jpg","contentUrl":"https:\/\/specagra.ee\/wp-content\/uploads\/2023\/01\/Untitled-design-8.jpg","width":800,"height":800},{"@type":"BreadcrumbList","@id":"https:\/\/specagra.ee\/?product=pieno-separatorius-milky-fj-600-ear-longlife-2#breadcrumb","itemListElement":[{"@type":"ListItem","position":1,"name":"Home","item":"https:\/\/www.specagra.ee\/"},{"@type":"ListItem","position":2,"name":"P\u00f5llumajandustehnika ja loomakasvatus","item":"https:\/\/specagra.ee\/?page_id=18493"},{"@type":"ListItem","position":3,"name":"Pieno separatorius MILKY LONGLIFE"}]},{"@type":"WebSite","@id":"https:\/\/specagra.ee\/#website","url":"https:\/\/specagra.ee\/","name":"Specagra","description":"P\u00f5llumajandustehnika ja varuosad","publisher":{"@id":"https:\/\/specagra.ee\/#organization"},"potentialAction":[{"@type":"SearchAction","target":{"@type":"EntryPoint","urlTemplate":"https:\/\/specagra.ee\/?s={search_term_string}"},"query-input":{"@type":"PropertyValueSpecification","valueRequired":true,"valueName":"search_term_string"}}],"inLanguage":"et"},{"@type":"Organization","@id":"https:\/\/specagra.ee\/#organization","name":"UAB Specagra","url":"https:\/\/specagra.ee\/","logo":{"@type":"ImageObject","inLanguage":"et","@id":"https:\/\/specagra.ee\/#\/schema\/logo\/image\/","url":"http:\/\/www.specagra.ee\/wp-content\/uploads\/2022\/02\/SP-logo_naujas-scaled.jpg","contentUrl":"http:\/\/www.specagra.ee\/wp-content\/uploads\/2022\/02\/SP-logo_naujas-scaled.jpg","width":2560,"height":326,"caption":"UAB Specagra"},"image":{"@id":"https:\/\/specagra.ee\/#\/schema\/logo\/image\/"}}]}},"_links":{"self":[{"href":"https:\/\/specagra.ee\/index.php?rest_route=\/wp\/v2\/product\/21278","targetHints":{"allow":["GET"]}}],"collection":[{"href":"https:\/\/specagra.ee\/index.php?rest_route=\/wp\/v2\/product"}],"about":[{"href":"https:\/\/specagra.ee\/index.php?rest_route=\/wp\/v2\/types\/product"}],"wp:featuredmedia":[{"embeddable":true,"href":"https:\/\/specagra.ee\/index.php?rest_route=\/wp\/v2\/media\/21394"}],"wp:attachment":[{"href":"https:\/\/specagra.ee\/index.php?rest_route=%2Fwp%2Fv2%2Fmedia&parent=21278"}],"wp:term":[{"taxonomy":"product_brand","embeddable":true,"href":"https:\/\/specagra.ee\/index.php?rest_route=%2Fwp%2Fv2%2Fproduct_brand&post=21278"},{"taxonomy":"product_cat","embeddable":true,"href":"https:\/\/specagra.ee\/index.php?rest_route=%2Fwp%2Fv2%2Fproduct_cat&post=21278"},{"taxonomy":"product_tag","embeddable":true,"href":"https:\/\/specagra.ee\/index.php?rest_route=%2Fwp%2Fv2%2Fproduct_tag&post=21278"}],"curies":[{"name":"wp","href":"https:\/\/api.w.org\/{rel}","templated":true}]}}