{"id":17714,"date":"2022-06-21T09:37:38","date_gmt":"2022-06-21T11:37:38","guid":{"rendered":"https:\/\/www.specagra.ee\/?post_type=product&#038;p=17714"},"modified":"2022-09-23T03:12:46","modified_gmt":"2022-09-23T05:12:46","slug":"rulonavimo-plevele-duo-plus-compact-500x1800","status":"publish","type":"product","link":"https:\/\/specagra.ee\/?product=rulonavimo-plevele-duo-plus-compact-500x1800","title":{"rendered":"Rulonavimo pl\u0117vel\u0117 DUO PLUS COMPACT 500&#215;1800"},"content":{"rendered":"<p>Rulonavimo pl\u0117vel\u0117 DUO PLUS COMPACT 500&#215;1800<\/p>\n<p>Bendrosios savyb\u0117s:<\/p>\n<ul>\n<li>Premium klas\u0117s pl\u0117vel\u0117.<\/li>\n<li>5 sluoksni\u0173 rulonavimo pl\u0117vel\u0117.<\/li>\n<li>Stabilizuotas UV atsparumas iki 12 m\u0117nesi\u0173 (Vidurio Europoje).<\/li>\n<\/ul>\n","protected":false},"excerpt":{"rendered":"<p>Rulonavimo pl\u0117vel\u0117 DUO PLUS COMPACT 500&#215;1800 Bendrosios savyb\u0117s: Premium klas\u0117s pl\u0117vel\u0117. 5 sluoksni\u0173 rulonavimo pl\u0117vel\u0117. Stabilizuotas UV atsparumas iki 12 m\u0117nesi\u0173 (Vidurio Europoje).<\/p>\n","protected":false},"featured_media":18311,"template":"","meta":{"_et_pb_use_builder":"","_et_pb_old_content":"","_et_gb_content_width":""},"product_brand":[],"product_cat":[117],"product_tag":[],"class_list":{"0":"post-17714","1":"product","2":"type-product","3":"status-publish","4":"has-post-thumbnail","6":"product_cat-ruloonikile","8":"first","9":"instock","10":"shipping-taxable","11":"product-type-simple"},"yoast_head":"<!-- This site is optimized with the Yoast SEO plugin v26.4 - https:\/\/yoast.com\/wordpress\/plugins\/seo\/ -->\n<title>Rulonavimo pl\u0117vel\u0117 DUO PLUS COMPACT 500x1800 - Specagra<\/title>\n<meta name=\"robots\" content=\"index, follow, max-snippet:-1, max-image-preview:large, max-video-preview:-1\" \/>\n<link rel=\"canonical\" href=\"https:\/\/specagra.ee\/?product=rulonavimo-plevele-duo-plus-compact-500x1800\" \/>\n<meta property=\"og:locale\" content=\"et_EE\" \/>\n<meta property=\"og:type\" content=\"article\" \/>\n<meta property=\"og:title\" content=\"Rulonavimo pl\u0117vel\u0117 DUO PLUS COMPACT 500x1800 - Specagra\" \/>\n<meta property=\"og:description\" content=\"Rulonavimo pl\u0117vel\u0117 DUO PLUS COMPACT 500&#215;1800 Bendrosios savyb\u0117s: Premium klas\u0117s pl\u0117vel\u0117. 5 sluoksni\u0173 rulonavimo pl\u0117vel\u0117. Stabilizuotas UV atsparumas iki 12 m\u0117nesi\u0173 (Vidurio Europoje).\" \/>\n<meta property=\"og:url\" content=\"https:\/\/specagra.ee\/?product=rulonavimo-plevele-duo-plus-compact-500x1800\" \/>\n<meta property=\"og:site_name\" content=\"Specagra\" \/>\n<meta property=\"article:modified_time\" content=\"2022-09-23T05:12:46+00:00\" \/>\n<meta property=\"og:image\" content=\"https:\/\/www.specagra.ee\/wp-content\/uploads\/2022\/06\/duo_plus_compact_1-iskirpta.png\" \/>\n\t<meta property=\"og:image:width\" content=\"700\" \/>\n\t<meta property=\"og:image:height\" content=\"700\" \/>\n\t<meta property=\"og:image:type\" content=\"image\/png\" \/>\n<meta name=\"twitter:card\" content=\"summary_large_image\" \/>\n<meta name=\"twitter:label1\" content=\"Est. reading time\" \/>\n\t<meta name=\"twitter:data1\" content=\"1 minut\" \/>\n<script type=\"application\/ld+json\" class=\"yoast-schema-graph\">{\"@context\":\"https:\/\/schema.org\",\"@graph\":[{\"@type\":\"WebPage\",\"@id\":\"https:\/\/specagra.ee\/?product=rulonavimo-plevele-duo-plus-compact-500x1800\",\"url\":\"https:\/\/specagra.ee\/?product=rulonavimo-plevele-duo-plus-compact-500x1800\",\"name\":\"Rulonavimo pl\u0117vel\u0117 DUO PLUS COMPACT 500x1800 - Specagra\",\"isPartOf\":{\"@id\":\"https:\/\/specagra.ee\/#website\"},\"primaryImageOfPage\":{\"@id\":\"https:\/\/specagra.ee\/?product=rulonavimo-plevele-duo-plus-compact-500x1800#primaryimage\"},\"image\":{\"@id\":\"https:\/\/specagra.ee\/?product=rulonavimo-plevele-duo-plus-compact-500x1800#primaryimage\"},\"thumbnailUrl\":\"https:\/\/specagra.ee\/wp-content\/uploads\/2022\/06\/duo_plus_compact_1-iskirpta.png\",\"datePublished\":\"2022-06-21T11:37:38+00:00\",\"dateModified\":\"2022-09-23T05:12:46+00:00\",\"breadcrumb\":{\"@id\":\"https:\/\/specagra.ee\/?product=rulonavimo-plevele-duo-plus-compact-500x1800#breadcrumb\"},\"inLanguage\":\"et\",\"potentialAction\":[{\"@type\":\"ReadAction\",\"target\":[\"https:\/\/specagra.ee\/?product=rulonavimo-plevele-duo-plus-compact-500x1800\"]}]},{\"@type\":\"ImageObject\",\"inLanguage\":\"et\",\"@id\":\"https:\/\/specagra.ee\/?product=rulonavimo-plevele-duo-plus-compact-500x1800#primaryimage\",\"url\":\"https:\/\/specagra.ee\/wp-content\/uploads\/2022\/06\/duo_plus_compact_1-iskirpta.png\",\"contentUrl\":\"https:\/\/specagra.ee\/wp-content\/uploads\/2022\/06\/duo_plus_compact_1-iskirpta.png\",\"width\":700,\"height\":700,\"caption\":\"Rulonavimo pl\u0117vel\u0117 DUO PLUS COMPACT 500x1800\"},{\"@type\":\"BreadcrumbList\",\"@id\":\"https:\/\/specagra.ee\/?product=rulonavimo-plevele-duo-plus-compact-500x1800#breadcrumb\",\"itemListElement\":[{\"@type\":\"ListItem\",\"position\":1,\"name\":\"Home\",\"item\":\"https:\/\/www.specagra.ee\/\"},{\"@type\":\"ListItem\",\"position\":2,\"name\":\"P\u00f5llumajandustehnika ja loomakasvatus\",\"item\":\"https:\/\/specagra.ee\/?page_id=18493\"},{\"@type\":\"ListItem\",\"position\":3,\"name\":\"Rulonavimo pl\u0117vel\u0117 DUO PLUS COMPACT 500&#215;1800\"}]},{\"@type\":\"WebSite\",\"@id\":\"https:\/\/specagra.ee\/#website\",\"url\":\"https:\/\/specagra.ee\/\",\"name\":\"Specagra\",\"description\":\"P\u00f5llumajandustehnika ja varuosad\",\"publisher\":{\"@id\":\"https:\/\/specagra.ee\/#organization\"},\"potentialAction\":[{\"@type\":\"SearchAction\",\"target\":{\"@type\":\"EntryPoint\",\"urlTemplate\":\"https:\/\/specagra.ee\/?s={search_term_string}\"},\"query-input\":{\"@type\":\"PropertyValueSpecification\",\"valueRequired\":true,\"valueName\":\"search_term_string\"}}],\"inLanguage\":\"et\"},{\"@type\":\"Organization\",\"@id\":\"https:\/\/specagra.ee\/#organization\",\"name\":\"UAB Specagra\",\"url\":\"https:\/\/specagra.ee\/\",\"logo\":{\"@type\":\"ImageObject\",\"inLanguage\":\"et\",\"@id\":\"https:\/\/specagra.ee\/#\/schema\/logo\/image\/\",\"url\":\"http:\/\/www.specagra.ee\/wp-content\/uploads\/2022\/02\/SP-logo_naujas-scaled.jpg\",\"contentUrl\":\"http:\/\/www.specagra.ee\/wp-content\/uploads\/2022\/02\/SP-logo_naujas-scaled.jpg\",\"width\":2560,\"height\":326,\"caption\":\"UAB Specagra\"},\"image\":{\"@id\":\"https:\/\/specagra.ee\/#\/schema\/logo\/image\/\"}}]}<\/script>\n<!-- \/ Yoast SEO plugin. -->","yoast_head_json":{"title":"Rulonavimo pl\u0117vel\u0117 DUO PLUS COMPACT 500x1800 - Specagra","robots":{"index":"index","follow":"follow","max-snippet":"max-snippet:-1","max-image-preview":"max-image-preview:large","max-video-preview":"max-video-preview:-1"},"canonical":"https:\/\/specagra.ee\/?product=rulonavimo-plevele-duo-plus-compact-500x1800","og_locale":"et_EE","og_type":"article","og_title":"Rulonavimo pl\u0117vel\u0117 DUO PLUS COMPACT 500x1800 - Specagra","og_description":"Rulonavimo pl\u0117vel\u0117 DUO PLUS COMPACT 500&#215;1800 Bendrosios savyb\u0117s: Premium klas\u0117s pl\u0117vel\u0117. 5 sluoksni\u0173 rulonavimo pl\u0117vel\u0117. Stabilizuotas UV atsparumas iki 12 m\u0117nesi\u0173 (Vidurio Europoje).","og_url":"https:\/\/specagra.ee\/?product=rulonavimo-plevele-duo-plus-compact-500x1800","og_site_name":"Specagra","article_modified_time":"2022-09-23T05:12:46+00:00","og_image":[{"width":700,"height":700,"url":"https:\/\/www.specagra.ee\/wp-content\/uploads\/2022\/06\/duo_plus_compact_1-iskirpta.png","type":"image\/png"}],"twitter_card":"summary_large_image","twitter_misc":{"Est. reading time":"1 minut"},"schema":{"@context":"https:\/\/schema.org","@graph":[{"@type":"WebPage","@id":"https:\/\/specagra.ee\/?product=rulonavimo-plevele-duo-plus-compact-500x1800","url":"https:\/\/specagra.ee\/?product=rulonavimo-plevele-duo-plus-compact-500x1800","name":"Rulonavimo pl\u0117vel\u0117 DUO PLUS COMPACT 500x1800 - Specagra","isPartOf":{"@id":"https:\/\/specagra.ee\/#website"},"primaryImageOfPage":{"@id":"https:\/\/specagra.ee\/?product=rulonavimo-plevele-duo-plus-compact-500x1800#primaryimage"},"image":{"@id":"https:\/\/specagra.ee\/?product=rulonavimo-plevele-duo-plus-compact-500x1800#primaryimage"},"thumbnailUrl":"https:\/\/specagra.ee\/wp-content\/uploads\/2022\/06\/duo_plus_compact_1-iskirpta.png","datePublished":"2022-06-21T11:37:38+00:00","dateModified":"2022-09-23T05:12:46+00:00","breadcrumb":{"@id":"https:\/\/specagra.ee\/?product=rulonavimo-plevele-duo-plus-compact-500x1800#breadcrumb"},"inLanguage":"et","potentialAction":[{"@type":"ReadAction","target":["https:\/\/specagra.ee\/?product=rulonavimo-plevele-duo-plus-compact-500x1800"]}]},{"@type":"ImageObject","inLanguage":"et","@id":"https:\/\/specagra.ee\/?product=rulonavimo-plevele-duo-plus-compact-500x1800#primaryimage","url":"https:\/\/specagra.ee\/wp-content\/uploads\/2022\/06\/duo_plus_compact_1-iskirpta.png","contentUrl":"https:\/\/specagra.ee\/wp-content\/uploads\/2022\/06\/duo_plus_compact_1-iskirpta.png","width":700,"height":700,"caption":"Rulonavimo pl\u0117vel\u0117 DUO PLUS COMPACT 500x1800"},{"@type":"BreadcrumbList","@id":"https:\/\/specagra.ee\/?product=rulonavimo-plevele-duo-plus-compact-500x1800#breadcrumb","itemListElement":[{"@type":"ListItem","position":1,"name":"Home","item":"https:\/\/www.specagra.ee\/"},{"@type":"ListItem","position":2,"name":"P\u00f5llumajandustehnika ja loomakasvatus","item":"https:\/\/specagra.ee\/?page_id=18493"},{"@type":"ListItem","position":3,"name":"Rulonavimo pl\u0117vel\u0117 DUO PLUS COMPACT 500&#215;1800"}]},{"@type":"WebSite","@id":"https:\/\/specagra.ee\/#website","url":"https:\/\/specagra.ee\/","name":"Specagra","description":"P\u00f5llumajandustehnika ja varuosad","publisher":{"@id":"https:\/\/specagra.ee\/#organization"},"potentialAction":[{"@type":"SearchAction","target":{"@type":"EntryPoint","urlTemplate":"https:\/\/specagra.ee\/?s={search_term_string}"},"query-input":{"@type":"PropertyValueSpecification","valueRequired":true,"valueName":"search_term_string"}}],"inLanguage":"et"},{"@type":"Organization","@id":"https:\/\/specagra.ee\/#organization","name":"UAB Specagra","url":"https:\/\/specagra.ee\/","logo":{"@type":"ImageObject","inLanguage":"et","@id":"https:\/\/specagra.ee\/#\/schema\/logo\/image\/","url":"http:\/\/www.specagra.ee\/wp-content\/uploads\/2022\/02\/SP-logo_naujas-scaled.jpg","contentUrl":"http:\/\/www.specagra.ee\/wp-content\/uploads\/2022\/02\/SP-logo_naujas-scaled.jpg","width":2560,"height":326,"caption":"UAB Specagra"},"image":{"@id":"https:\/\/specagra.ee\/#\/schema\/logo\/image\/"}}]}},"_links":{"self":[{"href":"https:\/\/specagra.ee\/index.php?rest_route=\/wp\/v2\/product\/17714","targetHints":{"allow":["GET"]}}],"collection":[{"href":"https:\/\/specagra.ee\/index.php?rest_route=\/wp\/v2\/product"}],"about":[{"href":"https:\/\/specagra.ee\/index.php?rest_route=\/wp\/v2\/types\/product"}],"wp:featuredmedia":[{"embeddable":true,"href":"https:\/\/specagra.ee\/index.php?rest_route=\/wp\/v2\/media\/18311"}],"wp:attachment":[{"href":"https:\/\/specagra.ee\/index.php?rest_route=%2Fwp%2Fv2%2Fmedia&parent=17714"}],"wp:term":[{"taxonomy":"product_brand","embeddable":true,"href":"https:\/\/specagra.ee\/index.php?rest_route=%2Fwp%2Fv2%2Fproduct_brand&post=17714"},{"taxonomy":"product_cat","embeddable":true,"href":"https:\/\/specagra.ee\/index.php?rest_route=%2Fwp%2Fv2%2Fproduct_cat&post=17714"},{"taxonomy":"product_tag","embeddable":true,"href":"https:\/\/specagra.ee\/index.php?rest_route=%2Fwp%2Fv2%2Fproduct_tag&post=17714"}],"curies":[{"name":"wp","href":"https:\/\/api.w.org\/{rel}","templated":true}]}}