{"id":17704,"date":"2022-06-16T10:45:54","date_gmt":"2022-06-16T12:45:54","guid":{"rendered":"https:\/\/www.specagra.ee\/?post_type=product&#038;p=17704"},"modified":"2023-06-29T12:01:11","modified_gmt":"2023-06-29T14:01:11","slug":"sviestmuse-milky-fj-32-rankine","status":"publish","type":"product","link":"https:\/\/specagra.ee\/?product=sviestmuse-milky-fj-32-rankine","title":{"rendered":"Sviestmu\u0161\u0117 MILKY FJ 32 (rankin\u0117)"},"content":{"rendered":"<p>Sviestmu\u0161\u0117 MILKY FJ 32 (rankin\u0117)<\/p>\n<p>Bendrosios savyb\u0117s:<\/p>\n<ul>\n<li>Sviestmu\u0161\u0117 turi b\u016bti minimaliai u\u017epildoma 4 litrais grietin\u0117l\u0117s, o maksimaliai \u2013 13 litr\u0173, bendra rezervuaro talpa \u2013 32 litrai.<\/li>\n<li>Visos svarbiausios sviestmu\u0161\u0117s dalys yra pagamintos i\u0161 saugaus s\u0105ly\u010diui su maistu ner\u016bdijan\u010dio plieno.<\/li>\n<li>Didelis skaidrus dangtis \u012fgalina nuolatin\u0119 proceso prie\u017ei\u016br\u0105.<\/li>\n<li>Baigus darb\u0105, sviestmu\u0161\u0117 lengvai i\u0161tu\u0161tinama per i\u0161leidimo \u010diaup\u0105.<\/li>\n<\/ul>\n","protected":false},"excerpt":{"rendered":"<p>Sviestmu\u0161\u0117 MILKY FJ 32 (rankin\u0117) Bendrosios savyb\u0117s: Sviestmu\u0161\u0117 turi b\u016bti minimaliai u\u017epildoma 4 litrais grietin\u0117l\u0117s, o maksimaliai \u2013 13 litr\u0173, bendra rezervuaro talpa \u2013 32 litrai. Visos svarbiausios sviestmu\u0161\u0117s dalys yra pagamintos i\u0161 saugaus s\u0105ly\u010diui su maistu ner\u016bdijan\u010dio plieno. Didelis skaidrus dangtis \u012fgalina nuolatin\u0119 proceso prie\u017ei\u016br\u0105. Baigus darb\u0105, sviestmu\u0161\u0117 lengvai i\u0161tu\u0161tinama per i\u0161leidimo \u010diaup\u0105.<\/p>\n","protected":false},"featured_media":18583,"template":"","meta":{"_et_pb_use_builder":"","_et_pb_old_content":"","_et_gb_content_width":""},"product_brand":[],"product_cat":[190],"product_tag":[],"class_list":{"0":"post-17704","1":"product","2":"type-product","3":"status-publish","4":"has-post-thumbnail","6":"product_cat-voimasinad","8":"first","9":"instock","10":"shipping-taxable","11":"product-type-simple"},"yoast_head":"<!-- This site is optimized with the Yoast SEO plugin v26.4 - https:\/\/yoast.com\/wordpress\/plugins\/seo\/ -->\n<title>Sviestmu\u0161\u0117 MILKY FJ 32 (rankin\u0117) - Specagra<\/title>\n<meta name=\"robots\" content=\"index, follow, max-snippet:-1, max-image-preview:large, max-video-preview:-1\" \/>\n<link rel=\"canonical\" href=\"https:\/\/specagra.ee\/?product=sviestmuse-milky-fj-32-rankine\" \/>\n<meta property=\"og:locale\" content=\"et_EE\" \/>\n<meta property=\"og:type\" content=\"article\" \/>\n<meta property=\"og:title\" content=\"Sviestmu\u0161\u0117 MILKY FJ 32 (rankin\u0117) - Specagra\" \/>\n<meta property=\"og:description\" content=\"Sviestmu\u0161\u0117 MILKY FJ 32 (rankin\u0117) Bendrosios savyb\u0117s: Sviestmu\u0161\u0117 turi b\u016bti minimaliai u\u017epildoma 4 litrais grietin\u0117l\u0117s, o maksimaliai \u2013 13 litr\u0173, bendra rezervuaro talpa \u2013 32 litrai. Visos svarbiausios sviestmu\u0161\u0117s dalys yra pagamintos i\u0161 saugaus s\u0105ly\u010diui su maistu ner\u016bdijan\u010dio plieno. Didelis skaidrus dangtis \u012fgalina nuolatin\u0119 proceso prie\u017ei\u016br\u0105. Baigus darb\u0105, sviestmu\u0161\u0117 lengvai i\u0161tu\u0161tinama per i\u0161leidimo \u010diaup\u0105.\" \/>\n<meta property=\"og:url\" content=\"https:\/\/specagra.ee\/?product=sviestmuse-milky-fj-32-rankine\" \/>\n<meta property=\"og:site_name\" content=\"Specagra\" \/>\n<meta property=\"article:modified_time\" content=\"2023-06-29T14:01:11+00:00\" \/>\n<meta property=\"og:image\" content=\"https:\/\/specagra.ee\/wp-content\/uploads\/2022\/06\/Untitled-design121.jpg\" \/>\n\t<meta property=\"og:image:width\" content=\"800\" \/>\n\t<meta property=\"og:image:height\" content=\"800\" \/>\n\t<meta property=\"og:image:type\" content=\"image\/jpeg\" \/>\n<meta name=\"twitter:card\" content=\"summary_large_image\" \/>\n<meta name=\"twitter:label1\" content=\"Est. reading time\" \/>\n\t<meta name=\"twitter:data1\" content=\"1 minut\" \/>\n<script type=\"application\/ld+json\" class=\"yoast-schema-graph\">{\"@context\":\"https:\/\/schema.org\",\"@graph\":[{\"@type\":\"WebPage\",\"@id\":\"https:\/\/specagra.ee\/?product=sviestmuse-milky-fj-32-rankine\",\"url\":\"https:\/\/specagra.ee\/?product=sviestmuse-milky-fj-32-rankine\",\"name\":\"Sviestmu\u0161\u0117 MILKY FJ 32 (rankin\u0117) - Specagra\",\"isPartOf\":{\"@id\":\"https:\/\/specagra.ee\/#website\"},\"primaryImageOfPage\":{\"@id\":\"https:\/\/specagra.ee\/?product=sviestmuse-milky-fj-32-rankine#primaryimage\"},\"image\":{\"@id\":\"https:\/\/specagra.ee\/?product=sviestmuse-milky-fj-32-rankine#primaryimage\"},\"thumbnailUrl\":\"https:\/\/specagra.ee\/wp-content\/uploads\/2022\/06\/Untitled-design121.jpg\",\"datePublished\":\"2022-06-16T12:45:54+00:00\",\"dateModified\":\"2023-06-29T14:01:11+00:00\",\"breadcrumb\":{\"@id\":\"https:\/\/specagra.ee\/?product=sviestmuse-milky-fj-32-rankine#breadcrumb\"},\"inLanguage\":\"et\",\"potentialAction\":[{\"@type\":\"ReadAction\",\"target\":[\"https:\/\/specagra.ee\/?product=sviestmuse-milky-fj-32-rankine\"]}]},{\"@type\":\"ImageObject\",\"inLanguage\":\"et\",\"@id\":\"https:\/\/specagra.ee\/?product=sviestmuse-milky-fj-32-rankine#primaryimage\",\"url\":\"https:\/\/specagra.ee\/wp-content\/uploads\/2022\/06\/Untitled-design121.jpg\",\"contentUrl\":\"https:\/\/specagra.ee\/wp-content\/uploads\/2022\/06\/Untitled-design121.jpg\",\"width\":800,\"height\":800},{\"@type\":\"BreadcrumbList\",\"@id\":\"https:\/\/specagra.ee\/?product=sviestmuse-milky-fj-32-rankine#breadcrumb\",\"itemListElement\":[{\"@type\":\"ListItem\",\"position\":1,\"name\":\"Home\",\"item\":\"https:\/\/www.specagra.ee\/\"},{\"@type\":\"ListItem\",\"position\":2,\"name\":\"P\u00f5llumajandustehnika ja loomakasvatus\",\"item\":\"https:\/\/specagra.ee\/?page_id=18493\"},{\"@type\":\"ListItem\",\"position\":3,\"name\":\"Sviestmu\u0161\u0117 MILKY FJ 32 (rankin\u0117)\"}]},{\"@type\":\"WebSite\",\"@id\":\"https:\/\/specagra.ee\/#website\",\"url\":\"https:\/\/specagra.ee\/\",\"name\":\"Specagra\",\"description\":\"P\u00f5llumajandustehnika ja varuosad\",\"publisher\":{\"@id\":\"https:\/\/specagra.ee\/#organization\"},\"potentialAction\":[{\"@type\":\"SearchAction\",\"target\":{\"@type\":\"EntryPoint\",\"urlTemplate\":\"https:\/\/specagra.ee\/?s={search_term_string}\"},\"query-input\":{\"@type\":\"PropertyValueSpecification\",\"valueRequired\":true,\"valueName\":\"search_term_string\"}}],\"inLanguage\":\"et\"},{\"@type\":\"Organization\",\"@id\":\"https:\/\/specagra.ee\/#organization\",\"name\":\"UAB Specagra\",\"url\":\"https:\/\/specagra.ee\/\",\"logo\":{\"@type\":\"ImageObject\",\"inLanguage\":\"et\",\"@id\":\"https:\/\/specagra.ee\/#\/schema\/logo\/image\/\",\"url\":\"http:\/\/www.specagra.ee\/wp-content\/uploads\/2022\/02\/SP-logo_naujas-scaled.jpg\",\"contentUrl\":\"http:\/\/www.specagra.ee\/wp-content\/uploads\/2022\/02\/SP-logo_naujas-scaled.jpg\",\"width\":2560,\"height\":326,\"caption\":\"UAB Specagra\"},\"image\":{\"@id\":\"https:\/\/specagra.ee\/#\/schema\/logo\/image\/\"}}]}<\/script>\n<!-- \/ Yoast SEO plugin. -->","yoast_head_json":{"title":"Sviestmu\u0161\u0117 MILKY FJ 32 (rankin\u0117) - Specagra","robots":{"index":"index","follow":"follow","max-snippet":"max-snippet:-1","max-image-preview":"max-image-preview:large","max-video-preview":"max-video-preview:-1"},"canonical":"https:\/\/specagra.ee\/?product=sviestmuse-milky-fj-32-rankine","og_locale":"et_EE","og_type":"article","og_title":"Sviestmu\u0161\u0117 MILKY FJ 32 (rankin\u0117) - Specagra","og_description":"Sviestmu\u0161\u0117 MILKY FJ 32 (rankin\u0117) Bendrosios savyb\u0117s: Sviestmu\u0161\u0117 turi b\u016bti minimaliai u\u017epildoma 4 litrais grietin\u0117l\u0117s, o maksimaliai \u2013 13 litr\u0173, bendra rezervuaro talpa \u2013 32 litrai. Visos svarbiausios sviestmu\u0161\u0117s dalys yra pagamintos i\u0161 saugaus s\u0105ly\u010diui su maistu ner\u016bdijan\u010dio plieno. Didelis skaidrus dangtis \u012fgalina nuolatin\u0119 proceso prie\u017ei\u016br\u0105. Baigus darb\u0105, sviestmu\u0161\u0117 lengvai i\u0161tu\u0161tinama per i\u0161leidimo \u010diaup\u0105.","og_url":"https:\/\/specagra.ee\/?product=sviestmuse-milky-fj-32-rankine","og_site_name":"Specagra","article_modified_time":"2023-06-29T14:01:11+00:00","og_image":[{"width":800,"height":800,"url":"https:\/\/specagra.ee\/wp-content\/uploads\/2022\/06\/Untitled-design121.jpg","type":"image\/jpeg"}],"twitter_card":"summary_large_image","twitter_misc":{"Est. reading time":"1 minut"},"schema":{"@context":"https:\/\/schema.org","@graph":[{"@type":"WebPage","@id":"https:\/\/specagra.ee\/?product=sviestmuse-milky-fj-32-rankine","url":"https:\/\/specagra.ee\/?product=sviestmuse-milky-fj-32-rankine","name":"Sviestmu\u0161\u0117 MILKY FJ 32 (rankin\u0117) - Specagra","isPartOf":{"@id":"https:\/\/specagra.ee\/#website"},"primaryImageOfPage":{"@id":"https:\/\/specagra.ee\/?product=sviestmuse-milky-fj-32-rankine#primaryimage"},"image":{"@id":"https:\/\/specagra.ee\/?product=sviestmuse-milky-fj-32-rankine#primaryimage"},"thumbnailUrl":"https:\/\/specagra.ee\/wp-content\/uploads\/2022\/06\/Untitled-design121.jpg","datePublished":"2022-06-16T12:45:54+00:00","dateModified":"2023-06-29T14:01:11+00:00","breadcrumb":{"@id":"https:\/\/specagra.ee\/?product=sviestmuse-milky-fj-32-rankine#breadcrumb"},"inLanguage":"et","potentialAction":[{"@type":"ReadAction","target":["https:\/\/specagra.ee\/?product=sviestmuse-milky-fj-32-rankine"]}]},{"@type":"ImageObject","inLanguage":"et","@id":"https:\/\/specagra.ee\/?product=sviestmuse-milky-fj-32-rankine#primaryimage","url":"https:\/\/specagra.ee\/wp-content\/uploads\/2022\/06\/Untitled-design121.jpg","contentUrl":"https:\/\/specagra.ee\/wp-content\/uploads\/2022\/06\/Untitled-design121.jpg","width":800,"height":800},{"@type":"BreadcrumbList","@id":"https:\/\/specagra.ee\/?product=sviestmuse-milky-fj-32-rankine#breadcrumb","itemListElement":[{"@type":"ListItem","position":1,"name":"Home","item":"https:\/\/www.specagra.ee\/"},{"@type":"ListItem","position":2,"name":"P\u00f5llumajandustehnika ja loomakasvatus","item":"https:\/\/specagra.ee\/?page_id=18493"},{"@type":"ListItem","position":3,"name":"Sviestmu\u0161\u0117 MILKY FJ 32 (rankin\u0117)"}]},{"@type":"WebSite","@id":"https:\/\/specagra.ee\/#website","url":"https:\/\/specagra.ee\/","name":"Specagra","description":"P\u00f5llumajandustehnika ja varuosad","publisher":{"@id":"https:\/\/specagra.ee\/#organization"},"potentialAction":[{"@type":"SearchAction","target":{"@type":"EntryPoint","urlTemplate":"https:\/\/specagra.ee\/?s={search_term_string}"},"query-input":{"@type":"PropertyValueSpecification","valueRequired":true,"valueName":"search_term_string"}}],"inLanguage":"et"},{"@type":"Organization","@id":"https:\/\/specagra.ee\/#organization","name":"UAB Specagra","url":"https:\/\/specagra.ee\/","logo":{"@type":"ImageObject","inLanguage":"et","@id":"https:\/\/specagra.ee\/#\/schema\/logo\/image\/","url":"http:\/\/www.specagra.ee\/wp-content\/uploads\/2022\/02\/SP-logo_naujas-scaled.jpg","contentUrl":"http:\/\/www.specagra.ee\/wp-content\/uploads\/2022\/02\/SP-logo_naujas-scaled.jpg","width":2560,"height":326,"caption":"UAB Specagra"},"image":{"@id":"https:\/\/specagra.ee\/#\/schema\/logo\/image\/"}}]}},"_links":{"self":[{"href":"https:\/\/specagra.ee\/index.php?rest_route=\/wp\/v2\/product\/17704","targetHints":{"allow":["GET"]}}],"collection":[{"href":"https:\/\/specagra.ee\/index.php?rest_route=\/wp\/v2\/product"}],"about":[{"href":"https:\/\/specagra.ee\/index.php?rest_route=\/wp\/v2\/types\/product"}],"wp:featuredmedia":[{"embeddable":true,"href":"https:\/\/specagra.ee\/index.php?rest_route=\/wp\/v2\/media\/18583"}],"wp:attachment":[{"href":"https:\/\/specagra.ee\/index.php?rest_route=%2Fwp%2Fv2%2Fmedia&parent=17704"}],"wp:term":[{"taxonomy":"product_brand","embeddable":true,"href":"https:\/\/specagra.ee\/index.php?rest_route=%2Fwp%2Fv2%2Fproduct_brand&post=17704"},{"taxonomy":"product_cat","embeddable":true,"href":"https:\/\/specagra.ee\/index.php?rest_route=%2Fwp%2Fv2%2Fproduct_cat&post=17704"},{"taxonomy":"product_tag","embeddable":true,"href":"https:\/\/specagra.ee\/index.php?rest_route=%2Fwp%2Fv2%2Fproduct_tag&post=17704"}],"curies":[{"name":"wp","href":"https:\/\/api.w.org\/{rel}","templated":true}]}}