{"id":15083,"date":"2021-03-15T11:14:55","date_gmt":"2021-03-15T13:14:55","guid":{"rendered":"https:\/\/www.specagra.ee\/?post_type=product&#038;p=15083"},"modified":"2025-03-12T06:48:49","modified_gmt":"2025-03-12T08:48:49","slug":"apsauginis-tinklas-siloso-transejoms-silonet-220","status":"publish","type":"product","link":"https:\/\/specagra.ee\/?product=apsauginis-tinklas-siloso-transejoms-silonet-220","title":{"rendered":"Apsauginis tinklas siloso tran\u0161\u0117joms SILONET 220"},"content":{"rendered":"<p>SILONET\u00ae 220 yra 220 g\/m\u00b2 apsauginis HDPE plastiko tinklas, skirtas naudoti su SEAL+ 80\u00b5 arba bet kuria kita siloso kaup\u0173 pl\u0117vele.<br \/>\nAusta danga apsaugo vis\u0105 siloso pavir\u0161i\u0173 nuo pa\u017eeidim\u0173, toki\u0173 kaip prad\u016brimas, pauk\u0161\u010di\u0173 kapojimas ar laukini\u0173 \u017ev\u0117ri\u0173 daroma \u017eala.<\/p>\n<p>SILONET 220 rekomenduojamas vartotojams, ie\u0161kantiems standartinio ir tvirto apsauginio tinklo.<\/p>\n<p>Rekomenduojama naudoti su SEAL+ 80\u00b5 arba bet kuria kita siloso kaup\u0173\u00a0 pl\u0117vele. Tinklas prispaud\u017eiamas mai\u0161ais su sm\u0117liu.<\/p>\n<p><b>Galimi dyd\u017eiai:<\/b><\/p>\n<p>Plotis: nuo 5 iki 18 m<\/p>\n<p>Ilgis: nuo 6 iki 35 m<\/p>\n<p>Apie 40 skirting\u0173 dyd\u017ei\u0173.<\/p>\n<p>Galima pagaminti pagal individual\u0173 u\u017esakym\u0105.<\/p>\n<p><b>Galimi tinklo storiai:<\/b><\/p>\n<p>190gr\/m2 | 200gr\/m2 | 220gr\/m2<\/p>\n","protected":false},"excerpt":{"rendered":"<p>SILONET\u00ae 220 yra 220 g\/m\u00b2 apsauginis HDPE plastiko tinklas, skirtas naudoti su SEAL+ 80\u00b5 arba bet kuria kita siloso kaup\u0173 pl\u0117vele. Austa danga apsaugo vis\u0105 siloso pavir\u0161i\u0173 nuo pa\u017eeidim\u0173, toki\u0173 kaip prad\u016brimas, pauk\u0161\u010di\u0173 kapojimas ar laukini\u0173 \u017ev\u0117ri\u0173 daroma \u017eala. SILONET 220 rekomenduojamas vartotojams, ie\u0161kantiems standartinio ir tvirto apsauginio tinklo. Rekomenduojama naudoti su SEAL+ 80\u00b5 arba [&hellip;]<\/p>\n","protected":false},"featured_media":44125,"template":"","meta":{"_et_pb_use_builder":"","_et_pb_old_content":"","_et_gb_content_width":""},"product_brand":[],"product_cat":[290],"product_tag":[],"class_list":{"0":"post-15083","1":"product","2":"type-product","3":"status-publish","4":"has-post-thumbnail","6":"product_cat-kaitsekatted","8":"first","9":"instock","10":"shipping-taxable","11":"product-type-simple"},"yoast_head":"<!-- This site is optimized with the Yoast SEO plugin v26.4 - https:\/\/yoast.com\/wordpress\/plugins\/seo\/ -->\n<title>Apsauginis tinklas siloso tran\u0161\u0117joms SILONET 220 - Specagra<\/title>\n<meta name=\"robots\" content=\"index, follow, max-snippet:-1, max-image-preview:large, max-video-preview:-1\" \/>\n<link rel=\"canonical\" href=\"https:\/\/specagra.ee\/?product=apsauginis-tinklas-siloso-transejoms-silonet-220\" \/>\n<meta property=\"og:locale\" content=\"et_EE\" \/>\n<meta property=\"og:type\" content=\"article\" \/>\n<meta property=\"og:title\" content=\"Apsauginis tinklas siloso tran\u0161\u0117joms SILONET 220 - Specagra\" \/>\n<meta property=\"og:description\" content=\"SILONET\u00ae 220 yra 220 g\/m\u00b2 apsauginis HDPE plastiko tinklas, skirtas naudoti su SEAL+ 80\u00b5 arba bet kuria kita siloso kaup\u0173 pl\u0117vele. Austa danga apsaugo vis\u0105 siloso pavir\u0161i\u0173 nuo pa\u017eeidim\u0173, toki\u0173 kaip prad\u016brimas, pauk\u0161\u010di\u0173 kapojimas ar laukini\u0173 \u017ev\u0117ri\u0173 daroma \u017eala. SILONET 220 rekomenduojamas vartotojams, ie\u0161kantiems standartinio ir tvirto apsauginio tinklo. Rekomenduojama naudoti su SEAL+ 80\u00b5 arba [&hellip;]\" \/>\n<meta property=\"og:url\" content=\"https:\/\/specagra.ee\/?product=apsauginis-tinklas-siloso-transejoms-silonet-220\" \/>\n<meta property=\"og:site_name\" content=\"Specagra\" \/>\n<meta property=\"article:modified_time\" content=\"2025-03-12T08:48:49+00:00\" \/>\n<meta property=\"og:image\" content=\"https:\/\/specagra.ee\/wp-content\/uploads\/2021\/03\/Untitled-design1.png\" \/>\n\t<meta property=\"og:image:width\" content=\"900\" \/>\n\t<meta property=\"og:image:height\" content=\"900\" \/>\n\t<meta property=\"og:image:type\" content=\"image\/png\" \/>\n<meta name=\"twitter:card\" content=\"summary_large_image\" \/>\n<meta name=\"twitter:label1\" content=\"Est. reading time\" \/>\n\t<meta name=\"twitter:data1\" content=\"1 minut\" \/>\n<script type=\"application\/ld+json\" class=\"yoast-schema-graph\">{\"@context\":\"https:\/\/schema.org\",\"@graph\":[{\"@type\":\"WebPage\",\"@id\":\"https:\/\/specagra.ee\/?product=apsauginis-tinklas-siloso-transejoms-silonet-220\",\"url\":\"https:\/\/specagra.ee\/?product=apsauginis-tinklas-siloso-transejoms-silonet-220\",\"name\":\"Apsauginis tinklas siloso tran\u0161\u0117joms SILONET 220 - Specagra\",\"isPartOf\":{\"@id\":\"https:\/\/specagra.ee\/#website\"},\"primaryImageOfPage\":{\"@id\":\"https:\/\/specagra.ee\/?product=apsauginis-tinklas-siloso-transejoms-silonet-220#primaryimage\"},\"image\":{\"@id\":\"https:\/\/specagra.ee\/?product=apsauginis-tinklas-siloso-transejoms-silonet-220#primaryimage\"},\"thumbnailUrl\":\"https:\/\/specagra.ee\/wp-content\/uploads\/2021\/03\/Untitled-design1.png\",\"datePublished\":\"2021-03-15T13:14:55+00:00\",\"dateModified\":\"2025-03-12T08:48:49+00:00\",\"breadcrumb\":{\"@id\":\"https:\/\/specagra.ee\/?product=apsauginis-tinklas-siloso-transejoms-silonet-220#breadcrumb\"},\"inLanguage\":\"et\",\"potentialAction\":[{\"@type\":\"ReadAction\",\"target\":[\"https:\/\/specagra.ee\/?product=apsauginis-tinklas-siloso-transejoms-silonet-220\"]}]},{\"@type\":\"ImageObject\",\"inLanguage\":\"et\",\"@id\":\"https:\/\/specagra.ee\/?product=apsauginis-tinklas-siloso-transejoms-silonet-220#primaryimage\",\"url\":\"https:\/\/specagra.ee\/wp-content\/uploads\/2021\/03\/Untitled-design1.png\",\"contentUrl\":\"https:\/\/specagra.ee\/wp-content\/uploads\/2021\/03\/Untitled-design1.png\",\"width\":900,\"height\":900},{\"@type\":\"BreadcrumbList\",\"@id\":\"https:\/\/specagra.ee\/?product=apsauginis-tinklas-siloso-transejoms-silonet-220#breadcrumb\",\"itemListElement\":[{\"@type\":\"ListItem\",\"position\":1,\"name\":\"Home\",\"item\":\"https:\/\/www.specagra.ee\/\"},{\"@type\":\"ListItem\",\"position\":2,\"name\":\"P\u00f5llumajandustehnika ja loomakasvatus\",\"item\":\"https:\/\/specagra.ee\/?page_id=18493\"},{\"@type\":\"ListItem\",\"position\":3,\"name\":\"Apsauginis tinklas siloso tran\u0161\u0117joms SILONET 220\"}]},{\"@type\":\"WebSite\",\"@id\":\"https:\/\/specagra.ee\/#website\",\"url\":\"https:\/\/specagra.ee\/\",\"name\":\"Specagra\",\"description\":\"P\u00f5llumajandustehnika ja varuosad\",\"publisher\":{\"@id\":\"https:\/\/specagra.ee\/#organization\"},\"potentialAction\":[{\"@type\":\"SearchAction\",\"target\":{\"@type\":\"EntryPoint\",\"urlTemplate\":\"https:\/\/specagra.ee\/?s={search_term_string}\"},\"query-input\":{\"@type\":\"PropertyValueSpecification\",\"valueRequired\":true,\"valueName\":\"search_term_string\"}}],\"inLanguage\":\"et\"},{\"@type\":\"Organization\",\"@id\":\"https:\/\/specagra.ee\/#organization\",\"name\":\"UAB Specagra\",\"url\":\"https:\/\/specagra.ee\/\",\"logo\":{\"@type\":\"ImageObject\",\"inLanguage\":\"et\",\"@id\":\"https:\/\/specagra.ee\/#\/schema\/logo\/image\/\",\"url\":\"http:\/\/www.specagra.ee\/wp-content\/uploads\/2022\/02\/SP-logo_naujas-scaled.jpg\",\"contentUrl\":\"http:\/\/www.specagra.ee\/wp-content\/uploads\/2022\/02\/SP-logo_naujas-scaled.jpg\",\"width\":2560,\"height\":326,\"caption\":\"UAB Specagra\"},\"image\":{\"@id\":\"https:\/\/specagra.ee\/#\/schema\/logo\/image\/\"}}]}<\/script>\n<!-- \/ Yoast SEO plugin. -->","yoast_head_json":{"title":"Apsauginis tinklas siloso tran\u0161\u0117joms SILONET 220 - Specagra","robots":{"index":"index","follow":"follow","max-snippet":"max-snippet:-1","max-image-preview":"max-image-preview:large","max-video-preview":"max-video-preview:-1"},"canonical":"https:\/\/specagra.ee\/?product=apsauginis-tinklas-siloso-transejoms-silonet-220","og_locale":"et_EE","og_type":"article","og_title":"Apsauginis tinklas siloso tran\u0161\u0117joms SILONET 220 - Specagra","og_description":"SILONET\u00ae 220 yra 220 g\/m\u00b2 apsauginis HDPE plastiko tinklas, skirtas naudoti su SEAL+ 80\u00b5 arba bet kuria kita siloso kaup\u0173 pl\u0117vele. Austa danga apsaugo vis\u0105 siloso pavir\u0161i\u0173 nuo pa\u017eeidim\u0173, toki\u0173 kaip prad\u016brimas, pauk\u0161\u010di\u0173 kapojimas ar laukini\u0173 \u017ev\u0117ri\u0173 daroma \u017eala. SILONET 220 rekomenduojamas vartotojams, ie\u0161kantiems standartinio ir tvirto apsauginio tinklo. Rekomenduojama naudoti su SEAL+ 80\u00b5 arba [&hellip;]","og_url":"https:\/\/specagra.ee\/?product=apsauginis-tinklas-siloso-transejoms-silonet-220","og_site_name":"Specagra","article_modified_time":"2025-03-12T08:48:49+00:00","og_image":[{"width":900,"height":900,"url":"https:\/\/specagra.ee\/wp-content\/uploads\/2021\/03\/Untitled-design1.png","type":"image\/png"}],"twitter_card":"summary_large_image","twitter_misc":{"Est. reading time":"1 minut"},"schema":{"@context":"https:\/\/schema.org","@graph":[{"@type":"WebPage","@id":"https:\/\/specagra.ee\/?product=apsauginis-tinklas-siloso-transejoms-silonet-220","url":"https:\/\/specagra.ee\/?product=apsauginis-tinklas-siloso-transejoms-silonet-220","name":"Apsauginis tinklas siloso tran\u0161\u0117joms SILONET 220 - Specagra","isPartOf":{"@id":"https:\/\/specagra.ee\/#website"},"primaryImageOfPage":{"@id":"https:\/\/specagra.ee\/?product=apsauginis-tinklas-siloso-transejoms-silonet-220#primaryimage"},"image":{"@id":"https:\/\/specagra.ee\/?product=apsauginis-tinklas-siloso-transejoms-silonet-220#primaryimage"},"thumbnailUrl":"https:\/\/specagra.ee\/wp-content\/uploads\/2021\/03\/Untitled-design1.png","datePublished":"2021-03-15T13:14:55+00:00","dateModified":"2025-03-12T08:48:49+00:00","breadcrumb":{"@id":"https:\/\/specagra.ee\/?product=apsauginis-tinklas-siloso-transejoms-silonet-220#breadcrumb"},"inLanguage":"et","potentialAction":[{"@type":"ReadAction","target":["https:\/\/specagra.ee\/?product=apsauginis-tinklas-siloso-transejoms-silonet-220"]}]},{"@type":"ImageObject","inLanguage":"et","@id":"https:\/\/specagra.ee\/?product=apsauginis-tinklas-siloso-transejoms-silonet-220#primaryimage","url":"https:\/\/specagra.ee\/wp-content\/uploads\/2021\/03\/Untitled-design1.png","contentUrl":"https:\/\/specagra.ee\/wp-content\/uploads\/2021\/03\/Untitled-design1.png","width":900,"height":900},{"@type":"BreadcrumbList","@id":"https:\/\/specagra.ee\/?product=apsauginis-tinklas-siloso-transejoms-silonet-220#breadcrumb","itemListElement":[{"@type":"ListItem","position":1,"name":"Home","item":"https:\/\/www.specagra.ee\/"},{"@type":"ListItem","position":2,"name":"P\u00f5llumajandustehnika ja loomakasvatus","item":"https:\/\/specagra.ee\/?page_id=18493"},{"@type":"ListItem","position":3,"name":"Apsauginis tinklas siloso tran\u0161\u0117joms SILONET 220"}]},{"@type":"WebSite","@id":"https:\/\/specagra.ee\/#website","url":"https:\/\/specagra.ee\/","name":"Specagra","description":"P\u00f5llumajandustehnika ja varuosad","publisher":{"@id":"https:\/\/specagra.ee\/#organization"},"potentialAction":[{"@type":"SearchAction","target":{"@type":"EntryPoint","urlTemplate":"https:\/\/specagra.ee\/?s={search_term_string}"},"query-input":{"@type":"PropertyValueSpecification","valueRequired":true,"valueName":"search_term_string"}}],"inLanguage":"et"},{"@type":"Organization","@id":"https:\/\/specagra.ee\/#organization","name":"UAB Specagra","url":"https:\/\/specagra.ee\/","logo":{"@type":"ImageObject","inLanguage":"et","@id":"https:\/\/specagra.ee\/#\/schema\/logo\/image\/","url":"http:\/\/www.specagra.ee\/wp-content\/uploads\/2022\/02\/SP-logo_naujas-scaled.jpg","contentUrl":"http:\/\/www.specagra.ee\/wp-content\/uploads\/2022\/02\/SP-logo_naujas-scaled.jpg","width":2560,"height":326,"caption":"UAB Specagra"},"image":{"@id":"https:\/\/specagra.ee\/#\/schema\/logo\/image\/"}}]}},"_links":{"self":[{"href":"https:\/\/specagra.ee\/index.php?rest_route=\/wp\/v2\/product\/15083","targetHints":{"allow":["GET"]}}],"collection":[{"href":"https:\/\/specagra.ee\/index.php?rest_route=\/wp\/v2\/product"}],"about":[{"href":"https:\/\/specagra.ee\/index.php?rest_route=\/wp\/v2\/types\/product"}],"wp:featuredmedia":[{"embeddable":true,"href":"https:\/\/specagra.ee\/index.php?rest_route=\/wp\/v2\/media\/44125"}],"wp:attachment":[{"href":"https:\/\/specagra.ee\/index.php?rest_route=%2Fwp%2Fv2%2Fmedia&parent=15083"}],"wp:term":[{"taxonomy":"product_brand","embeddable":true,"href":"https:\/\/specagra.ee\/index.php?rest_route=%2Fwp%2Fv2%2Fproduct_brand&post=15083"},{"taxonomy":"product_cat","embeddable":true,"href":"https:\/\/specagra.ee\/index.php?rest_route=%2Fwp%2Fv2%2Fproduct_cat&post=15083"},{"taxonomy":"product_tag","embeddable":true,"href":"https:\/\/specagra.ee\/index.php?rest_route=%2Fwp%2Fv2%2Fproduct_tag&post=15083"}],"curies":[{"name":"wp","href":"https:\/\/api.w.org\/{rel}","templated":true}]}}