{"id":1422,"date":"2020-06-09T15:16:30","date_gmt":"2020-06-09T17:16:30","guid":{"rendered":"https:\/\/www.specagra.ee.nemokamossvetaines.hostingas.lt\/?post_type=product&#038;p=1422"},"modified":"2023-02-09T11:09:06","modified_gmt":"2023-02-09T13:09:06","slug":"rozmital-sc","status":"publish","type":"product","link":"https:\/\/specagra.ee\/?product=rozmital-sc","title":{"rendered":"Diskin\u0117s \u0161ienapjov\u0117s Rozmital SC"},"content":{"rendered":"<ul>\n<li>Auk\u0161ta pjovimo kokyb\u0117.<\/li>\n<li>Pjaunamosios disk\u0173 apsaugin\u0117s \u0161li\u016b\u017e\u0117s pagamintas i\u0161 auk\u0161tos kokyb\u0117s plieno.<\/li>\n<li>Pjovimo sija kopijuoja dirvos pavir\u0161iaus nelygumus.<\/li>\n<li>Pjovimo sijos kopijavimas reguliuojamas spyruokl\u0117mis<\/li>\n<li>I\u0161 abiej\u0173 pusi\u0173 esantys sijos tvirtinimo elementai kartu su r\u0117mu sudaro vientis\u0105 blok\u0105.<\/li>\n<li>Papildomos prie\u017ei\u016bros nereikalaujanti, alyva u\u017epildyta pjovimo sija.<\/li>\n<li>Frikcin\u0117 sankaba ant GTV apsaugo \u0161ienapjov\u0119 nuo perkrovos.<\/li>\n<\/ul>\n","protected":false},"excerpt":{"rendered":"<p>Auk\u0161ta pjovimo kokyb\u0117. Pjaunamosios disk\u0173 apsaugin\u0117s \u0161li\u016b\u017e\u0117s pagamintas i\u0161 auk\u0161tos kokyb\u0117s plieno. Pjovimo sija kopijuoja dirvos pavir\u0161iaus nelygumus. Pjovimo sijos kopijavimas reguliuojamas spyruokl\u0117mis I\u0161 abiej\u0173 pusi\u0173 esantys sijos tvirtinimo elementai kartu su r\u0117mu sudaro vientis\u0105 blok\u0105. Papildomos prie\u017ei\u016bros nereikalaujanti, alyva u\u017epildyta pjovimo sija. Frikcin\u0117 sankaba ant GTV apsaugo \u0161ienapjov\u0119 nuo perkrovos.<\/p>\n","protected":false},"featured_media":17739,"template":"","meta":{"_et_pb_use_builder":"","_et_pb_old_content":"","_et_gb_content_width":""},"product_brand":[],"product_cat":[75],"product_tag":[],"class_list":{"0":"post-1422","1":"product","2":"type-product","3":"status-publish","4":"has-post-thumbnail","6":"product_cat-heinaniidukid","8":"first","9":"instock","10":"shipping-taxable","11":"product-type-simple"},"yoast_head":"<!-- This site is optimized with the Yoast SEO plugin v26.4 - https:\/\/yoast.com\/wordpress\/plugins\/seo\/ -->\n<title>Diskin\u0117s \u0161ienapjov\u0117s Rozmital SC - Specagra<\/title>\n<meta name=\"robots\" content=\"index, follow, max-snippet:-1, max-image-preview:large, max-video-preview:-1\" \/>\n<link rel=\"canonical\" href=\"https:\/\/specagra.ee\/?product=rozmital-sc\" \/>\n<meta property=\"og:locale\" content=\"et_EE\" \/>\n<meta property=\"og:type\" content=\"article\" \/>\n<meta property=\"og:title\" content=\"Diskin\u0117s \u0161ienapjov\u0117s Rozmital SC - Specagra\" \/>\n<meta property=\"og:description\" content=\"Auk\u0161ta pjovimo kokyb\u0117. Pjaunamosios disk\u0173 apsaugin\u0117s \u0161li\u016b\u017e\u0117s pagamintas i\u0161 auk\u0161tos kokyb\u0117s plieno. Pjovimo sija kopijuoja dirvos pavir\u0161iaus nelygumus. Pjovimo sijos kopijavimas reguliuojamas spyruokl\u0117mis I\u0161 abiej\u0173 pusi\u0173 esantys sijos tvirtinimo elementai kartu su r\u0117mu sudaro vientis\u0105 blok\u0105. Papildomos prie\u017ei\u016bros nereikalaujanti, alyva u\u017epildyta pjovimo sija. Frikcin\u0117 sankaba ant GTV apsaugo \u0161ienapjov\u0119 nuo perkrovos.\" \/>\n<meta property=\"og:url\" content=\"https:\/\/specagra.ee\/?product=rozmital-sc\" \/>\n<meta property=\"og:site_name\" content=\"Specagra\" \/>\n<meta property=\"article:modified_time\" content=\"2023-02-09T13:09:06+00:00\" \/>\n<meta property=\"og:image\" content=\"https:\/\/www.specagra.ee\/wp-content\/uploads\/2020\/06\/SC.png\" \/>\n\t<meta property=\"og:image:width\" content=\"1280\" \/>\n\t<meta property=\"og:image:height\" content=\"720\" \/>\n\t<meta property=\"og:image:type\" content=\"image\/webp\" \/>\n<meta name=\"twitter:card\" content=\"summary_large_image\" \/>\n<meta name=\"twitter:label1\" content=\"Est. reading time\" \/>\n\t<meta name=\"twitter:data1\" content=\"1 minut\" \/>\n<script type=\"application\/ld+json\" class=\"yoast-schema-graph\">{\"@context\":\"https:\/\/schema.org\",\"@graph\":[{\"@type\":\"WebPage\",\"@id\":\"https:\/\/specagra.ee\/?product=rozmital-sc\",\"url\":\"https:\/\/specagra.ee\/?product=rozmital-sc\",\"name\":\"Diskin\u0117s \u0161ienapjov\u0117s Rozmital SC - Specagra\",\"isPartOf\":{\"@id\":\"https:\/\/specagra.ee\/#website\"},\"primaryImageOfPage\":{\"@id\":\"https:\/\/specagra.ee\/?product=rozmital-sc#primaryimage\"},\"image\":{\"@id\":\"https:\/\/specagra.ee\/?product=rozmital-sc#primaryimage\"},\"thumbnailUrl\":\"https:\/\/specagra.ee\/wp-content\/uploads\/2020\/06\/SC.png\",\"datePublished\":\"2020-06-09T17:16:30+00:00\",\"dateModified\":\"2023-02-09T13:09:06+00:00\",\"breadcrumb\":{\"@id\":\"https:\/\/specagra.ee\/?product=rozmital-sc#breadcrumb\"},\"inLanguage\":\"et\",\"potentialAction\":[{\"@type\":\"ReadAction\",\"target\":[\"https:\/\/specagra.ee\/?product=rozmital-sc\"]}]},{\"@type\":\"ImageObject\",\"inLanguage\":\"et\",\"@id\":\"https:\/\/specagra.ee\/?product=rozmital-sc#primaryimage\",\"url\":\"https:\/\/specagra.ee\/wp-content\/uploads\/2020\/06\/SC.png\",\"contentUrl\":\"https:\/\/specagra.ee\/wp-content\/uploads\/2020\/06\/SC.png\",\"width\":1280,\"height\":720,\"caption\":\"Diskin\u0117s \u0161ienapjov\u0117s Rozmital SC\"},{\"@type\":\"BreadcrumbList\",\"@id\":\"https:\/\/specagra.ee\/?product=rozmital-sc#breadcrumb\",\"itemListElement\":[{\"@type\":\"ListItem\",\"position\":1,\"name\":\"Home\",\"item\":\"https:\/\/www.specagra.ee\/\"},{\"@type\":\"ListItem\",\"position\":2,\"name\":\"P\u00f5llumajandustehnika ja loomakasvatus\",\"item\":\"https:\/\/specagra.ee\/?page_id=18493\"},{\"@type\":\"ListItem\",\"position\":3,\"name\":\"Diskin\u0117s \u0161ienapjov\u0117s Rozmital SC\"}]},{\"@type\":\"WebSite\",\"@id\":\"https:\/\/specagra.ee\/#website\",\"url\":\"https:\/\/specagra.ee\/\",\"name\":\"Specagra\",\"description\":\"P\u00f5llumajandustehnika ja varuosad\",\"publisher\":{\"@id\":\"https:\/\/specagra.ee\/#organization\"},\"potentialAction\":[{\"@type\":\"SearchAction\",\"target\":{\"@type\":\"EntryPoint\",\"urlTemplate\":\"https:\/\/specagra.ee\/?s={search_term_string}\"},\"query-input\":{\"@type\":\"PropertyValueSpecification\",\"valueRequired\":true,\"valueName\":\"search_term_string\"}}],\"inLanguage\":\"et\"},{\"@type\":\"Organization\",\"@id\":\"https:\/\/specagra.ee\/#organization\",\"name\":\"UAB Specagra\",\"url\":\"https:\/\/specagra.ee\/\",\"logo\":{\"@type\":\"ImageObject\",\"inLanguage\":\"et\",\"@id\":\"https:\/\/specagra.ee\/#\/schema\/logo\/image\/\",\"url\":\"http:\/\/www.specagra.ee\/wp-content\/uploads\/2022\/02\/SP-logo_naujas-scaled.jpg\",\"contentUrl\":\"http:\/\/www.specagra.ee\/wp-content\/uploads\/2022\/02\/SP-logo_naujas-scaled.jpg\",\"width\":2560,\"height\":326,\"caption\":\"UAB Specagra\"},\"image\":{\"@id\":\"https:\/\/specagra.ee\/#\/schema\/logo\/image\/\"}}]}<\/script>\n<!-- \/ Yoast SEO plugin. -->","yoast_head_json":{"title":"Diskin\u0117s \u0161ienapjov\u0117s Rozmital SC - Specagra","robots":{"index":"index","follow":"follow","max-snippet":"max-snippet:-1","max-image-preview":"max-image-preview:large","max-video-preview":"max-video-preview:-1"},"canonical":"https:\/\/specagra.ee\/?product=rozmital-sc","og_locale":"et_EE","og_type":"article","og_title":"Diskin\u0117s \u0161ienapjov\u0117s Rozmital SC - Specagra","og_description":"Auk\u0161ta pjovimo kokyb\u0117. Pjaunamosios disk\u0173 apsaugin\u0117s \u0161li\u016b\u017e\u0117s pagamintas i\u0161 auk\u0161tos kokyb\u0117s plieno. Pjovimo sija kopijuoja dirvos pavir\u0161iaus nelygumus. Pjovimo sijos kopijavimas reguliuojamas spyruokl\u0117mis I\u0161 abiej\u0173 pusi\u0173 esantys sijos tvirtinimo elementai kartu su r\u0117mu sudaro vientis\u0105 blok\u0105. Papildomos prie\u017ei\u016bros nereikalaujanti, alyva u\u017epildyta pjovimo sija. Frikcin\u0117 sankaba ant GTV apsaugo \u0161ienapjov\u0119 nuo perkrovos.","og_url":"https:\/\/specagra.ee\/?product=rozmital-sc","og_site_name":"Specagra","article_modified_time":"2023-02-09T13:09:06+00:00","og_image":[{"width":1280,"height":720,"url":"https:\/\/www.specagra.ee\/wp-content\/uploads\/2020\/06\/SC.png","type":"image\/webp"}],"twitter_card":"summary_large_image","twitter_misc":{"Est. reading time":"1 minut"},"schema":{"@context":"https:\/\/schema.org","@graph":[{"@type":"WebPage","@id":"https:\/\/specagra.ee\/?product=rozmital-sc","url":"https:\/\/specagra.ee\/?product=rozmital-sc","name":"Diskin\u0117s \u0161ienapjov\u0117s Rozmital SC - Specagra","isPartOf":{"@id":"https:\/\/specagra.ee\/#website"},"primaryImageOfPage":{"@id":"https:\/\/specagra.ee\/?product=rozmital-sc#primaryimage"},"image":{"@id":"https:\/\/specagra.ee\/?product=rozmital-sc#primaryimage"},"thumbnailUrl":"https:\/\/specagra.ee\/wp-content\/uploads\/2020\/06\/SC.png","datePublished":"2020-06-09T17:16:30+00:00","dateModified":"2023-02-09T13:09:06+00:00","breadcrumb":{"@id":"https:\/\/specagra.ee\/?product=rozmital-sc#breadcrumb"},"inLanguage":"et","potentialAction":[{"@type":"ReadAction","target":["https:\/\/specagra.ee\/?product=rozmital-sc"]}]},{"@type":"ImageObject","inLanguage":"et","@id":"https:\/\/specagra.ee\/?product=rozmital-sc#primaryimage","url":"https:\/\/specagra.ee\/wp-content\/uploads\/2020\/06\/SC.png","contentUrl":"https:\/\/specagra.ee\/wp-content\/uploads\/2020\/06\/SC.png","width":1280,"height":720,"caption":"Diskin\u0117s \u0161ienapjov\u0117s Rozmital SC"},{"@type":"BreadcrumbList","@id":"https:\/\/specagra.ee\/?product=rozmital-sc#breadcrumb","itemListElement":[{"@type":"ListItem","position":1,"name":"Home","item":"https:\/\/www.specagra.ee\/"},{"@type":"ListItem","position":2,"name":"P\u00f5llumajandustehnika ja loomakasvatus","item":"https:\/\/specagra.ee\/?page_id=18493"},{"@type":"ListItem","position":3,"name":"Diskin\u0117s \u0161ienapjov\u0117s Rozmital SC"}]},{"@type":"WebSite","@id":"https:\/\/specagra.ee\/#website","url":"https:\/\/specagra.ee\/","name":"Specagra","description":"P\u00f5llumajandustehnika ja varuosad","publisher":{"@id":"https:\/\/specagra.ee\/#organization"},"potentialAction":[{"@type":"SearchAction","target":{"@type":"EntryPoint","urlTemplate":"https:\/\/specagra.ee\/?s={search_term_string}"},"query-input":{"@type":"PropertyValueSpecification","valueRequired":true,"valueName":"search_term_string"}}],"inLanguage":"et"},{"@type":"Organization","@id":"https:\/\/specagra.ee\/#organization","name":"UAB Specagra","url":"https:\/\/specagra.ee\/","logo":{"@type":"ImageObject","inLanguage":"et","@id":"https:\/\/specagra.ee\/#\/schema\/logo\/image\/","url":"http:\/\/www.specagra.ee\/wp-content\/uploads\/2022\/02\/SP-logo_naujas-scaled.jpg","contentUrl":"http:\/\/www.specagra.ee\/wp-content\/uploads\/2022\/02\/SP-logo_naujas-scaled.jpg","width":2560,"height":326,"caption":"UAB Specagra"},"image":{"@id":"https:\/\/specagra.ee\/#\/schema\/logo\/image\/"}}]}},"_links":{"self":[{"href":"https:\/\/specagra.ee\/index.php?rest_route=\/wp\/v2\/product\/1422","targetHints":{"allow":["GET"]}}],"collection":[{"href":"https:\/\/specagra.ee\/index.php?rest_route=\/wp\/v2\/product"}],"about":[{"href":"https:\/\/specagra.ee\/index.php?rest_route=\/wp\/v2\/types\/product"}],"wp:featuredmedia":[{"embeddable":true,"href":"https:\/\/specagra.ee\/index.php?rest_route=\/wp\/v2\/media\/17739"}],"wp:attachment":[{"href":"https:\/\/specagra.ee\/index.php?rest_route=%2Fwp%2Fv2%2Fmedia&parent=1422"}],"wp:term":[{"taxonomy":"product_brand","embeddable":true,"href":"https:\/\/specagra.ee\/index.php?rest_route=%2Fwp%2Fv2%2Fproduct_brand&post=1422"},{"taxonomy":"product_cat","embeddable":true,"href":"https:\/\/specagra.ee\/index.php?rest_route=%2Fwp%2Fv2%2Fproduct_cat&post=1422"},{"taxonomy":"product_tag","embeddable":true,"href":"https:\/\/specagra.ee\/index.php?rest_route=%2Fwp%2Fv2%2Fproduct_tag&post=1422"}],"curies":[{"name":"wp","href":"https:\/\/api.w.org\/{rel}","templated":true}]}}