{"id":12190,"date":"2020-08-21T05:09:18","date_gmt":"2020-08-21T07:09:18","guid":{"rendered":"https:\/\/www.specagra.ee.nemokamossvetaines.hostingas.lt\/?post_type=product&#038;p=12190"},"modified":"2022-11-23T12:46:15","modified_gmt":"2022-11-23T14:46:15","slug":"techniniai-parametrai-polydress-silopro","status":"publish","type":"product","link":"https:\/\/specagra.ee\/?product=techniniai-parametrai-polydress-silopro","title":{"rendered":"Kaup\u0173 pl\u0117vel\u0117 &#8211; Polydress\u00aeSiloClassics"},"content":{"rendered":"<p><strong>Naudos:<\/strong><\/p>\n<ul>\n<li>Patvirtinta produkto kokyb\u0117<\/li>\n<li>U\u017etikrina ger\u0105 siloso kokyb\u0119<\/li>\n<li>Kainos ir kokyb\u0117s santykis<\/li>\n<li>Tinkama naudoti standartin\u0117mis oro s\u0105lygomis<\/li>\n<\/ul>\n<p><img loading=\"lazy\" decoding=\"async\" class=\"alignnone wp-image-12194\" src=\"http:\/\/www.specagra.ee\/wp-content\/uploads\/2020\/08\/RKW_Product_Polydress-SiloClassics-White-Open-850x600px-630x445-1-300x212.png\" alt=\"\" width=\"269\" height=\"190\" srcset=\"https:\/\/specagra.ee\/wp-content\/uploads\/2020\/08\/RKW_Product_Polydress-SiloClassics-White-Open-850x600px-630x445-1-300x212.png 300w, https:\/\/specagra.ee\/wp-content\/uploads\/2020\/08\/RKW_Product_Polydress-SiloClassics-White-Open-850x600px-630x445-1-600x424.png 600w, https:\/\/specagra.ee\/wp-content\/uploads\/2020\/08\/RKW_Product_Polydress-SiloClassics-White-Open-850x600px-630x445-1-400x284.png 400w, https:\/\/specagra.ee\/wp-content\/uploads\/2020\/08\/RKW_Product_Polydress-SiloClassics-White-Open-850x600px-630x445-1-480x339.png 480w, https:\/\/specagra.ee\/wp-content\/uploads\/2020\/08\/RKW_Product_Polydress-SiloClassics-White-Open-850x600px-630x445-1-100x71.png 100w, https:\/\/specagra.ee\/wp-content\/uploads\/2020\/08\/RKW_Product_Polydress-SiloClassics-White-Open-850x600px-630x445-1.png 630w\" sizes=\"(max-width: 269px) 100vw, 269px\" \/><\/p>\n<p><strong>Apra\u0161as:<\/strong><\/p>\n<p>\u0160vie\u017e\u016bs, sveiki pa\u0161arai lemia ger\u0105 galvij\u0173 sveikat\u0105. Polydress\u00ae SiloClassics yra patikima pl\u0117vel\u0117, u\u017etikrinanti ger\u0105 pieno bei m\u0117sos produkcijos kokyb\u0119 \u016bkyje.<\/p>\n<p>Protingas produkto kainos ir kokyb\u0117s santykis yra optimalus pl\u0117vel\u0117s pasirinkimas, naudojant standartin\u0117mis oro ir dengimo s\u0105lygomis. Plo\u010di\u0173, ilgi\u0173 bei storio \u012fvairov\u0117, Jums si\u016blo lankstum\u0105, atitinkant\u012f specifinius \u016bkio poreikius.\u00a0 Pelnas i\u0161 efektyvaus sprendimo, kuris yra pritaikomas prie J\u016bs\u0173 poreiki\u0173.<\/p>\n","protected":false},"excerpt":{"rendered":"<p>Naudos: Patvirtinta produkto kokyb\u0117 U\u017etikrina ger\u0105 siloso kokyb\u0119 Kainos ir kokyb\u0117s santykis Tinkama naudoti standartin\u0117mis oro s\u0105lygomis Apra\u0161as: \u0160vie\u017e\u016bs, sveiki pa\u0161arai lemia ger\u0105 galvij\u0173 sveikat\u0105. Polydress\u00ae SiloClassics yra patikima pl\u0117vel\u0117, u\u017etikrinanti ger\u0105 pieno bei m\u0117sos produkcijos kokyb\u0119 \u016bkyje. Protingas produkto kainos ir kokyb\u0117s santykis yra optimalus pl\u0117vel\u0117s pasirinkimas, naudojant standartin\u0117mis oro ir dengimo s\u0105lygomis. Plo\u010di\u0173, [&hellip;]<\/p>\n","protected":false},"featured_media":19321,"template":"","meta":{"_et_pb_use_builder":"","_et_pb_old_content":"","_et_gb_content_width":""},"product_brand":[],"product_cat":[119],"product_tag":[],"class_list":{"0":"post-12190","1":"product","2":"type-product","3":"status-publish","4":"has-post-thumbnail","6":"product_cat-silokuhjade-kiled","8":"first","9":"instock","10":"shipping-taxable","11":"product-type-simple"},"yoast_head":"<!-- This site is optimized with the Yoast SEO plugin v26.4 - https:\/\/yoast.com\/wordpress\/plugins\/seo\/ -->\n<title>Kaup\u0173 pl\u0117vel\u0117 - Polydress\u00aeSiloClassics - Specagra<\/title>\n<meta name=\"robots\" content=\"index, follow, max-snippet:-1, max-image-preview:large, max-video-preview:-1\" \/>\n<link rel=\"canonical\" href=\"https:\/\/specagra.ee\/?product=techniniai-parametrai-polydress-silopro\" \/>\n<meta property=\"og:locale\" content=\"et_EE\" \/>\n<meta property=\"og:type\" content=\"article\" \/>\n<meta property=\"og:title\" content=\"Kaup\u0173 pl\u0117vel\u0117 - Polydress\u00aeSiloClassics - Specagra\" \/>\n<meta property=\"og:description\" content=\"Naudos: Patvirtinta produkto kokyb\u0117 U\u017etikrina ger\u0105 siloso kokyb\u0119 Kainos ir kokyb\u0117s santykis Tinkama naudoti standartin\u0117mis oro s\u0105lygomis Apra\u0161as: \u0160vie\u017e\u016bs, sveiki pa\u0161arai lemia ger\u0105 galvij\u0173 sveikat\u0105. Polydress\u00ae SiloClassics yra patikima pl\u0117vel\u0117, u\u017etikrinanti ger\u0105 pieno bei m\u0117sos produkcijos kokyb\u0119 \u016bkyje. Protingas produkto kainos ir kokyb\u0117s santykis yra optimalus pl\u0117vel\u0117s pasirinkimas, naudojant standartin\u0117mis oro ir dengimo s\u0105lygomis. Plo\u010di\u0173, [&hellip;]\" \/>\n<meta property=\"og:url\" content=\"https:\/\/specagra.ee\/?product=techniniai-parametrai-polydress-silopro\" \/>\n<meta property=\"og:site_name\" content=\"Specagra\" \/>\n<meta property=\"article:modified_time\" content=\"2022-11-23T14:46:15+00:00\" \/>\n<meta property=\"og:image\" content=\"https:\/\/www.specagra.ee\/wp-content\/uploads\/2020\/08\/Untitled-design170-2.jpg\" \/>\n\t<meta property=\"og:image:width\" content=\"800\" \/>\n\t<meta property=\"og:image:height\" content=\"800\" \/>\n\t<meta property=\"og:image:type\" content=\"image\/jpeg\" \/>\n<meta name=\"twitter:card\" content=\"summary_large_image\" \/>\n<meta name=\"twitter:label1\" content=\"Est. reading time\" \/>\n\t<meta name=\"twitter:data1\" content=\"1 minut\" \/>\n<script type=\"application\/ld+json\" class=\"yoast-schema-graph\">{\"@context\":\"https:\/\/schema.org\",\"@graph\":[{\"@type\":\"WebPage\",\"@id\":\"https:\/\/specagra.ee\/?product=techniniai-parametrai-polydress-silopro\",\"url\":\"https:\/\/specagra.ee\/?product=techniniai-parametrai-polydress-silopro\",\"name\":\"Kaup\u0173 pl\u0117vel\u0117 - Polydress\u00aeSiloClassics - Specagra\",\"isPartOf\":{\"@id\":\"https:\/\/specagra.ee\/#website\"},\"primaryImageOfPage\":{\"@id\":\"https:\/\/specagra.ee\/?product=techniniai-parametrai-polydress-silopro#primaryimage\"},\"image\":{\"@id\":\"https:\/\/specagra.ee\/?product=techniniai-parametrai-polydress-silopro#primaryimage\"},\"thumbnailUrl\":\"https:\/\/specagra.ee\/wp-content\/uploads\/2020\/08\/Untitled-design170-2.jpg\",\"datePublished\":\"2020-08-21T07:09:18+00:00\",\"dateModified\":\"2022-11-23T14:46:15+00:00\",\"breadcrumb\":{\"@id\":\"https:\/\/specagra.ee\/?product=techniniai-parametrai-polydress-silopro#breadcrumb\"},\"inLanguage\":\"et\",\"potentialAction\":[{\"@type\":\"ReadAction\",\"target\":[\"https:\/\/specagra.ee\/?product=techniniai-parametrai-polydress-silopro\"]}]},{\"@type\":\"ImageObject\",\"inLanguage\":\"et\",\"@id\":\"https:\/\/specagra.ee\/?product=techniniai-parametrai-polydress-silopro#primaryimage\",\"url\":\"https:\/\/specagra.ee\/wp-content\/uploads\/2020\/08\/Untitled-design170-2.jpg\",\"contentUrl\":\"https:\/\/specagra.ee\/wp-content\/uploads\/2020\/08\/Untitled-design170-2.jpg\",\"width\":800,\"height\":800,\"caption\":\"Kaup\u0173 pl\u0117vel\u0117 - Polydress\u00aeSiloClassics\"},{\"@type\":\"BreadcrumbList\",\"@id\":\"https:\/\/specagra.ee\/?product=techniniai-parametrai-polydress-silopro#breadcrumb\",\"itemListElement\":[{\"@type\":\"ListItem\",\"position\":1,\"name\":\"Home\",\"item\":\"https:\/\/www.specagra.ee\/\"},{\"@type\":\"ListItem\",\"position\":2,\"name\":\"P\u00f5llumajandustehnika ja loomakasvatus\",\"item\":\"https:\/\/specagra.ee\/?page_id=18493\"},{\"@type\":\"ListItem\",\"position\":3,\"name\":\"Kaup\u0173 pl\u0117vel\u0117 &#8211; Polydress\u00aeSiloClassics\"}]},{\"@type\":\"WebSite\",\"@id\":\"https:\/\/specagra.ee\/#website\",\"url\":\"https:\/\/specagra.ee\/\",\"name\":\"Specagra\",\"description\":\"P\u00f5llumajandustehnika ja varuosad\",\"publisher\":{\"@id\":\"https:\/\/specagra.ee\/#organization\"},\"potentialAction\":[{\"@type\":\"SearchAction\",\"target\":{\"@type\":\"EntryPoint\",\"urlTemplate\":\"https:\/\/specagra.ee\/?s={search_term_string}\"},\"query-input\":{\"@type\":\"PropertyValueSpecification\",\"valueRequired\":true,\"valueName\":\"search_term_string\"}}],\"inLanguage\":\"et\"},{\"@type\":\"Organization\",\"@id\":\"https:\/\/specagra.ee\/#organization\",\"name\":\"UAB Specagra\",\"url\":\"https:\/\/specagra.ee\/\",\"logo\":{\"@type\":\"ImageObject\",\"inLanguage\":\"et\",\"@id\":\"https:\/\/specagra.ee\/#\/schema\/logo\/image\/\",\"url\":\"http:\/\/www.specagra.ee\/wp-content\/uploads\/2022\/02\/SP-logo_naujas-scaled.jpg\",\"contentUrl\":\"http:\/\/www.specagra.ee\/wp-content\/uploads\/2022\/02\/SP-logo_naujas-scaled.jpg\",\"width\":2560,\"height\":326,\"caption\":\"UAB Specagra\"},\"image\":{\"@id\":\"https:\/\/specagra.ee\/#\/schema\/logo\/image\/\"}}]}<\/script>\n<!-- \/ Yoast SEO plugin. -->","yoast_head_json":{"title":"Kaup\u0173 pl\u0117vel\u0117 - Polydress\u00aeSiloClassics - Specagra","robots":{"index":"index","follow":"follow","max-snippet":"max-snippet:-1","max-image-preview":"max-image-preview:large","max-video-preview":"max-video-preview:-1"},"canonical":"https:\/\/specagra.ee\/?product=techniniai-parametrai-polydress-silopro","og_locale":"et_EE","og_type":"article","og_title":"Kaup\u0173 pl\u0117vel\u0117 - Polydress\u00aeSiloClassics - Specagra","og_description":"Naudos: Patvirtinta produkto kokyb\u0117 U\u017etikrina ger\u0105 siloso kokyb\u0119 Kainos ir kokyb\u0117s santykis Tinkama naudoti standartin\u0117mis oro s\u0105lygomis Apra\u0161as: \u0160vie\u017e\u016bs, sveiki pa\u0161arai lemia ger\u0105 galvij\u0173 sveikat\u0105. Polydress\u00ae SiloClassics yra patikima pl\u0117vel\u0117, u\u017etikrinanti ger\u0105 pieno bei m\u0117sos produkcijos kokyb\u0119 \u016bkyje. Protingas produkto kainos ir kokyb\u0117s santykis yra optimalus pl\u0117vel\u0117s pasirinkimas, naudojant standartin\u0117mis oro ir dengimo s\u0105lygomis. Plo\u010di\u0173, [&hellip;]","og_url":"https:\/\/specagra.ee\/?product=techniniai-parametrai-polydress-silopro","og_site_name":"Specagra","article_modified_time":"2022-11-23T14:46:15+00:00","og_image":[{"width":800,"height":800,"url":"https:\/\/www.specagra.ee\/wp-content\/uploads\/2020\/08\/Untitled-design170-2.jpg","type":"image\/jpeg"}],"twitter_card":"summary_large_image","twitter_misc":{"Est. reading time":"1 minut"},"schema":{"@context":"https:\/\/schema.org","@graph":[{"@type":"WebPage","@id":"https:\/\/specagra.ee\/?product=techniniai-parametrai-polydress-silopro","url":"https:\/\/specagra.ee\/?product=techniniai-parametrai-polydress-silopro","name":"Kaup\u0173 pl\u0117vel\u0117 - Polydress\u00aeSiloClassics - Specagra","isPartOf":{"@id":"https:\/\/specagra.ee\/#website"},"primaryImageOfPage":{"@id":"https:\/\/specagra.ee\/?product=techniniai-parametrai-polydress-silopro#primaryimage"},"image":{"@id":"https:\/\/specagra.ee\/?product=techniniai-parametrai-polydress-silopro#primaryimage"},"thumbnailUrl":"https:\/\/specagra.ee\/wp-content\/uploads\/2020\/08\/Untitled-design170-2.jpg","datePublished":"2020-08-21T07:09:18+00:00","dateModified":"2022-11-23T14:46:15+00:00","breadcrumb":{"@id":"https:\/\/specagra.ee\/?product=techniniai-parametrai-polydress-silopro#breadcrumb"},"inLanguage":"et","potentialAction":[{"@type":"ReadAction","target":["https:\/\/specagra.ee\/?product=techniniai-parametrai-polydress-silopro"]}]},{"@type":"ImageObject","inLanguage":"et","@id":"https:\/\/specagra.ee\/?product=techniniai-parametrai-polydress-silopro#primaryimage","url":"https:\/\/specagra.ee\/wp-content\/uploads\/2020\/08\/Untitled-design170-2.jpg","contentUrl":"https:\/\/specagra.ee\/wp-content\/uploads\/2020\/08\/Untitled-design170-2.jpg","width":800,"height":800,"caption":"Kaup\u0173 pl\u0117vel\u0117 - Polydress\u00aeSiloClassics"},{"@type":"BreadcrumbList","@id":"https:\/\/specagra.ee\/?product=techniniai-parametrai-polydress-silopro#breadcrumb","itemListElement":[{"@type":"ListItem","position":1,"name":"Home","item":"https:\/\/www.specagra.ee\/"},{"@type":"ListItem","position":2,"name":"P\u00f5llumajandustehnika ja loomakasvatus","item":"https:\/\/specagra.ee\/?page_id=18493"},{"@type":"ListItem","position":3,"name":"Kaup\u0173 pl\u0117vel\u0117 &#8211; Polydress\u00aeSiloClassics"}]},{"@type":"WebSite","@id":"https:\/\/specagra.ee\/#website","url":"https:\/\/specagra.ee\/","name":"Specagra","description":"P\u00f5llumajandustehnika ja varuosad","publisher":{"@id":"https:\/\/specagra.ee\/#organization"},"potentialAction":[{"@type":"SearchAction","target":{"@type":"EntryPoint","urlTemplate":"https:\/\/specagra.ee\/?s={search_term_string}"},"query-input":{"@type":"PropertyValueSpecification","valueRequired":true,"valueName":"search_term_string"}}],"inLanguage":"et"},{"@type":"Organization","@id":"https:\/\/specagra.ee\/#organization","name":"UAB Specagra","url":"https:\/\/specagra.ee\/","logo":{"@type":"ImageObject","inLanguage":"et","@id":"https:\/\/specagra.ee\/#\/schema\/logo\/image\/","url":"http:\/\/www.specagra.ee\/wp-content\/uploads\/2022\/02\/SP-logo_naujas-scaled.jpg","contentUrl":"http:\/\/www.specagra.ee\/wp-content\/uploads\/2022\/02\/SP-logo_naujas-scaled.jpg","width":2560,"height":326,"caption":"UAB Specagra"},"image":{"@id":"https:\/\/specagra.ee\/#\/schema\/logo\/image\/"}}]}},"_links":{"self":[{"href":"https:\/\/specagra.ee\/index.php?rest_route=\/wp\/v2\/product\/12190","targetHints":{"allow":["GET"]}}],"collection":[{"href":"https:\/\/specagra.ee\/index.php?rest_route=\/wp\/v2\/product"}],"about":[{"href":"https:\/\/specagra.ee\/index.php?rest_route=\/wp\/v2\/types\/product"}],"wp:featuredmedia":[{"embeddable":true,"href":"https:\/\/specagra.ee\/index.php?rest_route=\/wp\/v2\/media\/19321"}],"wp:attachment":[{"href":"https:\/\/specagra.ee\/index.php?rest_route=%2Fwp%2Fv2%2Fmedia&parent=12190"}],"wp:term":[{"taxonomy":"product_brand","embeddable":true,"href":"https:\/\/specagra.ee\/index.php?rest_route=%2Fwp%2Fv2%2Fproduct_brand&post=12190"},{"taxonomy":"product_cat","embeddable":true,"href":"https:\/\/specagra.ee\/index.php?rest_route=%2Fwp%2Fv2%2Fproduct_cat&post=12190"},{"taxonomy":"product_tag","embeddable":true,"href":"https:\/\/specagra.ee\/index.php?rest_route=%2Fwp%2Fv2%2Fproduct_tag&post=12190"}],"curies":[{"name":"wp","href":"https:\/\/api.w.org\/{rel}","templated":true}]}}